{"id":1135724,"date":"2024-02-06T15:55:11","date_gmt":"2024-02-06T14:55:11","guid":{"rendered":"https:\/\/emtech.nl\/erisim-yok\/"},"modified":"2024-04-01T16:54:17","modified_gmt":"2024-04-01T14:54:17","slug":"erisim-yok","status":"publish","type":"page","link":"https:\/\/emtech.nl\/tr\/erisim-yok\/","title":{"rendered":"Eri\u015fim yok"},"content":{"rendered":"\t\t<div data-elementor-type=\"wp-page\" data-elementor-id=\"1135724\" class=\"elementor elementor-1135724 elementor-1130759\" data-elementor-post-type=\"page\">\n\t\t\t\t\t\t<div class=\"elementor-inner\">\n\t\t\t\t<div class=\"elementor-section-wrap\">\n\t\t\t\t\t\t\t\t\t<section class=\"elementor-section elementor-top-section elementor-element elementor-element-498fbc3 elementor-section-full_width elementor-section-stretched elementor-section-height-default elementor-section-height-default\" data-id=\"498fbc3\" data-element_type=\"section\" data-settings=\"{&quot;background_background&quot;:&quot;classic&quot;,&quot;jet_parallax_layout_list&quot;:[],&quot;stretch_section&quot;:&quot;section-stretched&quot;}\">\n\t\t\t\t\t\t<div class=\"elementor-container elementor-column-gap-default\">\n\t\t\t\t\t\t\t<div class=\"elementor-row\">\n\t\t\t\t\t<div class=\"elementor-column elementor-col-100 elementor-top-column elementor-element elementor-element-2785707\" data-id=\"2785707\" data-element_type=\"column\">\n\t\t\t<div class=\"elementor-column-wrap elementor-element-populated\">\n\t\t\t\t\t\t\t<div class=\"elementor-widget-wrap\">\n\t\t\t\t\t\t<div class=\"elementor-element elementor-element-11cd6ef elementor-widget elementor-widget-icon-box\" data-id=\"11cd6ef\" data-element_type=\"widget\" data-widget_type=\"icon-box.default\">\n\t\t\t\t<div class=\"elementor-widget-container\">\n\t\t\t\t\t<div class=\"elementor-icon-box-wrapper\">\n\t\t\t\t\t\t<div class=\"elementor-icon-box-content\">\n\t\t\t\t<h3 class=\"elementor-icon-box-title\">\n\t\t\t\t\t<span  >\n\t\t\t\t\t\tHata kodu: Eri\u015fim Yok\t\t\t\t\t<\/span>\n\t\t\t\t<\/h3>\n\t\t\t\t\t\t\t\t\t<p class=\"elementor-icon-box-description\">\n\t\t\t\t\t\tG\u00f6r\u00fcn\u00fc\u015fe g\u00f6re \u00f6zel eri\u015fim haklar\u0131 gerektiren bir sayfay\u0131 ziyaret etmeye \u00e7al\u0131\u015f\u0131yorsunuz.  <br>Bu sayfa belirli m\u00fc\u015fterilere ayr\u0131lm\u0131\u015ft\u0131r ve genel eri\u015fime a\u00e7\u0131k de\u011fildir.\n\t\t\t\t\t<\/p>\n\t\t\t\t\t\t\t<\/div>\n\t\t<\/div>\n\t\t\t\t<\/div>\n\t\t\t\t<\/div>\n\t\t\t\t<div class=\"elementor-element elementor-element-dd7837d elementor-widget elementor-widget-text-editor\" data-id=\"dd7837d\" data-element_type=\"widget\" data-widget_type=\"text-editor.default\">\n\t\t\t\t<div class=\"elementor-widget-container\">\n\t\t\t\t\t\t\t\t<div class=\"elementor-text-editor elementor-clearfix\">\n\t\t\t\t<p>Rahats\u0131zl\u0131ktan dolay\u0131 \u00f6z\u00fcr dileriz. A\u015fa\u011f\u0131daki \u00e7\u00f6z\u00fcmlerden birini se\u00e7in:<\/p>\n\t\t\t\t\t<\/div>\n\t\t\t\t\t\t<\/div>\n\t\t\t\t<\/div>\n\t\t\t\t<div class=\"elementor-element elementor-element-725a8f7 elementor-align-left elementor-icon-list--layout-traditional elementor-list-item-link-full_width elementor-widget elementor-widget-icon-list\" data-id=\"725a8f7\" data-element_type=\"widget\" data-widget_type=\"icon-list.default\">\n\t\t\t\t<div class=\"elementor-widget-container\">\n\t\t\t\t\t<ul class=\"elementor-icon-list-items\">\n\t\t\t\t\t\t\t<li class=\"elementor-icon-list-item\">\n\t\t\t\t\t\t\t\t\t\t\t<span class=\"elementor-icon-list-icon\">\n\t\t\t\t\t\t\t<i aria-hidden=\"true\" class=\"iconemtech icon-emtechsearch\"><\/i>\t\t\t\t\t\t<\/span>\n\t\t\t\t\t\t\t\t\t\t<span class=\"elementor-icon-list-text\">Arama yard\u0131m\u0131 i\u00e7in web sitesi ba\u015fl\u0131\u011f\u0131ndaki arama fonksiyonunu kullanarak arama yap\u0131n<u><b> <a href=\"https:\/\/emtech.nl\/tr\/arama-sayfasi\/\">buraya t\u0131klay\u0131n<\/a><\/u><\/b>  <\/span>\n\t\t\t\t\t\t\t\t\t<\/li>\n\t\t\t\t\t\t\t\t<li class=\"elementor-icon-list-item\">\n\t\t\t\t\t\t\t\t\t\t\t<a href=\"https:\/\/emtech.nl\/contact\/\">\n\n\t\t\t\t\t\t\t\t\t\t\t\t<span class=\"elementor-icon-list-icon\">\n\t\t\t\t\t\t\t<i aria-hidden=\"true\" class=\"fas fa-headset\"><\/i>\t\t\t\t\t\t<\/span>\n\t\t\t\t\t\t\t\t\t\t<span class=\"elementor-icon-list-text\"><u>L\u00fctfen m\u00fc\u015fteri hizmetlerimizle ileti\u015fime ge\u00e7in<\/u><\/span>\n\t\t\t\t\t\t\t\t\t\t\t<\/a>\n\t\t\t\t\t\t\t\t\t<\/li>\n\t\t\t\t\t\t\t\t<li class=\"elementor-icon-list-item\">\n\t\t\t\t\t\t\t\t\t\t\t<a href=\"https:\/\/emtech.nl\/tr\/\">\n\n\t\t\t\t\t\t\t\t\t\t\t\t<span class=\"elementor-icon-list-icon\">\n\t\t\t\t\t\t\t<i aria-hidden=\"true\" class=\"fas fa-home\"><\/i>\t\t\t\t\t\t<\/span>\n\t\t\t\t\t\t\t\t\t\t<span class=\"elementor-icon-list-text\"><u>Ana sayfaya d\u00f6n<\/u><\/span>\n\t\t\t\t\t\t\t\t\t\t\t<\/a>\n\t\t\t\t\t\t\t\t\t<\/li>\n\t\t\t\t\t\t<\/ul>\n\t\t\t\t<\/div>\n\t\t\t\t<\/div>\n\t\t\t\t\t\t<\/div>\n\t\t\t\t\t<\/div>\n\t\t<\/div>\n\t\t\t\t\t\t\t\t<\/div>\n\t\t\t\t\t<\/div>\n\t\t<\/section>\n\t\t\t\t\t\t\t\t\t<\/div>\n\t\t\t<\/div>\n\t\t\t\t\t<\/div>\n\t\t","protected":false},"excerpt":{"rendered":"<p>Hata kodu: Eri\u015fim Yok G\u00f6r\u00fcn\u00fc\u015fe g\u00f6re \u00f6zel eri\u015fim haklar\u0131 gerektiren bir sayfay\u0131 ziyaret etmeye \u00e7al\u0131\u015f\u0131yorsunuz. Bu sayfa belirli m\u00fc\u015fterilere ayr\u0131lm\u0131\u015ft\u0131r ve genel eri\u015fime a\u00e7\u0131k de\u011fildir. Rahats\u0131zl\u0131ktan dolay\u0131 \u00f6z\u00fcr dileriz. A\u015fa\u011f\u0131daki \u00e7\u00f6z\u00fcmlerden birini se\u00e7in: Arama yard\u0131m\u0131 i\u00e7in web sitesi ba\u015fl\u0131\u011f\u0131ndaki arama fonksiyonunu kullanarak arama yap\u0131n buraya t\u0131klay\u0131n L\u00fctfen m\u00fc\u015fteri hizmetlerimizle ileti\u015fime ge\u00e7in Ana sayfaya d\u00f6n<\/p>\n","protected":false},"author":2,"featured_media":0,"parent":0,"menu_order":0,"comment_status":"closed","ping_status":"closed","template":"","meta":{"footnotes":""},"acf":[],"yoast_head":"<!-- This site is optimized with the Yoast SEO Premium plugin v22.3 (Yoast SEO v22.3) - https:\/\/yoast.com\/wordpress\/plugins\/seo\/ -->\n<title>Eri\u015fim yok | EMtech Industrial Repairs<\/title>\n<meta name=\"description\" content=\"Swift repairs based on expertise\" \/>\n<meta name=\"robots\" content=\"index, follow, max-snippet:-1, max-image-preview:large, max-video-preview:-1\" \/>\n<link rel=\"canonical\" href=\"https:\/\/emtech.nl\/tr\/erisim-yok\/\" \/>\n<meta property=\"og:locale\" content=\"tr_TR\" \/>\n<meta property=\"og:type\" content=\"article\" \/>\n<meta property=\"og:title\" content=\"Eri\u015fim yok\" \/>\n<meta property=\"og:description\" content=\"Swift repairs based on expertise\" \/>\n<meta property=\"og:url\" content=\"https:\/\/emtech.nl\/tr\/erisim-yok\/\" \/>\n<meta property=\"og:site_name\" content=\"EMtech Industrial Repairs\" \/>\n<meta property=\"article:modified_time\" content=\"2024-04-01T14:54:17+00:00\" \/>\n<meta property=\"og:image\" content=\"https:\/\/emtech.nl\/wp-content\/uploads\/2024\/01\/emtech_logo.png\" \/>\n\t<meta property=\"og:image:width\" content=\"1200\" \/>\n\t<meta property=\"og:image:height\" content=\"675\" \/>\n\t<meta property=\"og:image:type\" content=\"image\/png\" \/>\n<meta name=\"twitter:card\" content=\"summary_large_image\" \/>\n<script type=\"application\/ld+json\" class=\"yoast-schema-graph\">{\"@context\":\"https:\/\/schema.org\",\"@graph\":[{\"@type\":\"WebPage\",\"@id\":\"https:\/\/emtech.nl\/tr\/erisim-yok\/\",\"url\":\"https:\/\/emtech.nl\/tr\/erisim-yok\/\",\"name\":\"Eri\u015fim yok | EMtech Industrial Repairs\",\"isPartOf\":{\"@id\":\"https:\/\/emtech.nl\/#website\"},\"datePublished\":\"2024-02-06T14:55:11+00:00\",\"dateModified\":\"2024-04-01T14:54:17+00:00\",\"description\":\"Swift repairs based on expertise\",\"breadcrumb\":{\"@id\":\"https:\/\/emtech.nl\/tr\/erisim-yok\/#breadcrumb\"},\"inLanguage\":\"tr\",\"potentialAction\":[{\"@type\":\"ReadAction\",\"target\":[\"https:\/\/emtech.nl\/tr\/erisim-yok\/\"]}]},{\"@type\":\"BreadcrumbList\",\"@id\":\"https:\/\/emtech.nl\/tr\/erisim-yok\/#breadcrumb\",\"itemListElement\":[{\"@type\":\"ListItem\",\"position\":1,\"name\":\"Home\",\"item\":\"https:\/\/emtech.nl\/\"},{\"@type\":\"ListItem\",\"position\":2,\"name\":\"Eri\u015fim yok\"}]},{\"@type\":\"WebSite\",\"@id\":\"https:\/\/emtech.nl\/#website\",\"url\":\"https:\/\/emtech.nl\/\",\"name\":\"EMtech Industrial Repairs\",\"description\":\"Swift repairs based on expertise\",\"publisher\":{\"@id\":\"https:\/\/emtech.nl\/#organization\"},\"alternateName\":\"EMtech\",\"potentialAction\":[{\"@type\":\"SearchAction\",\"target\":{\"@type\":\"EntryPoint\",\"urlTemplate\":\"https:\/\/emtech.nl\/?s={search_term_string}\"},\"query-input\":\"required name=search_term_string\"}],\"inLanguage\":\"tr\"},{\"@type\":\"Organization\",\"@id\":\"https:\/\/emtech.nl\/#organization\",\"name\":\"EMtech Industrial Repairs bv\",\"alternateName\":\"EMtech\",\"url\":\"https:\/\/emtech.nl\/\",\"logo\":{\"@type\":\"ImageObject\",\"inLanguage\":\"tr\",\"@id\":\"https:\/\/emtech.nl\/#\/schema\/logo\/image\/\",\"url\":\"https:\/\/emtech.nl\/wp-content\/uploads\/2024\/02\/emtech_logo_400px_400px.jpg\",\"contentUrl\":\"https:\/\/emtech.nl\/wp-content\/uploads\/2024\/02\/emtech_logo_400px_400px.jpg\",\"width\":400,\"height\":400,\"caption\":\"EMtech Industrial Repairs bv\"},\"image\":{\"@id\":\"https:\/\/emtech.nl\/#\/schema\/logo\/image\/\"},\"sameAs\":[\"https:\/\/www.linkedin.com\/company\/emtech-industrial-repairs-bv\/\",\"https:\/\/www.youtube.com\/@emtechindustrialrepairs4219\"],\"description\":\"EMtech is een Team professionele Research & Repair Engineers met passie en focus voor reparatie van defecte industri\u00eble elektronica gevestigd in Brainport Helmond, vlak naast Eindhoven. EMtech specialiseert zich in de ondersteuning van grote continu industrie door professionele snelle reparaties van besturingselektronica.\",\"email\":\"verkoop@emtech.nl\",\"telephone\":\"+31 492 472 410\",\"legalName\":\"EMtech Industrial Repairs bv\",\"foundingDate\":\"2006-01-01\",\"vatID\":\"NL817122357B01\",\"numberOfEmployees\":{\"@type\":\"QuantitativeValue\",\"minValue\":\"11\",\"maxValue\":\"50\"}}]}<\/script>\n<!-- \/ Yoast SEO Premium plugin. -->","yoast_head_json":{"title":"Eri\u015fim yok | EMtech Industrial Repairs","description":"Swift repairs based on expertise","robots":{"index":"index","follow":"follow","max-snippet":"max-snippet:-1","max-image-preview":"max-image-preview:large","max-video-preview":"max-video-preview:-1"},"canonical":"https:\/\/emtech.nl\/tr\/erisim-yok\/","og_locale":"tr_TR","og_type":"article","og_title":"Eri\u015fim yok","og_description":"Swift repairs based on expertise","og_url":"https:\/\/emtech.nl\/tr\/erisim-yok\/","og_site_name":"EMtech Industrial Repairs","article_modified_time":"2024-04-01T14:54:17+00:00","og_image":[{"width":1200,"height":675,"url":"https:\/\/emtech.nl\/wp-content\/uploads\/2024\/01\/emtech_logo.png","type":"image\/png"}],"twitter_card":"summary_large_image","schema":{"@context":"https:\/\/schema.org","@graph":[{"@type":"WebPage","@id":"https:\/\/emtech.nl\/tr\/erisim-yok\/","url":"https:\/\/emtech.nl\/tr\/erisim-yok\/","name":"Eri\u015fim yok | EMtech Industrial Repairs","isPartOf":{"@id":"https:\/\/emtech.nl\/#website"},"datePublished":"2024-02-06T14:55:11+00:00","dateModified":"2024-04-01T14:54:17+00:00","description":"Swift repairs based on expertise","breadcrumb":{"@id":"https:\/\/emtech.nl\/tr\/erisim-yok\/#breadcrumb"},"inLanguage":"tr","potentialAction":[{"@type":"ReadAction","target":["https:\/\/emtech.nl\/tr\/erisim-yok\/"]}]},{"@type":"BreadcrumbList","@id":"https:\/\/emtech.nl\/tr\/erisim-yok\/#breadcrumb","itemListElement":[{"@type":"ListItem","position":1,"name":"Home","item":"https:\/\/emtech.nl\/"},{"@type":"ListItem","position":2,"name":"Eri\u015fim yok"}]},{"@type":"WebSite","@id":"https:\/\/emtech.nl\/#website","url":"https:\/\/emtech.nl\/","name":"EMtech Industrial Repairs","description":"Swift repairs based on expertise","publisher":{"@id":"https:\/\/emtech.nl\/#organization"},"alternateName":"EMtech","potentialAction":[{"@type":"SearchAction","target":{"@type":"EntryPoint","urlTemplate":"https:\/\/emtech.nl\/?s={search_term_string}"},"query-input":"required name=search_term_string"}],"inLanguage":"tr"},{"@type":"Organization","@id":"https:\/\/emtech.nl\/#organization","name":"EMtech Industrial Repairs bv","alternateName":"EMtech","url":"https:\/\/emtech.nl\/","logo":{"@type":"ImageObject","inLanguage":"tr","@id":"https:\/\/emtech.nl\/#\/schema\/logo\/image\/","url":"https:\/\/emtech.nl\/wp-content\/uploads\/2024\/02\/emtech_logo_400px_400px.jpg","contentUrl":"https:\/\/emtech.nl\/wp-content\/uploads\/2024\/02\/emtech_logo_400px_400px.jpg","width":400,"height":400,"caption":"EMtech Industrial Repairs bv"},"image":{"@id":"https:\/\/emtech.nl\/#\/schema\/logo\/image\/"},"sameAs":["https:\/\/www.linkedin.com\/company\/emtech-industrial-repairs-bv\/","https:\/\/www.youtube.com\/@emtechindustrialrepairs4219"],"description":"EMtech is een Team professionele Research & Repair Engineers met passie en focus voor reparatie van defecte industri\u00eble elektronica gevestigd in Brainport Helmond, vlak naast Eindhoven. EMtech specialiseert zich in de ondersteuning van grote continu industrie door professionele snelle reparaties van besturingselektronica.","email":"verkoop@emtech.nl","telephone":"+31 492 472 410","legalName":"EMtech Industrial Repairs bv","foundingDate":"2006-01-01","vatID":"NL817122357B01","numberOfEmployees":{"@type":"QuantitativeValue","minValue":"11","maxValue":"50"}}]}},"_links":{"self":[{"href":"https:\/\/emtech.nl\/tr\/wp-json\/wp\/v2\/pages\/1135724"}],"collection":[{"href":"https:\/\/emtech.nl\/tr\/wp-json\/wp\/v2\/pages"}],"about":[{"href":"https:\/\/emtech.nl\/tr\/wp-json\/wp\/v2\/types\/page"}],"author":[{"embeddable":true,"href":"https:\/\/emtech.nl\/tr\/wp-json\/wp\/v2\/users\/2"}],"replies":[{"embeddable":true,"href":"https:\/\/emtech.nl\/tr\/wp-json\/wp\/v2\/comments?post=1135724"}],"version-history":[{"count":0,"href":"https:\/\/emtech.nl\/tr\/wp-json\/wp\/v2\/pages\/1135724\/revisions"}],"wp:attachment":[{"href":"https:\/\/emtech.nl\/tr\/wp-json\/wp\/v2\/media?parent=1135724"}],"curies":[{"name":"wp","href":"https:\/\/api.w.org\/{rel}","templated":true}]}}