{"id":1137637,"date":"2021-02-25T11:05:12","date_gmt":"2021-02-25T10:05:12","guid":{"rendered":"https:\/\/emtech.nl\/prodaja\/"},"modified":"2025-12-17T10:37:20","modified_gmt":"2025-12-17T09:37:20","slug":"prodaja","status":"publish","type":"page","link":"https:\/\/emtech.nl\/sl\/prodaja\/","title":{"rendered":"Prodaja"},"content":{"rendered":"\t\t<div data-elementor-type=\"wp-page\" data-elementor-id=\"1137637\" class=\"elementor elementor-1137637 elementor-484\" data-elementor-post-type=\"page\">\n\t\t\t\t\t\t<div class=\"elementor-inner\">\n\t\t\t\t<div class=\"elementor-section-wrap\">\n\t\t\t\t\t\t\t\t\t<section class=\"elementor-section elementor-top-section elementor-element elementor-element-58c2232 elementor-section-full_width elementor-section-height-default elementor-section-height-default\" data-id=\"58c2232\" data-element_type=\"section\" data-settings=\"{&quot;jet_parallax_layout_list&quot;:[],&quot;background_background&quot;:&quot;classic&quot;}\">\n\t\t\t\t\t\t<div class=\"elementor-container elementor-column-gap-default\">\n\t\t\t\t\t\t\t<div class=\"elementor-row\">\n\t\t\t\t\t<div class=\"elementor-column elementor-col-100 elementor-top-column elementor-element elementor-element-eecf570\" data-id=\"eecf570\" data-element_type=\"column\">\n\t\t\t<div class=\"elementor-column-wrap elementor-element-populated\">\n\t\t\t\t\t\t\t<div class=\"elementor-widget-wrap\">\n\t\t\t\t\t\t<div class=\"elementor-element elementor-element-938c95f elementor-widget elementor-widget-heading\" data-id=\"938c95f\" data-element_type=\"widget\" data-widget_type=\"heading.default\">\n\t\t\t\t<div class=\"elementor-widget-container\">\n\t\t\t<h1 class=\"elementor-heading-title elementor-size-default\">Prodaja<\/h1>\t\t<\/div>\n\t\t\t\t<\/div>\n\t\t\t\t\t\t<\/div>\n\t\t\t\t\t<\/div>\n\t\t<\/div>\n\t\t\t\t\t\t\t\t<\/div>\n\t\t\t\t\t<\/div>\n\t\t<\/section>\n\t\t\t\t<section class=\"elementor-section elementor-top-section elementor-element elementor-element-757b101 elementor-section-full_width elementor-section-height-default elementor-section-height-default\" data-id=\"757b101\" data-element_type=\"section\" data-settings=\"{&quot;jet_parallax_layout_list&quot;:[],&quot;background_background&quot;:&quot;classic&quot;}\">\n\t\t\t\t\t\t<div class=\"elementor-container elementor-column-gap-default\">\n\t\t\t\t\t\t\t<div class=\"elementor-row\">\n\t\t\t\t\t<div class=\"elementor-column elementor-col-50 elementor-top-column elementor-element elementor-element-1d16fe1\" data-id=\"1d16fe1\" data-element_type=\"column\">\n\t\t\t<div class=\"elementor-column-wrap elementor-element-populated\">\n\t\t\t\t\t\t\t<div class=\"elementor-widget-wrap\">\n\t\t\t\t\t\t<div class=\"elementor-element elementor-element-f47ee8c elementor-widget elementor-widget-text-editor\" data-id=\"f47ee8c\" data-element_type=\"widget\" data-widget_type=\"text-editor.default\">\n\t\t\t\t<div class=\"elementor-widget-container\">\n\t\t\t\t\t\t\t\t<div class=\"elementor-text-editor elementor-clearfix\">\n\t\t\t\t<div><span style=\"color: #000000;\">Poleg popravil je vse ve\u010d povpra\u0161evanja po zalogi rezervnih elementov za takoj\u0161njo zamenjavo v primeru nepri\u010dakovanih okvar strojev in izpadov proizvodnje. Poleg lastne zaloge ima EMtech zaradi zanesljive mednarodne mre\u017ee partnerjev na voljo ogromno zalogo testiranih obnovljenih zastarelih izdelkov. Za najbolj kriti\u010dne izdelke v va\u0161ih proizvodnih linijah, kjer je v primeru nepri\u010dakovane okvare potrebna takoj\u0161nja zamenjava, imate na polici rezervno enoto. Okvarjeno enoto lahko nato hitro popravimo in jo nato odlo\u017eimo v skladi\u0161\u010de kot rezervno enoto. Na ta na\u010din lahko ohranite svojo trenutno proizvodno linijo v zanesljivem delovanju v prihodnjih letih brez takoj\u0161nje, drage migracije na sodobnej\u0161i sistem.<\/span><\/div>\n<div> <\/div>\n\t\t\t\t\t<\/div>\n\t\t\t\t\t\t<\/div>\n\t\t\t\t<\/div>\n\t\t\t\t\t\t<\/div>\n\t\t\t\t\t<\/div>\n\t\t<\/div>\n\t\t\t\t<div class=\"elementor-column elementor-col-50 elementor-top-column elementor-element elementor-element-53f7a67\" data-id=\"53f7a67\" data-element_type=\"column\">\n\t\t\t<div class=\"elementor-column-wrap elementor-element-populated\">\n\t\t\t\t\t\t\t<div class=\"elementor-widget-wrap\">\n\t\t\t\t\t\t<div class=\"elementor-element elementor-element-704d010 elementor-widget elementor-widget-image\" data-id=\"704d010\" data-element_type=\"widget\" data-widget_type=\"image.default\">\n\t\t\t\t<div class=\"elementor-widget-container\">\n\t\t\t\t\t\t\t\t<div class=\"elementor-image\">\n\t\t\t\t\t\t\t\t\t<figure class=\"wp-caption\">\n\t\t\t\t\t\t\t\t\t\t<img fetchpriority=\"high\" decoding=\"async\" width=\"1024\" height=\"547\" src=\"https:\/\/emtech.nl\/wp-content\/uploads\/2021\/02\/Ontwerp-zonder-titel-11-1024x547.png\" class=\"attachment-large size-large wp-image-486\" alt=\"\" srcset=\"https:\/\/emtech.nl\/wp-content\/uploads\/2021\/02\/Ontwerp-zonder-titel-11-1024x547.png 1024w, https:\/\/emtech.nl\/wp-content\/uploads\/2021\/02\/Ontwerp-zonder-titel-11-600x321.png 600w, https:\/\/emtech.nl\/wp-content\/uploads\/2021\/02\/Ontwerp-zonder-titel-11-300x160.png 300w, https:\/\/emtech.nl\/wp-content\/uploads\/2021\/02\/Ontwerp-zonder-titel-11-768x410.png 768w, https:\/\/emtech.nl\/wp-content\/uploads\/2021\/02\/Ontwerp-zonder-titel-11-1536x821.png 1536w, https:\/\/emtech.nl\/wp-content\/uploads\/2021\/02\/Ontwerp-zonder-titel-11-2048x1094.png 2048w, https:\/\/emtech.nl\/wp-content\/uploads\/2021\/02\/Ontwerp-zonder-titel-11.png 1920w\" sizes=\"(max-width: 1024px) 100vw, 1024px\" \/>\t\t\t\t\t\t\t\t\t\t\t<figcaption class=\"widget-image-caption wp-caption-text\">Rezervni deli<\/figcaption>\n\t\t\t\t\t\t\t\t\t\t<\/figure>\n\t\t\t\t\t\t\t\t<\/div>\n\t\t\t\t\t\t<\/div>\n\t\t\t\t<\/div>\n\t\t\t\t\t\t<\/div>\n\t\t\t\t\t<\/div>\n\t\t<\/div>\n\t\t\t\t\t\t\t\t<\/div>\n\t\t\t\t\t<\/div>\n\t\t<\/section>\n\t\t\t\t<section class=\"elementor-section elementor-top-section elementor-element elementor-element-fa9e0a2 elementor-section-full_width elementor-section-height-default elementor-section-height-default\" data-id=\"fa9e0a2\" data-element_type=\"section\" data-settings=\"{&quot;jet_parallax_layout_list&quot;:[],&quot;background_background&quot;:&quot;classic&quot;}\">\n\t\t\t\t\t\t<div class=\"elementor-container elementor-column-gap-default\">\n\t\t\t\t\t\t\t<div class=\"elementor-row\">\n\t\t\t\t\t<div class=\"elementor-column elementor-col-100 elementor-top-column elementor-element elementor-element-6adeb94\" data-id=\"6adeb94\" data-element_type=\"column\">\n\t\t\t<div class=\"elementor-column-wrap elementor-element-populated\">\n\t\t\t\t\t\t\t<div class=\"elementor-widget-wrap\">\n\t\t\t\t\t\t<div class=\"elementor-element elementor-element-292aebf elementor-widget elementor-widget-jet-animated-text\" data-id=\"292aebf\" data-element_type=\"widget\" data-widget_type=\"jet-animated-text.default\">\n\t\t\t\t<div class=\"elementor-widget-container\">\n\t\t\t<div class=\"elementor-jet-animated-text jet-elements\">\n<div class=\"jet-animated-text jet-animated-text--effect-fx4\" data-settings='{\"effect\":\"fx4\",\"delay\":1000}'>\n\t<div class=\"jet-animated-text__before-text\">\n\t<span>Osredoto\u010diti<\/span>&nbsp;<span>se<\/span>&nbsp;<span>na<\/span>&nbsp;<\/div>\n\t<div class=\"jet-animated-text__animated-text\">\n<div class=\"jet-animated-text__animated-text-item active visible\" dir=\"ltr\">\n\t<span>I<\/span><span>n<\/span><span>o<\/span><span>v<\/span><span>a<\/span><span>t<\/span><span>i<\/span><span>v<\/span><span>n<\/span><span>o<\/span><span>s<\/span><span>t<\/span><\/div>\n<div class=\"jet-animated-text__animated-text-item\" dir=\"ltr\">\n\t<span>T<\/span><span>r<\/span><span>a<\/span><span>j<\/span><span>n<\/span><span>o<\/span><span>s<\/span><span>t<\/span><\/div>\n<div class=\"jet-animated-text__animated-text-item\" dir=\"ltr\">\n\t<span>D<\/span><span>o<\/span><span>n<\/span><span>o<\/span><span>s<\/span><span>n<\/span><span>o<\/span><span>s<\/span><span>t<\/span><span>&nbsp;<\/span><span>n<\/span><span>a<\/span><span>l<\/span><span>o<\/span><span>\u017e<\/span><span>b<\/span><span>e<\/span><span>&nbsp;<\/span><span>(<\/span><span>R<\/span><span>O<\/span><span>I<\/span><span>)<\/span><\/div>\n<\/div>\t<\/div><\/div>\t\t<\/div>\n\t\t\t\t<\/div>\n\t\t\t\t<div class=\"elementor-element elementor-element-597a199 elementor-widget elementor-widget-text-editor\" data-id=\"597a199\" data-element_type=\"widget\" data-widget_type=\"text-editor.default\">\n\t\t\t\t<div class=\"elementor-widget-container\">\n\t\t\t\t\t\t\t\t<div class=\"elementor-text-editor elementor-clearfix\">\n\t\t\t\t<div><span style=\"color: #000000;\">Poleg popravil je vse ve\u010d povpra\u0161evanja po zalogi rezervnih elementov za takoj\u0161njo zamenjavo v primeru nepri\u010dakovanih okvar strojev in izpadov proizvodnje. EMtech je naslednji&nbsp; lastna zaloga ogromna zaloga testiranih obnovljenih zastarelih izdelkov, ki jih ima na voljo zahvaljujo\u010d zanesljivi mednarodni partnerski mre\u017ei. Za ve\u010dino&nbsp; kriti\u010dnih izdelkov v va\u0161ih proizvodnih linijah, kjer je v primeru nepri\u010dakovane okvare potrebna takoj\u0161nja zamenjava, imate rezervno enoto na polici. Tisti z napako&nbsp; Enoto lahko nato hitro popravimo in uporabimo kot rezervno enoto&nbsp; skladi\u0161\u010de. Tako lahko svojo trenutno proizvodno linijo uporabljate v prihodnjih letih&nbsp; zanesljivo delovanje brez takoj\u0161nje, drage migracije na sodobnej\u0161i sistem.<\/span><\/div>\n\t\t\t\t\t<\/div>\n\t\t\t\t\t\t<\/div>\n\t\t\t\t<\/div>\n\t\t\t\t<div class=\"elementor-element elementor-element-f5378c2 elementor-widget elementor-widget-text-editor\" data-id=\"f5378c2\" data-element_type=\"widget\" data-widget_type=\"text-editor.default\">\n\t\t\t\t<div class=\"elementor-widget-container\">\n\t\t\t\t\t\t\t\t<div class=\"elementor-text-editor elementor-clearfix\">\n\t\t\t\t<p>Od nas lahko zahtevate dostavo artiklov glede na \u0161tevilko artikla.<\/p>\n\t\t\t\t\t<\/div>\n\t\t\t\t\t\t<\/div>\n\t\t\t\t<\/div>\n\t\t\t\t<div class=\"elementor-element elementor-element-01b0b25 elementor-align-left elementor-widget elementor-widget-button\" data-id=\"01b0b25\" data-element_type=\"widget\" data-widget_type=\"button.default\">\n\t\t\t\t<div class=\"elementor-widget-container\">\n\t\t\t\t\t<div class=\"elementor-button-wrapper\">\n\t\t\t<a class=\"elementor-button elementor-button-link elementor-size-sm\" href=\"https:\/\/emtech.nl\/sl\/stran-za-iskanje\/\">\n\t\t\t\t\t\t<span class=\"elementor-button-content-wrapper\">\n\t\t\t\t\t\t<span class=\"elementor-button-text\">Klikni tukaj<\/span>\n\t\t<\/span>\n\t\t\t\t\t<\/a>\n\t\t<\/div>\n\t\t\t\t<\/div>\n\t\t\t\t<\/div>\n\t\t\t\t\t\t<\/div>\n\t\t\t\t\t<\/div>\n\t\t<\/div>\n\t\t\t\t\t\t\t\t<\/div>\n\t\t\t\t\t<\/div>\n\t\t<\/section>\n\t\t\t\t\t\t\t\t\t<\/div>\n\t\t\t<\/div>\n\t\t\t\t\t<\/div>\n\t\t","protected":false},"excerpt":{"rendered":"<p>Prodaja Poleg popravil je vse ve\u010d povpra\u0161evanja po zalogi rezervnih elementov za takoj\u0161njo zamenjavo v primeru nepri\u010dakovanih okvar strojev in izpadov proizvodnje. Poleg lastne zaloge ima EMtech zaradi zanesljive mednarodne mre\u017ee partnerjev na voljo ogromno zalogo testiranih obnovljenih zastarelih izdelkov. Za najbolj kriti\u010dne izdelke v va\u0161ih proizvodnih linijah, kjer je v primeru nepri\u010dakovane okvare potrebna [&hellip;]<\/p>\n","protected":false},"author":2,"featured_media":0,"parent":0,"menu_order":0,"comment_status":"closed","ping_status":"closed","template":"","meta":{"footnotes":""},"acf":[],"yoast_head":"<!-- This site is optimized with the Yoast SEO Premium plugin v22.3 (Yoast SEO v22.3) - https:\/\/yoast.com\/wordpress\/plugins\/seo\/ -->\n<title>Prodaja | EMtech Industrial Repairs<\/title>\n<meta name=\"description\" content=\"Swift repairs based on expertise\" \/>\n<meta name=\"robots\" content=\"index, follow, max-snippet:-1, max-image-preview:large, max-video-preview:-1\" \/>\n<link rel=\"canonical\" href=\"https:\/\/emtech.nl\/sl\/prodaja\/\" \/>\n<meta property=\"og:locale\" content=\"sl_SI\" \/>\n<meta property=\"og:type\" content=\"article\" \/>\n<meta property=\"og:title\" content=\"Prodaja\" \/>\n<meta property=\"og:description\" content=\"Swift repairs based on expertise\" \/>\n<meta property=\"og:url\" content=\"https:\/\/emtech.nl\/sl\/prodaja\/\" \/>\n<meta property=\"og:site_name\" content=\"EMtech Industrial Repairs\" \/>\n<meta property=\"article:modified_time\" content=\"2025-12-17T09:37:20+00:00\" \/>\n<meta property=\"og:image\" content=\"https:\/\/emtech.nl\/wp-content\/uploads\/2021\/02\/Ontwerp-zonder-titel-11-1024x547.png\" \/>\n<meta name=\"twitter:card\" content=\"summary_large_image\" \/>\n<meta name=\"twitter:label1\" content=\"Est. reading time\" \/>\n\t<meta name=\"twitter:data1\" content=\"1 minuta\" \/>\n<script type=\"application\/ld+json\" class=\"yoast-schema-graph\">{\"@context\":\"https:\/\/schema.org\",\"@graph\":[{\"@type\":\"WebPage\",\"@id\":\"https:\/\/emtech.nl\/sl\/prodaja\/\",\"url\":\"https:\/\/emtech.nl\/sl\/prodaja\/\",\"name\":\"Prodaja | EMtech Industrial Repairs\",\"isPartOf\":{\"@id\":\"https:\/\/emtech.nl\/#website\"},\"primaryImageOfPage\":{\"@id\":\"https:\/\/emtech.nl\/sl\/prodaja\/#primaryimage\"},\"image\":{\"@id\":\"https:\/\/emtech.nl\/sl\/prodaja\/#primaryimage\"},\"thumbnailUrl\":\"https:\/\/emtech.nl\/wp-content\/uploads\/2021\/02\/Ontwerp-zonder-titel-11-1024x547.png\",\"datePublished\":\"2021-02-25T10:05:12+00:00\",\"dateModified\":\"2025-12-17T09:37:20+00:00\",\"description\":\"Swift repairs based on expertise\",\"breadcrumb\":{\"@id\":\"https:\/\/emtech.nl\/sl\/prodaja\/#breadcrumb\"},\"inLanguage\":\"sl-SI\",\"potentialAction\":[{\"@type\":\"ReadAction\",\"target\":[\"https:\/\/emtech.nl\/sl\/prodaja\/\"]}]},{\"@type\":\"ImageObject\",\"inLanguage\":\"sl-SI\",\"@id\":\"https:\/\/emtech.nl\/sl\/prodaja\/#primaryimage\",\"url\":\"https:\/\/emtech.nl\/wp-content\/uploads\/2021\/02\/Ontwerp-zonder-titel-11.png\",\"contentUrl\":\"https:\/\/emtech.nl\/wp-content\/uploads\/2021\/02\/Ontwerp-zonder-titel-11.png\",\"width\":1920,\"height\":1026},{\"@type\":\"BreadcrumbList\",\"@id\":\"https:\/\/emtech.nl\/sl\/prodaja\/#breadcrumb\",\"itemListElement\":[{\"@type\":\"ListItem\",\"position\":1,\"name\":\"Home\",\"item\":\"https:\/\/emtech.nl\/\"},{\"@type\":\"ListItem\",\"position\":2,\"name\":\"Prodaja\"}]},{\"@type\":\"WebSite\",\"@id\":\"https:\/\/emtech.nl\/#website\",\"url\":\"https:\/\/emtech.nl\/\",\"name\":\"EMtech Industrial Repairs\",\"description\":\"Swift repairs based on expertise\",\"publisher\":{\"@id\":\"https:\/\/emtech.nl\/#organization\"},\"alternateName\":\"EMtech\",\"potentialAction\":[{\"@type\":\"SearchAction\",\"target\":{\"@type\":\"EntryPoint\",\"urlTemplate\":\"https:\/\/emtech.nl\/?s={search_term_string}\"},\"query-input\":\"required name=search_term_string\"}],\"inLanguage\":\"sl-SI\"},{\"@type\":\"Organization\",\"@id\":\"https:\/\/emtech.nl\/#organization\",\"name\":\"EMtech Industrial Repairs bv\",\"alternateName\":\"EMtech\",\"url\":\"https:\/\/emtech.nl\/\",\"logo\":{\"@type\":\"ImageObject\",\"inLanguage\":\"sl-SI\",\"@id\":\"https:\/\/emtech.nl\/#\/schema\/logo\/image\/\",\"url\":\"https:\/\/emtech.nl\/wp-content\/uploads\/2024\/02\/emtech_logo_400px_400px.jpg\",\"contentUrl\":\"https:\/\/emtech.nl\/wp-content\/uploads\/2024\/02\/emtech_logo_400px_400px.jpg\",\"width\":400,\"height\":400,\"caption\":\"EMtech Industrial Repairs bv\"},\"image\":{\"@id\":\"https:\/\/emtech.nl\/#\/schema\/logo\/image\/\"},\"sameAs\":[\"https:\/\/www.linkedin.com\/company\/emtech-industrial-repairs-bv\/\",\"https:\/\/www.youtube.com\/@emtechindustrialrepairs4219\"],\"description\":\"EMtech is een Team professionele Research & Repair Engineers met passie en focus voor reparatie van defecte industri\u00eble elektronica gevestigd in Brainport Helmond, vlak naast Eindhoven. EMtech specialiseert zich in de ondersteuning van grote continu industrie door professionele snelle reparaties van besturingselektronica.\",\"email\":\"verkoop@emtech.nl\",\"telephone\":\"+31 492 472 410\",\"legalName\":\"EMtech Industrial Repairs bv\",\"foundingDate\":\"2006-01-01\",\"vatID\":\"NL817122357B01\",\"numberOfEmployees\":{\"@type\":\"QuantitativeValue\",\"minValue\":\"11\",\"maxValue\":\"50\"}}]}<\/script>\n<!-- \/ Yoast SEO Premium plugin. -->","yoast_head_json":{"title":"Prodaja | EMtech Industrial Repairs","description":"Swift repairs based on expertise","robots":{"index":"index","follow":"follow","max-snippet":"max-snippet:-1","max-image-preview":"max-image-preview:large","max-video-preview":"max-video-preview:-1"},"canonical":"https:\/\/emtech.nl\/sl\/prodaja\/","og_locale":"sl_SI","og_type":"article","og_title":"Prodaja","og_description":"Swift repairs based on expertise","og_url":"https:\/\/emtech.nl\/sl\/prodaja\/","og_site_name":"EMtech Industrial Repairs","article_modified_time":"2025-12-17T09:37:20+00:00","og_image":[{"url":"https:\/\/emtech.nl\/wp-content\/uploads\/2021\/02\/Ontwerp-zonder-titel-11-1024x547.png"}],"twitter_card":"summary_large_image","twitter_misc":{"Est. reading time":"1 minuta"},"schema":{"@context":"https:\/\/schema.org","@graph":[{"@type":"WebPage","@id":"https:\/\/emtech.nl\/sl\/prodaja\/","url":"https:\/\/emtech.nl\/sl\/prodaja\/","name":"Prodaja | EMtech Industrial Repairs","isPartOf":{"@id":"https:\/\/emtech.nl\/#website"},"primaryImageOfPage":{"@id":"https:\/\/emtech.nl\/sl\/prodaja\/#primaryimage"},"image":{"@id":"https:\/\/emtech.nl\/sl\/prodaja\/#primaryimage"},"thumbnailUrl":"https:\/\/emtech.nl\/wp-content\/uploads\/2021\/02\/Ontwerp-zonder-titel-11-1024x547.png","datePublished":"2021-02-25T10:05:12+00:00","dateModified":"2025-12-17T09:37:20+00:00","description":"Swift repairs based on expertise","breadcrumb":{"@id":"https:\/\/emtech.nl\/sl\/prodaja\/#breadcrumb"},"inLanguage":"sl-SI","potentialAction":[{"@type":"ReadAction","target":["https:\/\/emtech.nl\/sl\/prodaja\/"]}]},{"@type":"ImageObject","inLanguage":"sl-SI","@id":"https:\/\/emtech.nl\/sl\/prodaja\/#primaryimage","url":"https:\/\/emtech.nl\/wp-content\/uploads\/2021\/02\/Ontwerp-zonder-titel-11.png","contentUrl":"https:\/\/emtech.nl\/wp-content\/uploads\/2021\/02\/Ontwerp-zonder-titel-11.png","width":1920,"height":1026},{"@type":"BreadcrumbList","@id":"https:\/\/emtech.nl\/sl\/prodaja\/#breadcrumb","itemListElement":[{"@type":"ListItem","position":1,"name":"Home","item":"https:\/\/emtech.nl\/"},{"@type":"ListItem","position":2,"name":"Prodaja"}]},{"@type":"WebSite","@id":"https:\/\/emtech.nl\/#website","url":"https:\/\/emtech.nl\/","name":"EMtech Industrial Repairs","description":"Swift repairs based on expertise","publisher":{"@id":"https:\/\/emtech.nl\/#organization"},"alternateName":"EMtech","potentialAction":[{"@type":"SearchAction","target":{"@type":"EntryPoint","urlTemplate":"https:\/\/emtech.nl\/?s={search_term_string}"},"query-input":"required name=search_term_string"}],"inLanguage":"sl-SI"},{"@type":"Organization","@id":"https:\/\/emtech.nl\/#organization","name":"EMtech Industrial Repairs bv","alternateName":"EMtech","url":"https:\/\/emtech.nl\/","logo":{"@type":"ImageObject","inLanguage":"sl-SI","@id":"https:\/\/emtech.nl\/#\/schema\/logo\/image\/","url":"https:\/\/emtech.nl\/wp-content\/uploads\/2024\/02\/emtech_logo_400px_400px.jpg","contentUrl":"https:\/\/emtech.nl\/wp-content\/uploads\/2024\/02\/emtech_logo_400px_400px.jpg","width":400,"height":400,"caption":"EMtech Industrial Repairs bv"},"image":{"@id":"https:\/\/emtech.nl\/#\/schema\/logo\/image\/"},"sameAs":["https:\/\/www.linkedin.com\/company\/emtech-industrial-repairs-bv\/","https:\/\/www.youtube.com\/@emtechindustrialrepairs4219"],"description":"EMtech is een Team professionele Research & Repair Engineers met passie en focus voor reparatie van defecte industri\u00eble elektronica gevestigd in Brainport Helmond, vlak naast Eindhoven. EMtech specialiseert zich in de ondersteuning van grote continu industrie door professionele snelle reparaties van besturingselektronica.","email":"verkoop@emtech.nl","telephone":"+31 492 472 410","legalName":"EMtech Industrial Repairs bv","foundingDate":"2006-01-01","vatID":"NL817122357B01","numberOfEmployees":{"@type":"QuantitativeValue","minValue":"11","maxValue":"50"}}]}},"_links":{"self":[{"href":"https:\/\/emtech.nl\/sl\/wp-json\/wp\/v2\/pages\/1137637"}],"collection":[{"href":"https:\/\/emtech.nl\/sl\/wp-json\/wp\/v2\/pages"}],"about":[{"href":"https:\/\/emtech.nl\/sl\/wp-json\/wp\/v2\/types\/page"}],"author":[{"embeddable":true,"href":"https:\/\/emtech.nl\/sl\/wp-json\/wp\/v2\/users\/2"}],"replies":[{"embeddable":true,"href":"https:\/\/emtech.nl\/sl\/wp-json\/wp\/v2\/comments?post=1137637"}],"version-history":[{"count":0,"href":"https:\/\/emtech.nl\/sl\/wp-json\/wp\/v2\/pages\/1137637\/revisions"}],"wp:attachment":[{"href":"https:\/\/emtech.nl\/sl\/wp-json\/wp\/v2\/media?parent=1137637"}],"curies":[{"name":"wp","href":"https:\/\/api.w.org\/{rel}","templated":true}]}}