{"id":1136601,"date":"2021-03-11T12:58:12","date_gmt":"2021-03-11T11:58:12","guid":{"rendered":"https:\/\/emtech.nl\/izjava-o-zasebnosti\/"},"modified":"2025-01-27T16:17:56","modified_gmt":"2025-01-27T15:17:56","slug":"izjava-o-zasebnosti","status":"publish","type":"page","link":"https:\/\/emtech.nl\/sl\/izjava-o-zasebnosti\/","title":{"rendered":"Izjava o zasebnosti"},"content":{"rendered":"\t\t<div data-elementor-type=\"wp-page\" data-elementor-id=\"1136601\" class=\"elementor elementor-1136601 elementor-2809\" data-elementor-post-type=\"page\">\n\t\t\t\t\t\t<div class=\"elementor-inner\">\n\t\t\t\t<div class=\"elementor-section-wrap\">\n\t\t\t\t\t\t\t\t\t<section class=\"elementor-section elementor-top-section elementor-element elementor-element-9d8bf0a elementor-section-full_width elementor-section-height-default elementor-section-height-default\" data-id=\"9d8bf0a\" data-element_type=\"section\" data-settings=\"{&quot;jet_parallax_layout_list&quot;:[],&quot;background_background&quot;:&quot;classic&quot;}\">\n\t\t\t\t\t\t<div class=\"elementor-container elementor-column-gap-default\">\n\t\t\t\t\t\t\t<div class=\"elementor-row\">\n\t\t\t\t\t<div class=\"elementor-column elementor-col-100 elementor-top-column elementor-element elementor-element-ca15669\" data-id=\"ca15669\" data-element_type=\"column\">\n\t\t\t<div class=\"elementor-column-wrap elementor-element-populated\">\n\t\t\t\t\t\t\t<div class=\"elementor-widget-wrap\">\n\t\t\t\t\t\t<div class=\"elementor-element elementor-element-70131a1 elementor-widget elementor-widget-text-editor\" data-id=\"70131a1\" data-element_type=\"widget\" data-widget_type=\"text-editor.default\">\n\t\t\t\t<div class=\"elementor-widget-container\">\n\t\t\t\t\t\t\t\t<div class=\"elementor-text-editor elementor-clearfix\">\n\t\t\t\t<header class=\"entry-header ast-no-thumbnail ast-no-meta\">\n<h1><strong><span style=\"color: #003163;\">Izjava o zasebnosti EMtech<\/span><\/strong><\/h1>\n<p>To je izjava o zasebnosti podjetja EMtech Industrial Repairs bv, ki se nahaja na naslovu 5706 TK Helmond na naslovu Wethouder van Nunenstraat 10 (v nadaljnjem besedilu: EMtech), www.emtech.nl.<\/p>\n<h2><strong><span style=\"color: #003163;\">1. Uporabnost<\/span><\/strong><\/h2>\n<p>Ta izjava o zasebnosti velja za vse informacije ali osebne podatke, ki so ob\u010dutljivi na zasebnost, in ki nam jih posredujete, na primer prek obrazca za registracijo, kontaktnega obrazca ali va\u0161ih naro\u010dil.<br \/>\nZasebnosti na\u0161ih strank pripisujemo velik pomen, zato smo pri ravnanju in varovanju osebnih podatkov izredno skrbni.<br \/>\nPodatke obdelujemo v skladu s pogoji, dolo\u010denimi v Splo\u0161ni uredbi o varstvu podatkov (GDPR).<br \/>\nEMtech Industrial Repairs bv je odgovoren v smislu GDPR glede obdelave va\u0161ih osebnih podatkov.<br \/>\nTo pomeni, da samo mi dolo\u010damo, kateri osebni podatki se obdelujejo, za kak\u0161en namen in na kak\u0161en na\u010din.<br \/>\nOdgovorni smo za pravilno in skrbno obdelavo va\u0161ih osebnih podatkov v skladu z GDPR.<br \/>\nV tej izjavi o zasebnosti pojasnjujemo, katere podatke obdelujemo in za kak\u0161ne namene jih uporabljamo.      <\/p>\n<h2><strong><span style=\"color: #003163;\">2. Pregled osebnih podatkov<\/span><\/strong><\/h2>\n<p>Spodaj boste na\u0161li pregled osebnih podatkov, ki jih obdelujemo:<\/p>\n<ul>\n<li>Ime in priimek<\/li>\n<li>Seks<\/li>\n<li>Podatki o naslovu<\/li>\n<li>Telefonska \u0161tevilka<\/li>\n<li>Email naslov<\/li>\n<li><span style=\"font-size: 16px;\">IP naslov obiskovalca spletne strani<\/span><\/li>\n<\/ul>\n<h2><strong><span style=\"color: #003163;\">3. Namen in podlage za obdelavo osebnih podatkov<\/span><\/strong><\/h2>\n<p>S strinjanjem s to izjavo o zasebnosti izrecno sogla\u0161ate v smislu \u010dlena 6(1)(a) GDPR za obdelavo va\u0161ih osebnih podatkov za namene, navedene spodaj.<br \/>\nTo soglasje lahko kadar koli prekli\u010dete.<br \/>\nVendar, \u010de nam ne posredujete dolo\u010denih informacij ali nam dovolite, da jih obdelamo, vam morda ne bomo mogli ustrezno slu\u017eiti.  <\/p>\n<p>\u010ce nam niste dali izrecnega soglasja za obdelavo va\u0161ih osebnih podatkov ali \u010de ste to soglasje umaknili, se lahko za obdelavo va\u0161ih osebnih podatkov uporablja \u010dlen 6(1)(b), (c) in\/ali (f) GDPR. V tem primeru V tem primeru lahko obdelava va\u0161ih osebnih podatkov poteka brez va\u0161e privolitve, pod pogojem, da je to potrebno za izvajanje pogodbe, katere stranka ste, ali je potrebno za zastopanje zakonitih interesov EMtech Industrial. Repairs bv. Zakonsko smo zavezani k obdelavi va\u0161ih osebnih podatkov.<\/p>\n<h3><span style=\"color: #003163;\"><strong>3.1 Va\u0161e osebne podatke obdelujemo za naslednje namene:<\/strong><\/span><\/h3>\n<p>Izvajanje pogodbe, ki smo jo sklenili z vami, zlasti: Za dostavo blaga ali storitev za vas Obdelava va\u0161ega pla\u010dila Po\u0161iljanje na\u0161ega glasila in\/ali reklamne bro\u0161ure Da vas lahko pokli\u010demo ali vam po\u0161ljemo e-po\u0161to, \u010de je to potrebno za izvedbo sporazum, sklenjen z vami Za obve\u0161\u010danje o spremembah na\u0161ih storitev in izdelkov. Va\u0161ih osebnih podatkov ne hranimo dlje, kot je nujno potrebno za doseganje namenov, za katere so va\u0161i podatki zbrani.<br \/>\nRazkritje tretjim osebam Va\u0161e osebne podatke lahko delimo s tretjimi osebami, \u010de je to zdru\u017eljivo z zgoraj navedenimi nameni.<br \/>\nZagotavljanje tretjim osebam je lahko potrebno za izvajanje pogodbe, ki jo sklenemo z vami, morda je potrebno za zastopanje na\u0161ega zakonitega interesa ali pa je potrebno za izpolnjevanje katere koli zakonske obveznosti, ki jo imamo.<br \/>\nS podjetji, ki v na\u0161em imenu obdelujejo va\u0161e podatke, sklenemo pogodbo o obdelavi, da zagotovimo enako raven varnosti in zaupnosti va\u0161ih podatkov.<br \/>\nOstajamo odgovorni za te procese.<br \/>\nPoleg zgoraj navedenih situacij va\u0161e osebne podatke drugim tretjim osebam posredujemo samo z va\u0161im izrecnim soglasjem.     <\/p>\n<h3><strong><span style=\"color: #003163;\">3.2 Komercialni nameni<\/span><\/strong><\/h3>\n<p>Va\u0161ih podatkov ne bomo prodajali ali delili s tretjimi osebami v komercialne namene, razen \u010de za to daste izrecno dovoljenje.<br \/>\nVa\u0161e osebne podatke lahko uporabimo v komercialne namene, na primer, da vam zagotovimo ve\u010d informacij o na\u0161ih storitvah ali ustreznih izdelkih ali storitvah skrbno izbranih organizacij.<br \/>\nV tem primeru boste obve\u0161\u010deni samo na elektronski naslov, ki ste ga registrirali.<br \/>\n\u010ce ne \u017eelite prejemati informacij o ustreznih izdelkih ali storitvah, lahko to preprosto ozna\u010dite s klikom na \u201codjava\u201d v prejetem e-po\u0161tnem sporo\u010dilu.   <\/p>\n<h2><strong><span style=\"color: #003163;\">4. Oglejte si, popravite ali izbri\u0161ite<\/span><\/strong><\/h2>\n<p>Na sales@emtech.nl lahko po\u0161ljete zahtevo za dostop, popravek, izbris, prenos va\u0161ih osebnih podatkov, zahtevo za preklic soglasja ali ugovor zoper obdelavo va\u0161ih osebnih podatkov.<\/p>\n<p>Imate pravico do vpogleda, popravka, izbrisa ali omejitve obdelave va\u0161ih osebnih podatkov.<br \/>\nPoleg tega imate pravico do preklica soglasja za obdelavo podatkov in obdelavo va\u0161ih osebnih podatkov ali do ugovora. <\/p>\n<p>Imate pravico do prenosljivosti podatkov (\u00bbprenosljivost podatkov\u00ab), \u010de imamo digitalne osebne podatke, ki jih obdelujemo z va\u0161im soglasjem ali jih obdelujemo za izvajanje pogodbe, ki smo jo sklenili z vami.<br \/>\nTo pomeni, da nam lahko po\u0161ljete zahtevo za digitalne osebne podatke, ki jih hranimo o vas v berljivi ra\u010dunalni\u0161ki datoteki, za vas ali drugo organizacijo, ki jo dolo\u010dite. <\/p>\n<p>Da bi zagotovili, da ste zahtevo za dostop vlo\u017eili vi, vas prosimo, da zahtevi prilo\u017eite kopijo va\u0161ega dokazila o identiteti.<br \/>\nV tej kopiji naredite \u010drno fotografijo potnega lista, MRZ (strojno berljivo obmo\u010dje, trak s \u0161tevilkami na dnu potnega lista), \u0161tevilko potnega lista in \u0161tevilko slu\u017ebe za dr\u017eavljane (BSN).<br \/>\nTo je namenjeno za\u0161\u010diti va\u0161e zasebnosti.<br \/>\nNa va\u0161o zahtevo bomo odgovorili v najkraj\u0161em mo\u017enem \u010dasu, vendar v \u0161tirih tednih.<br \/>\nPrav tako \u017eelimo poudariti, da imate mo\u017enost vlo\u017eiti prito\u017ebo pri nacionalnem nadzornem organu, nizozemskem organu za varstvo podatkov.    <\/p>\n<h2><span style=\"color: #003163;\"><strong>5. Kontaktirajte nas<\/strong><\/span><\/h2>\n<p>Varovanje va\u0161ih podatkov jemljemo resno in izvajamo ustrezne ukrepe za prepre\u010devanje zlorabe, izgube, nepoobla\u0161\u010denega dostopa, ne\u017eelenega razkritja in nepoobla\u0161\u010denega spreminjanja.<br \/>\n\u010ce menite, da va\u0161i podatki niso ustrezno zavarovani ali da obstajajo znaki zlorabe, se obrnite na sales@emtech.nl. <\/p>\n<p><strong>EMtech Industrial Repairs bv<\/strong><br \/> Alderman Nunenstraat 10<br \/> 5706 TK Helmond Nizozemska<\/p>\n<p>E-po\u0161ta: sales@emtech.nl<br \/> Tel.: +31 40 8080 100<\/p>\n<p>Gospodarska zbornica: 17192652<\/p>\n<\/header>\n\t\t\t\t\t<\/div>\n\t\t\t\t\t\t<\/div>\n\t\t\t\t<\/div>\n\t\t\t\t\t\t<\/div>\n\t\t\t\t\t<\/div>\n\t\t<\/div>\n\t\t\t\t\t\t\t\t<\/div>\n\t\t\t\t\t<\/div>\n\t\t<\/section>\n\t\t\t\t\t\t\t\t\t<\/div>\n\t\t\t<\/div>\n\t\t\t\t\t<\/div>\n\t\t","protected":false},"excerpt":{"rendered":"<p>Izjava o zasebnosti EMtech To je izjava o zasebnosti podjetja EMtech Industrial Repairs bv, ki se nahaja na naslovu 5706 TK Helmond na naslovu Wethouder van Nunenstraat 10 (v nadaljnjem besedilu: EMtech), www.emtech.nl. 1. Uporabnost Ta izjava o zasebnosti velja za vse informacije ali osebne podatke, ki so ob\u010dutljivi na zasebnost, in ki nam jih [&hellip;]<\/p>\n","protected":false},"author":2,"featured_media":0,"parent":0,"menu_order":0,"comment_status":"closed","ping_status":"closed","template":"","meta":{"footnotes":""},"acf":[],"yoast_head":"<!-- This site is optimized with the Yoast SEO Premium plugin v22.3 (Yoast SEO v22.3) - https:\/\/yoast.com\/wordpress\/plugins\/seo\/ -->\n<title>Izjava o zasebnosti | EMtech Industrial Repairs<\/title>\n<meta name=\"description\" content=\"Swift repairs based on expertise\" \/>\n<meta name=\"robots\" content=\"index, follow, max-snippet:-1, max-image-preview:large, max-video-preview:-1\" \/>\n<link rel=\"canonical\" href=\"https:\/\/emtech.nl\/privacy-statement\/\" \/>\n<meta property=\"og:locale\" content=\"sl_SI\" \/>\n<meta property=\"og:type\" content=\"article\" \/>\n<meta property=\"og:title\" content=\"Izjava o zasebnosti\" \/>\n<meta property=\"og:description\" content=\"Swift repairs based on expertise\" \/>\n<meta property=\"og:url\" content=\"https:\/\/emtech.nl\/privacy-statement\/\" \/>\n<meta property=\"og:site_name\" content=\"EMtech Industrial Repairs\" \/>\n<meta property=\"article:modified_time\" content=\"2025-01-27T15:17:56+00:00\" \/>\n<meta property=\"og:image\" content=\"https:\/\/emtech.nl\/wp-content\/uploads\/2024\/01\/emtech_logo.png\" \/>\n\t<meta property=\"og:image:width\" content=\"1200\" \/>\n\t<meta property=\"og:image:height\" content=\"675\" \/>\n\t<meta property=\"og:image:type\" content=\"image\/png\" \/>\n<meta name=\"twitter:card\" content=\"summary_large_image\" \/>\n<meta name=\"twitter:label1\" content=\"Est. reading time\" \/>\n\t<meta name=\"twitter:data1\" content=\"5 minut\" \/>\n<script type=\"application\/ld+json\" class=\"yoast-schema-graph\">{\"@context\":\"https:\/\/schema.org\",\"@graph\":[{\"@type\":\"WebPage\",\"@id\":\"https:\/\/emtech.nl\/privacy-statement\/\",\"url\":\"https:\/\/emtech.nl\/privacy-statement\/\",\"name\":\"Izjava o zasebnosti | EMtech Industrial Repairs\",\"isPartOf\":{\"@id\":\"https:\/\/emtech.nl\/#website\"},\"datePublished\":\"2021-03-11T11:58:12+00:00\",\"dateModified\":\"2025-01-27T15:17:56+00:00\",\"description\":\"Swift repairs based on expertise\",\"breadcrumb\":{\"@id\":\"https:\/\/emtech.nl\/privacy-statement\/#breadcrumb\"},\"inLanguage\":\"sl-SI\",\"potentialAction\":[{\"@type\":\"ReadAction\",\"target\":[\"https:\/\/emtech.nl\/privacy-statement\/\"]}]},{\"@type\":\"BreadcrumbList\",\"@id\":\"https:\/\/emtech.nl\/privacy-statement\/#breadcrumb\",\"itemListElement\":[{\"@type\":\"ListItem\",\"position\":1,\"name\":\"Home\",\"item\":\"https:\/\/emtech.nl\/\"},{\"@type\":\"ListItem\",\"position\":2,\"name\":\"Izjava o zasebnosti\"}]},{\"@type\":\"WebSite\",\"@id\":\"https:\/\/emtech.nl\/#website\",\"url\":\"https:\/\/emtech.nl\/\",\"name\":\"EMtech Industrial Repairs\",\"description\":\"Swift repairs based on expertise\",\"publisher\":{\"@id\":\"https:\/\/emtech.nl\/#organization\"},\"alternateName\":\"EMtech\",\"potentialAction\":[{\"@type\":\"SearchAction\",\"target\":{\"@type\":\"EntryPoint\",\"urlTemplate\":\"https:\/\/emtech.nl\/?s={search_term_string}\"},\"query-input\":\"required name=search_term_string\"}],\"inLanguage\":\"sl-SI\"},{\"@type\":\"Organization\",\"@id\":\"https:\/\/emtech.nl\/#organization\",\"name\":\"EMtech Industrial Repairs bv\",\"alternateName\":\"EMtech\",\"url\":\"https:\/\/emtech.nl\/\",\"logo\":{\"@type\":\"ImageObject\",\"inLanguage\":\"sl-SI\",\"@id\":\"https:\/\/emtech.nl\/#\/schema\/logo\/image\/\",\"url\":\"https:\/\/emtech.nl\/wp-content\/uploads\/2024\/02\/emtech_logo_400px_400px.jpg\",\"contentUrl\":\"https:\/\/emtech.nl\/wp-content\/uploads\/2024\/02\/emtech_logo_400px_400px.jpg\",\"width\":400,\"height\":400,\"caption\":\"EMtech Industrial Repairs bv\"},\"image\":{\"@id\":\"https:\/\/emtech.nl\/#\/schema\/logo\/image\/\"},\"sameAs\":[\"https:\/\/www.linkedin.com\/company\/emtech-industrial-repairs-bv\/\",\"https:\/\/www.youtube.com\/@emtechindustrialrepairs4219\"],\"description\":\"EMtech is een Team professionele Research & Repair Engineers met passie en focus voor reparatie van defecte industri\u00eble elektronica gevestigd in Brainport Helmond, vlak naast Eindhoven. EMtech specialiseert zich in de ondersteuning van grote continu industrie door professionele snelle reparaties van besturingselektronica.\",\"email\":\"verkoop@emtech.nl\",\"telephone\":\"+31 492 472 410\",\"legalName\":\"EMtech Industrial Repairs bv\",\"foundingDate\":\"2006-01-01\",\"vatID\":\"NL817122357B01\",\"numberOfEmployees\":{\"@type\":\"QuantitativeValue\",\"minValue\":\"11\",\"maxValue\":\"50\"}}]}<\/script>\n<!-- \/ Yoast SEO Premium plugin. -->","yoast_head_json":{"title":"Izjava o zasebnosti | EMtech Industrial Repairs","description":"Swift repairs based on expertise","robots":{"index":"index","follow":"follow","max-snippet":"max-snippet:-1","max-image-preview":"max-image-preview:large","max-video-preview":"max-video-preview:-1"},"canonical":"https:\/\/emtech.nl\/privacy-statement\/","og_locale":"sl_SI","og_type":"article","og_title":"Izjava o zasebnosti","og_description":"Swift repairs based on expertise","og_url":"https:\/\/emtech.nl\/privacy-statement\/","og_site_name":"EMtech Industrial Repairs","article_modified_time":"2025-01-27T15:17:56+00:00","og_image":[{"width":1200,"height":675,"url":"https:\/\/emtech.nl\/wp-content\/uploads\/2024\/01\/emtech_logo.png","type":"image\/png"}],"twitter_card":"summary_large_image","twitter_misc":{"Est. reading time":"5 minut"},"schema":{"@context":"https:\/\/schema.org","@graph":[{"@type":"WebPage","@id":"https:\/\/emtech.nl\/privacy-statement\/","url":"https:\/\/emtech.nl\/privacy-statement\/","name":"Izjava o zasebnosti | EMtech Industrial Repairs","isPartOf":{"@id":"https:\/\/emtech.nl\/#website"},"datePublished":"2021-03-11T11:58:12+00:00","dateModified":"2025-01-27T15:17:56+00:00","description":"Swift repairs based on expertise","breadcrumb":{"@id":"https:\/\/emtech.nl\/privacy-statement\/#breadcrumb"},"inLanguage":"sl-SI","potentialAction":[{"@type":"ReadAction","target":["https:\/\/emtech.nl\/privacy-statement\/"]}]},{"@type":"BreadcrumbList","@id":"https:\/\/emtech.nl\/privacy-statement\/#breadcrumb","itemListElement":[{"@type":"ListItem","position":1,"name":"Home","item":"https:\/\/emtech.nl\/"},{"@type":"ListItem","position":2,"name":"Izjava o zasebnosti"}]},{"@type":"WebSite","@id":"https:\/\/emtech.nl\/#website","url":"https:\/\/emtech.nl\/","name":"EMtech Industrial Repairs","description":"Swift repairs based on expertise","publisher":{"@id":"https:\/\/emtech.nl\/#organization"},"alternateName":"EMtech","potentialAction":[{"@type":"SearchAction","target":{"@type":"EntryPoint","urlTemplate":"https:\/\/emtech.nl\/?s={search_term_string}"},"query-input":"required name=search_term_string"}],"inLanguage":"sl-SI"},{"@type":"Organization","@id":"https:\/\/emtech.nl\/#organization","name":"EMtech Industrial Repairs bv","alternateName":"EMtech","url":"https:\/\/emtech.nl\/","logo":{"@type":"ImageObject","inLanguage":"sl-SI","@id":"https:\/\/emtech.nl\/#\/schema\/logo\/image\/","url":"https:\/\/emtech.nl\/wp-content\/uploads\/2024\/02\/emtech_logo_400px_400px.jpg","contentUrl":"https:\/\/emtech.nl\/wp-content\/uploads\/2024\/02\/emtech_logo_400px_400px.jpg","width":400,"height":400,"caption":"EMtech Industrial Repairs bv"},"image":{"@id":"https:\/\/emtech.nl\/#\/schema\/logo\/image\/"},"sameAs":["https:\/\/www.linkedin.com\/company\/emtech-industrial-repairs-bv\/","https:\/\/www.youtube.com\/@emtechindustrialrepairs4219"],"description":"EMtech is een Team professionele Research & Repair Engineers met passie en focus voor reparatie van defecte industri\u00eble elektronica gevestigd in Brainport Helmond, vlak naast Eindhoven. EMtech specialiseert zich in de ondersteuning van grote continu industrie door professionele snelle reparaties van besturingselektronica.","email":"verkoop@emtech.nl","telephone":"+31 492 472 410","legalName":"EMtech Industrial Repairs bv","foundingDate":"2006-01-01","vatID":"NL817122357B01","numberOfEmployees":{"@type":"QuantitativeValue","minValue":"11","maxValue":"50"}}]}},"_links":{"self":[{"href":"https:\/\/emtech.nl\/sl\/wp-json\/wp\/v2\/pages\/1136601"}],"collection":[{"href":"https:\/\/emtech.nl\/sl\/wp-json\/wp\/v2\/pages"}],"about":[{"href":"https:\/\/emtech.nl\/sl\/wp-json\/wp\/v2\/types\/page"}],"author":[{"embeddable":true,"href":"https:\/\/emtech.nl\/sl\/wp-json\/wp\/v2\/users\/2"}],"replies":[{"embeddable":true,"href":"https:\/\/emtech.nl\/sl\/wp-json\/wp\/v2\/comments?post=1136601"}],"version-history":[{"count":0,"href":"https:\/\/emtech.nl\/sl\/wp-json\/wp\/v2\/pages\/1136601\/revisions"}],"wp:attachment":[{"href":"https:\/\/emtech.nl\/sl\/wp-json\/wp\/v2\/media?parent=1136601"}],"curies":[{"name":"wp","href":"https:\/\/api.w.org\/{rel}","templated":true}]}}