{"id":1137621,"date":"2021-02-25T11:05:12","date_gmt":"2021-02-25T10:05:12","guid":{"rendered":"https:\/\/emtech.nl\/venda\/"},"modified":"2025-12-17T10:37:54","modified_gmt":"2025-12-17T09:37:54","slug":"venda","status":"publish","type":"page","link":"https:\/\/emtech.nl\/pt-pt\/venda\/","title":{"rendered":"Venda"},"content":{"rendered":"\t\t<div data-elementor-type=\"wp-page\" data-elementor-id=\"1137621\" class=\"elementor elementor-1137621 elementor-484\" data-elementor-post-type=\"page\">\n\t\t\t\t\t\t<div class=\"elementor-inner\">\n\t\t\t\t<div class=\"elementor-section-wrap\">\n\t\t\t\t\t\t\t\t\t<section class=\"elementor-section elementor-top-section elementor-element elementor-element-58c2232 elementor-section-full_width elementor-section-height-default elementor-section-height-default\" data-id=\"58c2232\" data-element_type=\"section\" data-settings=\"{&quot;jet_parallax_layout_list&quot;:[],&quot;background_background&quot;:&quot;classic&quot;}\">\n\t\t\t\t\t\t<div class=\"elementor-container elementor-column-gap-default\">\n\t\t\t\t\t\t\t<div class=\"elementor-row\">\n\t\t\t\t\t<div class=\"elementor-column elementor-col-100 elementor-top-column elementor-element elementor-element-eecf570\" data-id=\"eecf570\" data-element_type=\"column\">\n\t\t\t<div class=\"elementor-column-wrap elementor-element-populated\">\n\t\t\t\t\t\t\t<div class=\"elementor-widget-wrap\">\n\t\t\t\t\t\t<div class=\"elementor-element elementor-element-938c95f elementor-widget elementor-widget-heading\" data-id=\"938c95f\" data-element_type=\"widget\" data-widget_type=\"heading.default\">\n\t\t\t\t<div class=\"elementor-widget-container\">\n\t\t\t<h1 class=\"elementor-heading-title elementor-size-default\">Venda<\/h1>\t\t<\/div>\n\t\t\t\t<\/div>\n\t\t\t\t\t\t<\/div>\n\t\t\t\t\t<\/div>\n\t\t<\/div>\n\t\t\t\t\t\t\t\t<\/div>\n\t\t\t\t\t<\/div>\n\t\t<\/section>\n\t\t\t\t<section class=\"elementor-section elementor-top-section elementor-element elementor-element-757b101 elementor-section-full_width elementor-section-height-default elementor-section-height-default\" data-id=\"757b101\" data-element_type=\"section\" data-settings=\"{&quot;jet_parallax_layout_list&quot;:[],&quot;background_background&quot;:&quot;classic&quot;}\">\n\t\t\t\t\t\t<div class=\"elementor-container elementor-column-gap-default\">\n\t\t\t\t\t\t\t<div class=\"elementor-row\">\n\t\t\t\t\t<div class=\"elementor-column elementor-col-50 elementor-top-column elementor-element elementor-element-1d16fe1\" data-id=\"1d16fe1\" data-element_type=\"column\">\n\t\t\t<div class=\"elementor-column-wrap elementor-element-populated\">\n\t\t\t\t\t\t\t<div class=\"elementor-widget-wrap\">\n\t\t\t\t\t\t<div class=\"elementor-element elementor-element-f47ee8c elementor-widget elementor-widget-text-editor\" data-id=\"f47ee8c\" data-element_type=\"widget\" data-widget_type=\"text-editor.default\">\n\t\t\t\t<div class=\"elementor-widget-container\">\n\t\t\t\t\t\t\t\t<div class=\"elementor-text-editor elementor-clearfix\">\n\t\t\t\t<div><span style=\"color: #000000;\">Al\u00e9m dos reparos, h\u00e1 uma demanda crescente por estoque de itens sobressalentes para reposi\u00e7\u00e3o imediata em caso de quebras inesperadas de m\u00e1quinas e paradas de produ\u00e7\u00e3o. Al\u00e9m do seu pr\u00f3prio estoque, a EMtech possui um vasto invent\u00e1rio de produtos obsoletos, recondicionados e testados, gra\u00e7as a uma confi\u00e1vel rede internacional de parceiros. Para os produtos mais cr\u00edticos em suas linhas de produ\u00e7\u00e3o, onde a substitui\u00e7\u00e3o imediata \u00e9 necess\u00e1ria em caso de falha inesperada, voc\u00ea ter\u00e1 uma unidade sobressalente em estoque. A unidade defeituosa pode ent\u00e3o ser rapidamente reparada por n\u00f3s e posteriormente armazenada como unidade sobressalente. Dessa forma, voc\u00ea pode manter sua linha de produ\u00e7\u00e3o atual funcionando de forma confi\u00e1vel por muitos anos, sem a necessidade de uma migra\u00e7\u00e3o imediata e dispendiosa para um sistema mais moderno.<\/span><\/div>\n<div> <\/div>\n\t\t\t\t\t<\/div>\n\t\t\t\t\t\t<\/div>\n\t\t\t\t<\/div>\n\t\t\t\t\t\t<\/div>\n\t\t\t\t\t<\/div>\n\t\t<\/div>\n\t\t\t\t<div class=\"elementor-column elementor-col-50 elementor-top-column elementor-element elementor-element-53f7a67\" data-id=\"53f7a67\" data-element_type=\"column\">\n\t\t\t<div class=\"elementor-column-wrap elementor-element-populated\">\n\t\t\t\t\t\t\t<div class=\"elementor-widget-wrap\">\n\t\t\t\t\t\t<div class=\"elementor-element elementor-element-704d010 elementor-widget elementor-widget-image\" data-id=\"704d010\" data-element_type=\"widget\" data-widget_type=\"image.default\">\n\t\t\t\t<div class=\"elementor-widget-container\">\n\t\t\t\t\t\t\t\t<div class=\"elementor-image\">\n\t\t\t\t\t\t\t\t\t<figure class=\"wp-caption\">\n\t\t\t\t\t\t\t\t\t\t<img fetchpriority=\"high\" decoding=\"async\" width=\"1024\" height=\"547\" src=\"https:\/\/emtech.nl\/wp-content\/uploads\/2021\/02\/Ontwerp-zonder-titel-11-1024x547.png\" class=\"attachment-large size-large wp-image-486\" alt=\"\" srcset=\"https:\/\/emtech.nl\/wp-content\/uploads\/2021\/02\/Ontwerp-zonder-titel-11-1024x547.png 1024w, https:\/\/emtech.nl\/wp-content\/uploads\/2021\/02\/Ontwerp-zonder-titel-11-600x321.png 600w, https:\/\/emtech.nl\/wp-content\/uploads\/2021\/02\/Ontwerp-zonder-titel-11-300x160.png 300w, https:\/\/emtech.nl\/wp-content\/uploads\/2021\/02\/Ontwerp-zonder-titel-11-768x410.png 768w, https:\/\/emtech.nl\/wp-content\/uploads\/2021\/02\/Ontwerp-zonder-titel-11-1536x821.png 1536w, https:\/\/emtech.nl\/wp-content\/uploads\/2021\/02\/Ontwerp-zonder-titel-11-2048x1094.png 2048w, https:\/\/emtech.nl\/wp-content\/uploads\/2021\/02\/Ontwerp-zonder-titel-11.png 1920w\" sizes=\"(max-width: 1024px) 100vw, 1024px\" \/>\t\t\t\t\t\t\t\t\t\t\t<figcaption class=\"widget-image-caption wp-caption-text\">Pe\u00e7as de reposi\u00e7\u00e3o<\/figcaption>\n\t\t\t\t\t\t\t\t\t\t<\/figure>\n\t\t\t\t\t\t\t\t<\/div>\n\t\t\t\t\t\t<\/div>\n\t\t\t\t<\/div>\n\t\t\t\t\t\t<\/div>\n\t\t\t\t\t<\/div>\n\t\t<\/div>\n\t\t\t\t\t\t\t\t<\/div>\n\t\t\t\t\t<\/div>\n\t\t<\/section>\n\t\t\t\t<section class=\"elementor-section elementor-top-section elementor-element elementor-element-fa9e0a2 elementor-section-full_width elementor-section-height-default elementor-section-height-default\" data-id=\"fa9e0a2\" data-element_type=\"section\" data-settings=\"{&quot;jet_parallax_layout_list&quot;:[],&quot;background_background&quot;:&quot;classic&quot;}\">\n\t\t\t\t\t\t<div class=\"elementor-container elementor-column-gap-default\">\n\t\t\t\t\t\t\t<div class=\"elementor-row\">\n\t\t\t\t\t<div class=\"elementor-column elementor-col-100 elementor-top-column elementor-element elementor-element-6adeb94\" data-id=\"6adeb94\" data-element_type=\"column\">\n\t\t\t<div class=\"elementor-column-wrap elementor-element-populated\">\n\t\t\t\t\t\t\t<div class=\"elementor-widget-wrap\">\n\t\t\t\t\t\t<div class=\"elementor-element elementor-element-292aebf elementor-widget elementor-widget-jet-animated-text\" data-id=\"292aebf\" data-element_type=\"widget\" data-widget_type=\"jet-animated-text.default\">\n\t\t\t\t<div class=\"elementor-widget-container\">\n\t\t\t<div class=\"elementor-jet-animated-text jet-elements\">\n<div class=\"jet-animated-text jet-animated-text--effect-fx4\" data-settings='{\"effect\":\"fx4\",\"delay\":1000}'>\n\t<div class=\"jet-animated-text__before-text\">\n\t<span>Focar<\/span>&nbsp;<span>em<\/span>&nbsp;<\/div>\n\t<div class=\"jet-animated-text__animated-text\">\n<div class=\"jet-animated-text__animated-text-item active visible\" dir=\"ltr\">\n\t<span>I<\/span><span>n<\/span><span>o<\/span><span>v<\/span><span>a<\/span><span>\u00e7<\/span><span>\u00e3<\/span><span>o<\/span><\/div>\n<div class=\"jet-animated-text__animated-text-item\" dir=\"ltr\">\n\t<span>S<\/span><span>u<\/span><span>s<\/span><span>t<\/span><span>e<\/span><span>n<\/span><span>t<\/span><span>a<\/span><span>b<\/span><span>i<\/span><span>l<\/span><span>i<\/span><span>d<\/span><span>a<\/span><span>d<\/span><span>e<\/span><\/div>\n<div class=\"jet-animated-text__animated-text-item\" dir=\"ltr\">\n\t<span>R<\/span><span>e<\/span><span>t<\/span><span>o<\/span><span>r<\/span><span>n<\/span><span>o<\/span><span>&nbsp;<\/span><span>s<\/span><span>o<\/span><span>b<\/span><span>r<\/span><span>e<\/span><span>&nbsp;<\/span><span>o<\/span><span>&nbsp;<\/span><span>I<\/span><span>n<\/span><span>v<\/span><span>e<\/span><span>s<\/span><span>t<\/span><span>i<\/span><span>m<\/span><span>e<\/span><span>n<\/span><span>t<\/span><span>o<\/span><span>&nbsp;<\/span><span>(<\/span><span>R<\/span><span>O<\/span><span>I<\/span><span>)<\/span><\/div>\n<\/div>\t<\/div><\/div>\t\t<\/div>\n\t\t\t\t<\/div>\n\t\t\t\t<div class=\"elementor-element elementor-element-597a199 elementor-widget elementor-widget-text-editor\" data-id=\"597a199\" data-element_type=\"widget\" data-widget_type=\"text-editor.default\">\n\t\t\t\t<div class=\"elementor-widget-container\">\n\t\t\t\t\t\t\t\t<div class=\"elementor-text-editor elementor-clearfix\">\n\t\t\t\t<div><span style=\"color: #000000;\">Al\u00e9m dos reparos, h\u00e1 uma demanda crescente por estoque de itens sobressalentes para reposi\u00e7\u00e3o imediata em caso de quebras inesperadas de m\u00e1quinas e paradas de produ\u00e7\u00e3o. EMtech tem o pr\u00f3ximo&nbsp; stock pr\u00f3prio um enorme stock de produtos obsoletos recondicionados testados \u00e0 sua disposi\u00e7\u00e3o gra\u00e7as a uma rede de parceiros internacionais fi\u00e1veis. Para o m\u00e1ximo&nbsp; produtos cr\u00edticos em suas linhas de produ\u00e7\u00e3o, onde a troca imediata \u00e9 necess\u00e1ria em caso de falha inesperada, voc\u00ea tem uma unidade sobressalente na prateleira. O defeituoso&nbsp; A unidade pode ent\u00e3o ser rapidamente reparada por n\u00f3s e depois usada como unidade sobressalente&nbsp; armaz\u00e9m. Desta forma, voc\u00ea pode usar sua linha de produ\u00e7\u00e3o atual nos pr\u00f3ximos anos&nbsp; opera\u00e7\u00e3o confi\u00e1vel sem migra\u00e7\u00e3o imediata e dispendiosa para um sistema mais moderno.<\/span><\/div>\n\t\t\t\t\t<\/div>\n\t\t\t\t\t\t<\/div>\n\t\t\t\t<\/div>\n\t\t\t\t<div class=\"elementor-element elementor-element-f5378c2 elementor-widget elementor-widget-text-editor\" data-id=\"f5378c2\" data-element_type=\"widget\" data-widget_type=\"text-editor.default\">\n\t\t\t\t<div class=\"elementor-widget-container\">\n\t\t\t\t\t\t\t\t<div class=\"elementor-text-editor elementor-clearfix\">\n\t\t\t\t<p>Voc\u00ea pode solicitar a entrega de artigos conosco com base no n\u00famero do artigo.<\/p>\n\t\t\t\t\t<\/div>\n\t\t\t\t\t\t<\/div>\n\t\t\t\t<\/div>\n\t\t\t\t<div class=\"elementor-element elementor-element-01b0b25 elementor-align-left elementor-widget elementor-widget-button\" data-id=\"01b0b25\" data-element_type=\"widget\" data-widget_type=\"button.default\">\n\t\t\t\t<div class=\"elementor-widget-container\">\n\t\t\t\t\t<div class=\"elementor-button-wrapper\">\n\t\t\t<a class=\"elementor-button elementor-button-link elementor-size-sm\" href=\"https:\/\/emtech.nl\/pt-pt\/pagina-de-pesquisa\/\">\n\t\t\t\t\t\t<span class=\"elementor-button-content-wrapper\">\n\t\t\t\t\t\t<span class=\"elementor-button-text\">Clique aqui<\/span>\n\t\t<\/span>\n\t\t\t\t\t<\/a>\n\t\t<\/div>\n\t\t\t\t<\/div>\n\t\t\t\t<\/div>\n\t\t\t\t\t\t<\/div>\n\t\t\t\t\t<\/div>\n\t\t<\/div>\n\t\t\t\t\t\t\t\t<\/div>\n\t\t\t\t\t<\/div>\n\t\t<\/section>\n\t\t\t\t\t\t\t\t\t<\/div>\n\t\t\t<\/div>\n\t\t\t\t\t<\/div>\n\t\t","protected":false},"excerpt":{"rendered":"<p>Venda Al\u00e9m dos reparos, h\u00e1 uma demanda crescente por estoque de itens sobressalentes para reposi\u00e7\u00e3o imediata em caso de quebras inesperadas de m\u00e1quinas e paradas de produ\u00e7\u00e3o. Al\u00e9m do seu pr\u00f3prio estoque, a EMtech possui um vasto invent\u00e1rio de produtos obsoletos, recondicionados e testados, gra\u00e7as a uma confi\u00e1vel rede internacional de parceiros. Para os produtos [&hellip;]<\/p>\n","protected":false},"author":2,"featured_media":0,"parent":0,"menu_order":0,"comment_status":"closed","ping_status":"closed","template":"","meta":{"footnotes":""},"acf":[],"yoast_head":"<!-- This site is optimized with the Yoast SEO Premium plugin v22.3 (Yoast SEO v22.3) - https:\/\/yoast.com\/wordpress\/plugins\/seo\/ -->\n<title>Venda | EMtech Industrial Repairs<\/title>\n<meta name=\"description\" content=\"Swift repairs based on expertise\" \/>\n<meta name=\"robots\" content=\"index, follow, max-snippet:-1, max-image-preview:large, max-video-preview:-1\" \/>\n<link rel=\"canonical\" href=\"https:\/\/emtech.nl\/pt-pt\/venda\/\" \/>\n<meta property=\"og:locale\" content=\"pt_PT\" \/>\n<meta property=\"og:type\" content=\"article\" \/>\n<meta property=\"og:title\" content=\"Venda\" \/>\n<meta property=\"og:description\" content=\"Swift repairs based on expertise\" \/>\n<meta property=\"og:url\" content=\"https:\/\/emtech.nl\/pt-pt\/venda\/\" \/>\n<meta property=\"og:site_name\" content=\"EMtech Industrial Repairs\" \/>\n<meta property=\"article:modified_time\" content=\"2025-12-17T09:37:54+00:00\" \/>\n<meta property=\"og:image\" content=\"https:\/\/emtech.nl\/wp-content\/uploads\/2021\/02\/Ontwerp-zonder-titel-11-1024x547.png\" \/>\n<meta name=\"twitter:card\" content=\"summary_large_image\" \/>\n<meta name=\"twitter:label1\" content=\"Tempo estimado de leitura\" \/>\n\t<meta name=\"twitter:data1\" content=\"2 minutos\" \/>\n<script type=\"application\/ld+json\" class=\"yoast-schema-graph\">{\"@context\":\"https:\/\/schema.org\",\"@graph\":[{\"@type\":\"WebPage\",\"@id\":\"https:\/\/emtech.nl\/pt-pt\/venda\/\",\"url\":\"https:\/\/emtech.nl\/pt-pt\/venda\/\",\"name\":\"Venda | EMtech Industrial Repairs\",\"isPartOf\":{\"@id\":\"https:\/\/emtech.nl\/#website\"},\"primaryImageOfPage\":{\"@id\":\"https:\/\/emtech.nl\/pt-pt\/venda\/#primaryimage\"},\"image\":{\"@id\":\"https:\/\/emtech.nl\/pt-pt\/venda\/#primaryimage\"},\"thumbnailUrl\":\"https:\/\/emtech.nl\/wp-content\/uploads\/2021\/02\/Ontwerp-zonder-titel-11-1024x547.png\",\"datePublished\":\"2021-02-25T10:05:12+00:00\",\"dateModified\":\"2025-12-17T09:37:54+00:00\",\"description\":\"Swift repairs based on expertise\",\"breadcrumb\":{\"@id\":\"https:\/\/emtech.nl\/pt-pt\/venda\/#breadcrumb\"},\"inLanguage\":\"pt-PT\",\"potentialAction\":[{\"@type\":\"ReadAction\",\"target\":[\"https:\/\/emtech.nl\/pt-pt\/venda\/\"]}]},{\"@type\":\"ImageObject\",\"inLanguage\":\"pt-PT\",\"@id\":\"https:\/\/emtech.nl\/pt-pt\/venda\/#primaryimage\",\"url\":\"https:\/\/emtech.nl\/wp-content\/uploads\/2021\/02\/Ontwerp-zonder-titel-11.png\",\"contentUrl\":\"https:\/\/emtech.nl\/wp-content\/uploads\/2021\/02\/Ontwerp-zonder-titel-11.png\",\"width\":1920,\"height\":1026},{\"@type\":\"BreadcrumbList\",\"@id\":\"https:\/\/emtech.nl\/pt-pt\/venda\/#breadcrumb\",\"itemListElement\":[{\"@type\":\"ListItem\",\"position\":1,\"name\":\"Home\",\"item\":\"https:\/\/emtech.nl\/\"},{\"@type\":\"ListItem\",\"position\":2,\"name\":\"Venda\"}]},{\"@type\":\"WebSite\",\"@id\":\"https:\/\/emtech.nl\/#website\",\"url\":\"https:\/\/emtech.nl\/\",\"name\":\"EMtech Industrial Repairs\",\"description\":\"Swift repairs based on expertise\",\"publisher\":{\"@id\":\"https:\/\/emtech.nl\/#organization\"},\"alternateName\":\"EMtech\",\"potentialAction\":[{\"@type\":\"SearchAction\",\"target\":{\"@type\":\"EntryPoint\",\"urlTemplate\":\"https:\/\/emtech.nl\/?s={search_term_string}\"},\"query-input\":\"required name=search_term_string\"}],\"inLanguage\":\"pt-PT\"},{\"@type\":\"Organization\",\"@id\":\"https:\/\/emtech.nl\/#organization\",\"name\":\"EMtech Industrial Repairs bv\",\"alternateName\":\"EMtech\",\"url\":\"https:\/\/emtech.nl\/\",\"logo\":{\"@type\":\"ImageObject\",\"inLanguage\":\"pt-PT\",\"@id\":\"https:\/\/emtech.nl\/#\/schema\/logo\/image\/\",\"url\":\"https:\/\/emtech.nl\/wp-content\/uploads\/2024\/02\/emtech_logo_400px_400px.jpg\",\"contentUrl\":\"https:\/\/emtech.nl\/wp-content\/uploads\/2024\/02\/emtech_logo_400px_400px.jpg\",\"width\":400,\"height\":400,\"caption\":\"EMtech Industrial Repairs bv\"},\"image\":{\"@id\":\"https:\/\/emtech.nl\/#\/schema\/logo\/image\/\"},\"sameAs\":[\"https:\/\/www.linkedin.com\/company\/emtech-industrial-repairs-bv\/\",\"https:\/\/www.youtube.com\/@emtechindustrialrepairs4219\"],\"description\":\"EMtech is een Team professionele Research & Repair Engineers met passie en focus voor reparatie van defecte industri\u00eble elektronica gevestigd in Brainport Helmond, vlak naast Eindhoven. EMtech specialiseert zich in de ondersteuning van grote continu industrie door professionele snelle reparaties van besturingselektronica.\",\"email\":\"verkoop@emtech.nl\",\"telephone\":\"+31 492 472 410\",\"legalName\":\"EMtech Industrial Repairs bv\",\"foundingDate\":\"2006-01-01\",\"vatID\":\"NL817122357B01\",\"numberOfEmployees\":{\"@type\":\"QuantitativeValue\",\"minValue\":\"11\",\"maxValue\":\"50\"}}]}<\/script>\n<!-- \/ Yoast SEO Premium plugin. -->","yoast_head_json":{"title":"Venda | EMtech Industrial Repairs","description":"Swift repairs based on expertise","robots":{"index":"index","follow":"follow","max-snippet":"max-snippet:-1","max-image-preview":"max-image-preview:large","max-video-preview":"max-video-preview:-1"},"canonical":"https:\/\/emtech.nl\/pt-pt\/venda\/","og_locale":"pt_PT","og_type":"article","og_title":"Venda","og_description":"Swift repairs based on expertise","og_url":"https:\/\/emtech.nl\/pt-pt\/venda\/","og_site_name":"EMtech Industrial Repairs","article_modified_time":"2025-12-17T09:37:54+00:00","og_image":[{"url":"https:\/\/emtech.nl\/wp-content\/uploads\/2021\/02\/Ontwerp-zonder-titel-11-1024x547.png"}],"twitter_card":"summary_large_image","twitter_misc":{"Tempo estimado de leitura":"2 minutos"},"schema":{"@context":"https:\/\/schema.org","@graph":[{"@type":"WebPage","@id":"https:\/\/emtech.nl\/pt-pt\/venda\/","url":"https:\/\/emtech.nl\/pt-pt\/venda\/","name":"Venda | EMtech Industrial Repairs","isPartOf":{"@id":"https:\/\/emtech.nl\/#website"},"primaryImageOfPage":{"@id":"https:\/\/emtech.nl\/pt-pt\/venda\/#primaryimage"},"image":{"@id":"https:\/\/emtech.nl\/pt-pt\/venda\/#primaryimage"},"thumbnailUrl":"https:\/\/emtech.nl\/wp-content\/uploads\/2021\/02\/Ontwerp-zonder-titel-11-1024x547.png","datePublished":"2021-02-25T10:05:12+00:00","dateModified":"2025-12-17T09:37:54+00:00","description":"Swift repairs based on expertise","breadcrumb":{"@id":"https:\/\/emtech.nl\/pt-pt\/venda\/#breadcrumb"},"inLanguage":"pt-PT","potentialAction":[{"@type":"ReadAction","target":["https:\/\/emtech.nl\/pt-pt\/venda\/"]}]},{"@type":"ImageObject","inLanguage":"pt-PT","@id":"https:\/\/emtech.nl\/pt-pt\/venda\/#primaryimage","url":"https:\/\/emtech.nl\/wp-content\/uploads\/2021\/02\/Ontwerp-zonder-titel-11.png","contentUrl":"https:\/\/emtech.nl\/wp-content\/uploads\/2021\/02\/Ontwerp-zonder-titel-11.png","width":1920,"height":1026},{"@type":"BreadcrumbList","@id":"https:\/\/emtech.nl\/pt-pt\/venda\/#breadcrumb","itemListElement":[{"@type":"ListItem","position":1,"name":"Home","item":"https:\/\/emtech.nl\/"},{"@type":"ListItem","position":2,"name":"Venda"}]},{"@type":"WebSite","@id":"https:\/\/emtech.nl\/#website","url":"https:\/\/emtech.nl\/","name":"EMtech Industrial Repairs","description":"Swift repairs based on expertise","publisher":{"@id":"https:\/\/emtech.nl\/#organization"},"alternateName":"EMtech","potentialAction":[{"@type":"SearchAction","target":{"@type":"EntryPoint","urlTemplate":"https:\/\/emtech.nl\/?s={search_term_string}"},"query-input":"required name=search_term_string"}],"inLanguage":"pt-PT"},{"@type":"Organization","@id":"https:\/\/emtech.nl\/#organization","name":"EMtech Industrial Repairs bv","alternateName":"EMtech","url":"https:\/\/emtech.nl\/","logo":{"@type":"ImageObject","inLanguage":"pt-PT","@id":"https:\/\/emtech.nl\/#\/schema\/logo\/image\/","url":"https:\/\/emtech.nl\/wp-content\/uploads\/2024\/02\/emtech_logo_400px_400px.jpg","contentUrl":"https:\/\/emtech.nl\/wp-content\/uploads\/2024\/02\/emtech_logo_400px_400px.jpg","width":400,"height":400,"caption":"EMtech Industrial Repairs bv"},"image":{"@id":"https:\/\/emtech.nl\/#\/schema\/logo\/image\/"},"sameAs":["https:\/\/www.linkedin.com\/company\/emtech-industrial-repairs-bv\/","https:\/\/www.youtube.com\/@emtechindustrialrepairs4219"],"description":"EMtech is een Team professionele Research & Repair Engineers met passie en focus voor reparatie van defecte industri\u00eble elektronica gevestigd in Brainport Helmond, vlak naast Eindhoven. EMtech specialiseert zich in de ondersteuning van grote continu industrie door professionele snelle reparaties van besturingselektronica.","email":"verkoop@emtech.nl","telephone":"+31 492 472 410","legalName":"EMtech Industrial Repairs bv","foundingDate":"2006-01-01","vatID":"NL817122357B01","numberOfEmployees":{"@type":"QuantitativeValue","minValue":"11","maxValue":"50"}}]}},"_links":{"self":[{"href":"https:\/\/emtech.nl\/pt-pt\/wp-json\/wp\/v2\/pages\/1137621"}],"collection":[{"href":"https:\/\/emtech.nl\/pt-pt\/wp-json\/wp\/v2\/pages"}],"about":[{"href":"https:\/\/emtech.nl\/pt-pt\/wp-json\/wp\/v2\/types\/page"}],"author":[{"embeddable":true,"href":"https:\/\/emtech.nl\/pt-pt\/wp-json\/wp\/v2\/users\/2"}],"replies":[{"embeddable":true,"href":"https:\/\/emtech.nl\/pt-pt\/wp-json\/wp\/v2\/comments?post=1137621"}],"version-history":[{"count":0,"href":"https:\/\/emtech.nl\/pt-pt\/wp-json\/wp\/v2\/pages\/1137621\/revisions"}],"wp:attachment":[{"href":"https:\/\/emtech.nl\/pt-pt\/wp-json\/wp\/v2\/media?parent=1137621"}],"curies":[{"name":"wp","href":"https:\/\/api.w.org\/{rel}","templated":true}]}}