{"id":1136565,"date":"2021-03-11T12:58:12","date_gmt":"2021-03-11T11:58:12","guid":{"rendered":"https:\/\/emtech.nl\/declaracao-de-privacidade\/"},"modified":"2025-01-27T16:17:54","modified_gmt":"2025-01-27T15:17:54","slug":"declaracao-de-privacidade","status":"publish","type":"page","link":"https:\/\/emtech.nl\/pt-pt\/declaracao-de-privacidade\/","title":{"rendered":"Declara\u00e7\u00e3o de privacidade"},"content":{"rendered":"\t\t<div data-elementor-type=\"wp-page\" data-elementor-id=\"1136565\" class=\"elementor elementor-1136565 elementor-2809\" data-elementor-post-type=\"page\">\n\t\t\t\t\t\t<div class=\"elementor-inner\">\n\t\t\t\t<div class=\"elementor-section-wrap\">\n\t\t\t\t\t\t\t\t\t<section class=\"elementor-section elementor-top-section elementor-element elementor-element-9d8bf0a elementor-section-full_width elementor-section-height-default elementor-section-height-default\" data-id=\"9d8bf0a\" data-element_type=\"section\" data-settings=\"{&quot;jet_parallax_layout_list&quot;:[],&quot;background_background&quot;:&quot;classic&quot;}\">\n\t\t\t\t\t\t<div class=\"elementor-container elementor-column-gap-default\">\n\t\t\t\t\t\t\t<div class=\"elementor-row\">\n\t\t\t\t\t<div class=\"elementor-column elementor-col-100 elementor-top-column elementor-element elementor-element-ca15669\" data-id=\"ca15669\" data-element_type=\"column\">\n\t\t\t<div class=\"elementor-column-wrap elementor-element-populated\">\n\t\t\t\t\t\t\t<div class=\"elementor-widget-wrap\">\n\t\t\t\t\t\t<div class=\"elementor-element elementor-element-70131a1 elementor-widget elementor-widget-text-editor\" data-id=\"70131a1\" data-element_type=\"widget\" data-widget_type=\"text-editor.default\">\n\t\t\t\t<div class=\"elementor-widget-container\">\n\t\t\t\t\t\t\t\t<div class=\"elementor-text-editor elementor-clearfix\">\n\t\t\t\t<header class=\"entry-header ast-no-thumbnail ast-no-meta\">\n<h1><strong><span style=\"color: #003163;\">Declara\u00e7\u00e3o de privacidade EMtech<\/span><\/strong><\/h1>\n<p>Esta \u00e9 a declara\u00e7\u00e3o de privacidade da EMtech Industrial Repairs bv localizada em 5706 TK Helmond em Wethouder van Nunenstraat 10 (doravante: EMtech), www.emtech.nl.<\/p>\n<h2><strong><span style=\"color: #003163;\">1. Aplicabilidade<\/span><\/strong><\/h2>\n<p>Esta declara\u00e7\u00e3o de privacidade aplica-se a todas as informa\u00e7\u00f5es sens\u00edveis \u00e0 privacidade ou dados pessoais que voc\u00ea nos fornece, por exemplo, atrav\u00e9s de um formul\u00e1rio de registro, formul\u00e1rio de contato ou pedidos que voc\u00ea faz. Atribu\u00edmos grande import\u00e2ncia \u00e0 privacidade dos nossos clientes e, por isso, exercemos o m\u00e1ximo cuidado no tratamento e prote\u00e7\u00e3o dos dados pessoais. Processamos os dados de acordo com as condi\u00e7\u00f5es estabelecidas no Regulamento Geral de Prote\u00e7\u00e3o de Dados (RGPD). A EMtech Industrial Repairs bv \u00e9 respons\u00e1vel, na ace\u00e7\u00e3o do GDPR, pelo processamento dos seus dados pessoais. Isto significa que s\u00f3 n\u00f3s determinamos quais os dados pessoais que s\u00e3o tratados, com que finalidade e de que forma. Somos respons\u00e1veis \u200b\u200bpor garantir que os seus dados pessoais s\u00e3o processados \u200b\u200bde forma adequada e cuidadosa, de acordo com o RGPD. Nesta declara\u00e7\u00e3o de privacidade explicamos quais dados tratamos e para que finalidades s\u00e3o utilizados.      <\/p>\n<h2><strong><span style=\"color: #003163;\">2. Vis\u00e3o geral dos dados pessoais<\/span><\/strong><\/h2>\n<p>Abaixo voc\u00ea encontrar\u00e1 uma vis\u00e3o geral dos dados pessoais que processamos:<\/p>\n<ul>\n<li>Nome e sobrenome<\/li>\n<li>Sexo<\/li>\n<li>Detalhes do endere\u00e7o<\/li>\n<li>N\u00famero de telefone<\/li>\n<li>Endere\u00e7o de email<\/li>\n<li><span style=\"font-size: 16px;\">Endere\u00e7o IP de um visitante do site<\/span><\/li>\n<\/ul>\n<h2><strong><span style=\"color: #003163;\">3. Finalidade e bases do tratamento de dados pessoais<\/span><\/strong><\/h2>\n<p>Ao concordar com esta declara\u00e7\u00e3o de privacidade, voc\u00ea concorda explicitamente, na acep\u00e7\u00e3o do Artigo 6(1)(a) do RGPD, com o processamento de seus dados pessoais para os fins mencionados abaixo. Voc\u00ea pode retirar este consentimento a qualquer momento. No entanto, se voc\u00ea n\u00e3o nos fornecer determinadas informa\u00e7\u00f5es ou n\u00e3o nos permitir process\u00e1-las, poderemos n\u00e3o conseguir atend\u00ea-lo adequadamente.  <\/p>\n<p>Se n\u00e3o nos tiver dado consentimento expl\u00edcito para processar os seus dados pessoais ou se tiver retirado esse consentimento, o Artigo 6(1)(b), (c) e\/ou (f) do RGPD poder\u00e1 aplicar-se ao processamento dos seus dados pessoais. Nesse caso Neste caso, o tratamento dos seus dados pessoais poder\u00e1 ocorrer sem o seu consentimento, desde que tal seja necess\u00e1rio para a execu\u00e7\u00e3o de um contrato do qual voc\u00ea seja parte, ou seja necess\u00e1rio para a representa\u00e7\u00e3o dos interesses leg\u00edtimos da EMtech Industrial. Repara\u00e7\u00f5es por. Temos a obriga\u00e7\u00e3o legal de processar os seus dados pessoais. processo.<\/p>\n<h3><span style=\"color: #003163;\"><strong>3.1 Processamos os seus dados pessoais para as seguintes finalidades:<\/strong><\/span><\/h3>\n<p>Execu\u00e7\u00e3o do contrato que celebramos consigo, nomeadamente: Para lhe entregar os bens ou servi\u00e7os Processar o seu pagamento Enviar a nossa newsletter e\/ou brochura publicit\u00e1ria Para poder telefonar-lhe ou enviar-lhe um e-mail se tal for necess\u00e1rio para a execu\u00e7\u00e3o do acordo celebrado consigo Para inform\u00e1-lo sobre altera\u00e7\u00f5es nos nossos servi\u00e7os e produtos N\u00e3o armazenamos os seus dados pessoais por mais tempo do que o estritamente necess\u00e1rio para atingir os fins para os quais os seus dados s\u00e3o recolhidos. Divulga\u00e7\u00e3o a terceiros Poderemos compartilhar suas informa\u00e7\u00f5es pessoais com terceiros se isso for compat\u00edvel com os prop\u00f3sitos indicados acima. O fornecimento a terceiros pode ser necess\u00e1rio para a execu\u00e7\u00e3o do acordo que celebramos consigo, pode ser necess\u00e1rio para a representa\u00e7\u00e3o de um interesse leg\u00edtimo nosso, ou pode ser necess\u00e1rio para cumprir qualquer obriga\u00e7\u00e3o legal que tenhamos. Celebramos um acordo de processamento com empresas que processam os seus dados em nosso nome para garantir o mesmo n\u00edvel de seguran\u00e7a e confidencialidade dos seus dados. Continuamos respons\u00e1veis \u200b\u200bpor esses processos. Para al\u00e9m das situa\u00e7\u00f5es anteriores, apenas fornecemos os seus dados pessoais a terceiros com o seu consentimento expl\u00edcito.     <\/p>\n<h3><strong><span style=\"color: #003163;\">3.2 Fins comerciais<\/span><\/strong><\/h3>\n<p>Os seus dados n\u00e3o ser\u00e3o vendidos ou partilhados com terceiros para fins comerciais, a menos que voc\u00ea d\u00ea permiss\u00e3o expl\u00edcita para tal. Poderemos utilizar os seus dados pessoais para fins comerciais, por exemplo, para lhe fornecer mais informa\u00e7\u00f5es sobre os nossos servi\u00e7os ou produtos ou servi\u00e7os relevantes de organiza\u00e7\u00f5es cuidadosamente selecionadas. Nesse caso, voc\u00ea s\u00f3 ser\u00e1 informado no endere\u00e7o de e-mail cadastrado. Caso n\u00e3o pretenda receber informa\u00e7\u00f5es sobre produtos ou servi\u00e7os relevantes, poder\u00e1 facilmente indic\u00e1-lo clicando em \u201ccancelar subscri\u00e7\u00e3o\u201d no e-mail recebido.   <\/p>\n<h2><strong><span style=\"color: #003163;\">4. Visualize, corrija ou exclua<\/span><\/strong><\/h2>\n<p>Voc\u00ea pode enviar um pedido de acesso, corre\u00e7\u00e3o, exclus\u00e3o, transfer\u00eancia de dados dos seus dados pessoais, pedido de retirada do seu consentimento ou oposi\u00e7\u00e3o ao processamento dos seus dados pessoais para sales@emtech.nl.<\/p>\n<p>Tem o direito de visualizar, corrigir, eliminar ou limitar o tratamento dos seus dados pessoais. Al\u00e9m disso, voc\u00ea tem o direito de retirar seu consentimento para o processamento de dados e o processamento de seus dados pessoais ou de se opor. <\/p>\n<p>Voc\u00ea tem direito \u00e0 portabilidade de dados (\u201cportabilidade de dados\u201d) se tivermos dados pessoais digitais que processamos com o seu consentimento ou processamos para cumprir um acordo que celebramos com voc\u00ea. Isso significa que voc\u00ea pode nos enviar uma solicita\u00e7\u00e3o de dados pessoais digitais que armazenamos sobre voc\u00ea em um arquivo de computador leg\u00edvel para voc\u00ea ou outra organiza\u00e7\u00e3o especificada por voc\u00ea. <\/p>\n<p>Para garantir que o pedido de acesso foi feito por voc\u00ea, solicitamos que voc\u00ea anexe uma c\u00f3pia do seu comprovante de identidade ao pedido. Deixe a foto do seu passaporte, MRZ (zona de leitura autom\u00e1tica, faixa com n\u00fameros na parte inferior do passaporte), n\u00famero do passaporte e N\u00famero de Atendimento ao Cidad\u00e3o (BSN) em preto nesta c\u00f3pia. Isto \u00e9 para proteger sua privacidade. Responderemos \u00e0 sua solicita\u00e7\u00e3o o mais r\u00e1pido poss\u00edvel, mas dentro de quatro semanas. Gostar\u00edamos tamb\u00e9m de salientar que voc\u00ea tem a op\u00e7\u00e3o de registrar uma reclama\u00e7\u00e3o junto \u00e0 autoridade supervisora \u200b\u200bnacional, a Autoridade Holandesa de Prote\u00e7\u00e3o de Dados.    <\/p>\n<h2><span style=\"color: #003163;\"><strong>5. Contate-nos<\/strong><\/span><\/h2>\n<p>Levamos a s\u00e9rio a prote\u00e7\u00e3o dos seus dados e tomamos medidas apropriadas para evitar uso indevido, perda, acesso n\u00e3o autorizado, divulga\u00e7\u00e3o indesejada e modifica\u00e7\u00e3o n\u00e3o autorizada. Se voc\u00ea tiver a impress\u00e3o de que seus dados n\u00e3o est\u00e3o devidamente protegidos ou h\u00e1 ind\u00edcios de uso indevido, entre em contato com sales@emtech.nl. <\/p>\n<p><strong>EMtech Reparos Industriais bv<\/strong><br \/> Vereador de Nunenstraat 10<br \/> 5706 TK Helmond Holanda<\/p>\n<p>E-mail: sales@emtech.nl<br \/> Tel: +31 40 8080 100<\/p>\n<p>C\u00e2mara de Com\u00e9rcio: 17192652<\/p>\n<\/header>\n\t\t\t\t\t<\/div>\n\t\t\t\t\t\t<\/div>\n\t\t\t\t<\/div>\n\t\t\t\t\t\t<\/div>\n\t\t\t\t\t<\/div>\n\t\t<\/div>\n\t\t\t\t\t\t\t\t<\/div>\n\t\t\t\t\t<\/div>\n\t\t<\/section>\n\t\t\t\t\t\t\t\t\t<\/div>\n\t\t\t<\/div>\n\t\t\t\t\t<\/div>\n\t\t","protected":false},"excerpt":{"rendered":"<p>Declara\u00e7\u00e3o de privacidade EMtech Esta \u00e9 a declara\u00e7\u00e3o de privacidade da EMtech Industrial Repairs bv localizada em 5706 TK Helmond em Wethouder van Nunenstraat 10 (doravante: EMtech), www.emtech.nl. 1. Aplicabilidade Esta declara\u00e7\u00e3o de privacidade aplica-se a todas as informa\u00e7\u00f5es sens\u00edveis \u00e0 privacidade ou dados pessoais que voc\u00ea nos fornece, por exemplo, atrav\u00e9s de um formul\u00e1rio [&hellip;]<\/p>\n","protected":false},"author":2,"featured_media":0,"parent":0,"menu_order":0,"comment_status":"closed","ping_status":"closed","template":"","meta":{"footnotes":""},"acf":[],"yoast_head":"<!-- This site is optimized with the Yoast SEO Premium plugin v22.3 (Yoast SEO v22.3) - https:\/\/yoast.com\/wordpress\/plugins\/seo\/ -->\n<title>Declara\u00e7\u00e3o de privacidade | EMtech Industrial Repairs<\/title>\n<meta name=\"description\" content=\"Swift repairs based on expertise\" \/>\n<meta name=\"robots\" content=\"index, follow, max-snippet:-1, max-image-preview:large, max-video-preview:-1\" \/>\n<link rel=\"canonical\" href=\"https:\/\/emtech.nl\/privacy-statement\/\" \/>\n<meta property=\"og:locale\" content=\"pt_PT\" \/>\n<meta property=\"og:type\" content=\"article\" \/>\n<meta property=\"og:title\" content=\"Declara\u00e7\u00e3o de privacidade\" \/>\n<meta property=\"og:description\" content=\"Swift repairs based on expertise\" \/>\n<meta property=\"og:url\" content=\"https:\/\/emtech.nl\/privacy-statement\/\" \/>\n<meta property=\"og:site_name\" content=\"EMtech Industrial Repairs\" \/>\n<meta property=\"article:modified_time\" content=\"2025-01-27T15:17:54+00:00\" \/>\n<meta property=\"og:image\" content=\"https:\/\/emtech.nl\/wp-content\/uploads\/2024\/01\/emtech_logo.png\" \/>\n\t<meta property=\"og:image:width\" content=\"1200\" \/>\n\t<meta property=\"og:image:height\" content=\"675\" \/>\n\t<meta property=\"og:image:type\" content=\"image\/png\" \/>\n<meta name=\"twitter:card\" content=\"summary_large_image\" \/>\n<meta name=\"twitter:label1\" content=\"Tempo estimado de leitura\" \/>\n\t<meta name=\"twitter:data1\" content=\"5 minutos\" \/>\n<script type=\"application\/ld+json\" class=\"yoast-schema-graph\">{\"@context\":\"https:\/\/schema.org\",\"@graph\":[{\"@type\":\"WebPage\",\"@id\":\"https:\/\/emtech.nl\/privacy-statement\/\",\"url\":\"https:\/\/emtech.nl\/privacy-statement\/\",\"name\":\"Declara\u00e7\u00e3o de privacidade | EMtech Industrial Repairs\",\"isPartOf\":{\"@id\":\"https:\/\/emtech.nl\/#website\"},\"datePublished\":\"2021-03-11T11:58:12+00:00\",\"dateModified\":\"2025-01-27T15:17:54+00:00\",\"description\":\"Swift repairs based on expertise\",\"breadcrumb\":{\"@id\":\"https:\/\/emtech.nl\/privacy-statement\/#breadcrumb\"},\"inLanguage\":\"pt-PT\",\"potentialAction\":[{\"@type\":\"ReadAction\",\"target\":[\"https:\/\/emtech.nl\/privacy-statement\/\"]}]},{\"@type\":\"BreadcrumbList\",\"@id\":\"https:\/\/emtech.nl\/privacy-statement\/#breadcrumb\",\"itemListElement\":[{\"@type\":\"ListItem\",\"position\":1,\"name\":\"Home\",\"item\":\"https:\/\/emtech.nl\/\"},{\"@type\":\"ListItem\",\"position\":2,\"name\":\"Declara\u00e7\u00e3o de privacidade\"}]},{\"@type\":\"WebSite\",\"@id\":\"https:\/\/emtech.nl\/#website\",\"url\":\"https:\/\/emtech.nl\/\",\"name\":\"EMtech Industrial Repairs\",\"description\":\"Swift repairs based on expertise\",\"publisher\":{\"@id\":\"https:\/\/emtech.nl\/#organization\"},\"alternateName\":\"EMtech\",\"potentialAction\":[{\"@type\":\"SearchAction\",\"target\":{\"@type\":\"EntryPoint\",\"urlTemplate\":\"https:\/\/emtech.nl\/?s={search_term_string}\"},\"query-input\":\"required name=search_term_string\"}],\"inLanguage\":\"pt-PT\"},{\"@type\":\"Organization\",\"@id\":\"https:\/\/emtech.nl\/#organization\",\"name\":\"EMtech Industrial Repairs bv\",\"alternateName\":\"EMtech\",\"url\":\"https:\/\/emtech.nl\/\",\"logo\":{\"@type\":\"ImageObject\",\"inLanguage\":\"pt-PT\",\"@id\":\"https:\/\/emtech.nl\/#\/schema\/logo\/image\/\",\"url\":\"https:\/\/emtech.nl\/wp-content\/uploads\/2024\/02\/emtech_logo_400px_400px.jpg\",\"contentUrl\":\"https:\/\/emtech.nl\/wp-content\/uploads\/2024\/02\/emtech_logo_400px_400px.jpg\",\"width\":400,\"height\":400,\"caption\":\"EMtech Industrial Repairs bv\"},\"image\":{\"@id\":\"https:\/\/emtech.nl\/#\/schema\/logo\/image\/\"},\"sameAs\":[\"https:\/\/www.linkedin.com\/company\/emtech-industrial-repairs-bv\/\",\"https:\/\/www.youtube.com\/@emtechindustrialrepairs4219\"],\"description\":\"EMtech is een Team professionele Research & Repair Engineers met passie en focus voor reparatie van defecte industri\u00eble elektronica gevestigd in Brainport Helmond, vlak naast Eindhoven. EMtech specialiseert zich in de ondersteuning van grote continu industrie door professionele snelle reparaties van besturingselektronica.\",\"email\":\"verkoop@emtech.nl\",\"telephone\":\"+31 492 472 410\",\"legalName\":\"EMtech Industrial Repairs bv\",\"foundingDate\":\"2006-01-01\",\"vatID\":\"NL817122357B01\",\"numberOfEmployees\":{\"@type\":\"QuantitativeValue\",\"minValue\":\"11\",\"maxValue\":\"50\"}}]}<\/script>\n<!-- \/ Yoast SEO Premium plugin. -->","yoast_head_json":{"title":"Declara\u00e7\u00e3o de privacidade | EMtech Industrial Repairs","description":"Swift repairs based on expertise","robots":{"index":"index","follow":"follow","max-snippet":"max-snippet:-1","max-image-preview":"max-image-preview:large","max-video-preview":"max-video-preview:-1"},"canonical":"https:\/\/emtech.nl\/privacy-statement\/","og_locale":"pt_PT","og_type":"article","og_title":"Declara\u00e7\u00e3o de privacidade","og_description":"Swift repairs based on expertise","og_url":"https:\/\/emtech.nl\/privacy-statement\/","og_site_name":"EMtech Industrial Repairs","article_modified_time":"2025-01-27T15:17:54+00:00","og_image":[{"width":1200,"height":675,"url":"https:\/\/emtech.nl\/wp-content\/uploads\/2024\/01\/emtech_logo.png","type":"image\/png"}],"twitter_card":"summary_large_image","twitter_misc":{"Tempo estimado de leitura":"5 minutos"},"schema":{"@context":"https:\/\/schema.org","@graph":[{"@type":"WebPage","@id":"https:\/\/emtech.nl\/privacy-statement\/","url":"https:\/\/emtech.nl\/privacy-statement\/","name":"Declara\u00e7\u00e3o de privacidade | EMtech Industrial Repairs","isPartOf":{"@id":"https:\/\/emtech.nl\/#website"},"datePublished":"2021-03-11T11:58:12+00:00","dateModified":"2025-01-27T15:17:54+00:00","description":"Swift repairs based on expertise","breadcrumb":{"@id":"https:\/\/emtech.nl\/privacy-statement\/#breadcrumb"},"inLanguage":"pt-PT","potentialAction":[{"@type":"ReadAction","target":["https:\/\/emtech.nl\/privacy-statement\/"]}]},{"@type":"BreadcrumbList","@id":"https:\/\/emtech.nl\/privacy-statement\/#breadcrumb","itemListElement":[{"@type":"ListItem","position":1,"name":"Home","item":"https:\/\/emtech.nl\/"},{"@type":"ListItem","position":2,"name":"Declara\u00e7\u00e3o de privacidade"}]},{"@type":"WebSite","@id":"https:\/\/emtech.nl\/#website","url":"https:\/\/emtech.nl\/","name":"EMtech Industrial Repairs","description":"Swift repairs based on expertise","publisher":{"@id":"https:\/\/emtech.nl\/#organization"},"alternateName":"EMtech","potentialAction":[{"@type":"SearchAction","target":{"@type":"EntryPoint","urlTemplate":"https:\/\/emtech.nl\/?s={search_term_string}"},"query-input":"required name=search_term_string"}],"inLanguage":"pt-PT"},{"@type":"Organization","@id":"https:\/\/emtech.nl\/#organization","name":"EMtech Industrial Repairs bv","alternateName":"EMtech","url":"https:\/\/emtech.nl\/","logo":{"@type":"ImageObject","inLanguage":"pt-PT","@id":"https:\/\/emtech.nl\/#\/schema\/logo\/image\/","url":"https:\/\/emtech.nl\/wp-content\/uploads\/2024\/02\/emtech_logo_400px_400px.jpg","contentUrl":"https:\/\/emtech.nl\/wp-content\/uploads\/2024\/02\/emtech_logo_400px_400px.jpg","width":400,"height":400,"caption":"EMtech Industrial Repairs bv"},"image":{"@id":"https:\/\/emtech.nl\/#\/schema\/logo\/image\/"},"sameAs":["https:\/\/www.linkedin.com\/company\/emtech-industrial-repairs-bv\/","https:\/\/www.youtube.com\/@emtechindustrialrepairs4219"],"description":"EMtech is een Team professionele Research & Repair Engineers met passie en focus voor reparatie van defecte industri\u00eble elektronica gevestigd in Brainport Helmond, vlak naast Eindhoven. EMtech specialiseert zich in de ondersteuning van grote continu industrie door professionele snelle reparaties van besturingselektronica.","email":"verkoop@emtech.nl","telephone":"+31 492 472 410","legalName":"EMtech Industrial Repairs bv","foundingDate":"2006-01-01","vatID":"NL817122357B01","numberOfEmployees":{"@type":"QuantitativeValue","minValue":"11","maxValue":"50"}}]}},"_links":{"self":[{"href":"https:\/\/emtech.nl\/pt-pt\/wp-json\/wp\/v2\/pages\/1136565"}],"collection":[{"href":"https:\/\/emtech.nl\/pt-pt\/wp-json\/wp\/v2\/pages"}],"about":[{"href":"https:\/\/emtech.nl\/pt-pt\/wp-json\/wp\/v2\/types\/page"}],"author":[{"embeddable":true,"href":"https:\/\/emtech.nl\/pt-pt\/wp-json\/wp\/v2\/users\/2"}],"replies":[{"embeddable":true,"href":"https:\/\/emtech.nl\/pt-pt\/wp-json\/wp\/v2\/comments?post=1136565"}],"version-history":[{"count":0,"href":"https:\/\/emtech.nl\/pt-pt\/wp-json\/wp\/v2\/pages\/1136565\/revisions"}],"wp:attachment":[{"href":"https:\/\/emtech.nl\/pt-pt\/wp-json\/wp\/v2\/media?parent=1136565"}],"curies":[{"name":"wp","href":"https:\/\/api.w.org\/{rel}","templated":true}]}}