{"id":1137434,"date":"2021-02-10T14:40:23","date_gmt":"2021-02-10T13:40:23","guid":{"rendered":"https:\/\/emtech.nl\/zglos-naprawe\/"},"modified":"2026-03-04T11:22:34","modified_gmt":"2026-03-04T10:22:34","slug":"zglos-naprawe","status":"publish","type":"page","link":"https:\/\/emtech.nl\/pl\/zglos-naprawe\/","title":{"rendered":"Zg\u0142o\u015b napraw\u0119"},"content":{"rendered":"\t\t<div data-elementor-type=\"wp-page\" data-elementor-id=\"1137434\" class=\"elementor elementor-1137434 elementor-352\" data-elementor-post-type=\"page\">\n\t\t\t\t\t\t<div class=\"elementor-inner\">\n\t\t\t\t<div class=\"elementor-section-wrap\">\n\t\t\t\t\t\t\t\t\t<section class=\"elementor-section elementor-top-section elementor-element elementor-element-a7d4b41 elementor-section-full_width elementor-section-stretched elementor-section-height-default elementor-section-height-default\" data-id=\"a7d4b41\" data-element_type=\"section\" data-settings=\"{&quot;stretch_section&quot;:&quot;section-stretched&quot;,&quot;jet_parallax_layout_list&quot;:[],&quot;background_background&quot;:&quot;classic&quot;}\">\n\t\t\t\t\t\t<div class=\"elementor-container elementor-column-gap-default\">\n\t\t\t\t\t\t\t<div class=\"elementor-row\">\n\t\t\t\t\t<div class=\"elementor-column elementor-col-100 elementor-top-column elementor-element elementor-element-f33711d\" data-id=\"f33711d\" data-element_type=\"column\">\n\t\t\t<div class=\"elementor-column-wrap elementor-element-populated\">\n\t\t\t\t\t\t\t<div class=\"elementor-widget-wrap\">\n\t\t\t\t\t\t<div class=\"elementor-element elementor-element-146b98e elementor-widget elementor-widget-heading\" data-id=\"146b98e\" data-element_type=\"widget\" data-widget_type=\"heading.default\">\n\t\t\t\t<div class=\"elementor-widget-container\">\n\t\t\t<h2 class=\"elementor-heading-title elementor-size-default\">Naprawa<br> Formularz rejestracyjny<\/h2>\t\t<\/div>\n\t\t\t\t<\/div>\n\t\t\t\t\t\t<\/div>\n\t\t\t\t\t<\/div>\n\t\t<\/div>\n\t\t\t\t\t\t\t\t<\/div>\n\t\t\t\t\t<\/div>\n\t\t<\/section>\n\t\t\t\t<section class=\"elementor-section elementor-top-section elementor-element elementor-element-3d0b5436 elementor-section-full_width elementor-section-stretched elementor-section-height-min-height elementor-section-items-top elementor-section-height-default\" data-id=\"3d0b5436\" data-element_type=\"section\" data-settings=\"{&quot;stretch_section&quot;:&quot;section-stretched&quot;,&quot;background_background&quot;:&quot;classic&quot;,&quot;jet_parallax_layout_list&quot;:[]}\">\n\t\t\t\t\t\t<div class=\"elementor-container elementor-column-gap-default\">\n\t\t\t\t\t\t\t<div class=\"elementor-row\">\n\t\t\t\t\t<div class=\"elementor-column elementor-col-100 elementor-top-column elementor-element elementor-element-5b3e03b1\" data-id=\"5b3e03b1\" data-element_type=\"column\">\n\t\t\t<div class=\"elementor-column-wrap elementor-element-populated\">\n\t\t\t\t\t\t\t<div class=\"elementor-widget-wrap\">\n\t\t\t\t\t\t<div class=\"elementor-element elementor-element-74a8d38 jedv-enabled--yes elementor-widget elementor-widget-heading\" data-id=\"74a8d38\" data-element_type=\"widget\" data-widget_type=\"heading.default\">\n\t\t\t\t<div class=\"elementor-widget-container\">\n\t\t\t<div class=\"elementor-heading-title elementor-size-default\">Zaloguj si\u0119\/zarejestruj si\u0119 przed wype\u0142nieniem formularza<\/div>\t\t<\/div>\n\t\t\t\t<\/div>\n\t\t\t\t<div class=\"elementor-element elementor-element-a0478eb jedv-enabled--yes elementor-widget elementor-widget-login\" data-id=\"a0478eb\" data-element_type=\"widget\" data-widget_type=\"login.default\">\n\t\t\t\t<div class=\"elementor-widget-container\">\n\t\t\t\t\t<form class=\"elementor-login elementor-form\" method=\"post\" action=\"https:\/\/emtech.nl\/pl\/wp-login.php\">\n\t\t\t<input type=\"hidden\" name=\"redirect_to\" value=\"\/pl\/wp-json\/wp\/v2\/pages\/1137434\">\n\t\t\t<div class=\"elementor-form-fields-wrapper\">\n\t\t\t\t<div class=\"elementor-field-type-text elementor-field-group elementor-column elementor-col-100 elementor-field-required\">\n\t\t\t\t\t<label for=\"user\">Nazwa u\u017cytkownika lub adres e-mail<\/label>\t\t\t\t\t<input size=\"1\" type=\"text\" name=\"log\" id=\"user\" placeholder=\"\" class=\"elementor-field elementor-field-textual elementor-size-sm\">\n\t\t\t\t<\/div>\n\t\t\t\t<div class=\"elementor-field-type-text elementor-field-group elementor-column elementor-col-100 elementor-field-required\">\n\t\t\t\t\t<label for=\"password\">Has\u0142o<\/label>\t\t\t\t\t<input size=\"1\" type=\"password\" name=\"pwd\" id=\"password\" placeholder=\"\" class=\"elementor-field elementor-field-textual elementor-size-sm\">\n\t\t\t\t<\/div>\n\n\t\t\t\t\t\t\t\t\t<div class=\"elementor-field-type-checkbox elementor-field-group elementor-column elementor-col-100 elementor-remember-me\">\n\t\t\t\t\t\t<label for=\"elementor-login-remember-me\">\n\t\t\t\t\t\t\t<input type=\"checkbox\" id=\"elementor-login-remember-me\" name=\"rememberme\" value=\"forever\">\n\t\t\t\t\t\t\tZapami\u0119taj mnie\t\t\t\t\t\t<\/label>\n\t\t\t\t\t<\/div>\n\t\t\t\t\n\t\t\t\t<div class=\"elementor-field-group elementor-column elementor-field-type-submit elementor-col-100\">\n\t\t\t\t\t<button type=\"submit\" class=\"elementor-size-sm elementor-button\" name=\"wp-submit\">\n\t\t\t\t\t\t\t\t\t\t\t\t\t\t\t<span class=\"elementor-button-text\">Zalogowa\u0107 si\u0119<\/span>\n\t\t\t\t\t\t\t\t\t\t\t\t<\/button>\n\t\t\t\t<\/div>\n\n\t\t\t\t\t\t\t\t\t<div class=\"elementor-field-group elementor-column elementor-col-100\">\n\t\t\t\t\t\t\t\t\t\t\t\t\t\t\t\t\t\t\t\t<a class=\"elementor-lost-password\" href=\"https:\/\/emtech.nl\/pl\/moje-konto\/lost-password\/\">\n\t\t\t\t\t\t\t\tZapomnia\u0142e\u015b has\u0142a?\t\t\t\t\t\t\t<\/a>\n\t\t\t\t\t\t\n\t\t\t\t\t\t\t\t\t\t\t\t\t\t\t\t\t\t\t\t\t<span class=\"elementor-login-separator\"> | <\/span>\n\t\t\t\t\t\t\t\t\t\t\t\t\t\t\t\t\t\t\t\t\t<a class=\"elementor-register\" href=\"https:\/\/emtech.nl\/pl\/wp-login.php?action=register\">\n\t\t\t\t\t\t\t\tZarejestruj\t\t\t\t\t\t\t<\/a>\n\t\t\t\t\t\t\t\t\t\t\t<\/div>\n\t\t\t\t\t\t\t<\/div>\n\t\t<\/form>\n\t\t\t\t<\/div>\n\t\t\t\t<\/div>\n\t\t\t\t<div class=\"elementor-element elementor-element-5ff2a88 elementor-widget elementor-widget-shortcode\" data-id=\"5ff2a88\" data-element_type=\"widget\" data-widget_type=\"shortcode.default\">\n\t\t\t\t<div class=\"elementor-widget-container\">\n\t\t\t\t\t<div class=\"elementor-shortcode\"><script>\n    window.addEventListener('DOMContentLoaded', (event) => {\n        document.getElementById(\"artikelnummer\").value = document.cookie.match('(^|;)\\\\s*searchQuery\\\\s*=\\\\s*([^;]+)')?.pop() || '';\n    });\n\n<\/script><\/div>\n\t\t\t\t<\/div>\n\t\t\t\t<\/div>\n\t\t\t\t\t\t<\/div>\n\t\t\t\t\t<\/div>\n\t\t<\/div>\n\t\t\t\t\t\t\t\t<\/div>\n\t\t\t\t\t<\/div>\n\t\t<\/section>\n\t\t\t\t\t\t\t\t\t<\/div>\n\t\t\t<\/div>\n\t\t\t\t\t<\/div>\n\t\t","protected":false},"excerpt":{"rendered":"<p>Naprawa Formularz rejestracyjny Trustpilot Zg\u0142o\u015b napraw\u0119 Doko\u0144cz rejestracj\u0119. Uwaga : do naprawy niezb\u0119dny jest jasny opis reklamacji. Wy\u015blij napraw\u0119 Otrzymasz list przewozowy e-mailem. Czy chcesz wys\u0142a\u0107 do nas ten e-mail wydrukowany za pomoc\u0105 zarejestrowanego modu\u0142u? Otrzymaj propozycj\u0119 naprawy Po otrzymaniu zg\u0142oszenia prze\u015blemy Ci propozycj\u0119 naprawy e-mailem. Po Twojej akceptacji przyst\u0105pimy do naprawy. Zg\u0142o\u015b napraw\u0119 Doko\u0144cz [&hellip;]<\/p>\n","protected":false},"author":2,"featured_media":0,"parent":0,"menu_order":0,"comment_status":"closed","ping_status":"closed","template":"elementor_header_footer","meta":{"footnotes":""},"acf":[],"yoast_head":"<!-- This site is optimized with the Yoast SEO Premium plugin v22.3 (Yoast SEO v22.3) - https:\/\/yoast.com\/wordpress\/plugins\/seo\/ -->\n<title>Zg\u0142o\u015b napraw\u0119 | EMtech Industrial Repairs<\/title>\n<meta name=\"description\" content=\"Zarejestruj szybko napraw\u0119 za pomoc\u0105 formularza rejestracji naprawy! Czy wolisz samodzielnie pobra\u0107 i wys\u0142a\u0107 formularz poczt\u0105 elektroniczn\u0105? Nast\u0119pnie kliknij g\u00f3rny przycisk.\" \/>\n<meta name=\"robots\" content=\"index, follow, max-snippet:-1, max-image-preview:large, max-video-preview:-1\" \/>\n<link rel=\"canonical\" href=\"https:\/\/emtech.nl\/reparatie-aanmelden\/\" \/>\n<meta property=\"og:locale\" content=\"pl_PL\" \/>\n<meta property=\"og:type\" content=\"article\" \/>\n<meta property=\"og:title\" content=\"Zg\u0142o\u015b napraw\u0119\" \/>\n<meta property=\"og:description\" content=\"Zarejestruj szybko napraw\u0119 za pomoc\u0105 formularza rejestracji naprawy! Czy wolisz samodzielnie pobra\u0107 i wys\u0142a\u0107 formularz poczt\u0105 elektroniczn\u0105? Nast\u0119pnie kliknij g\u00f3rny przycisk.\" \/>\n<meta property=\"og:url\" content=\"https:\/\/emtech.nl\/reparatie-aanmelden\/\" \/>\n<meta property=\"og:site_name\" content=\"EMtech Industrial Repairs\" \/>\n<meta property=\"article:modified_time\" content=\"2026-03-04T10:22:34+00:00\" \/>\n<meta property=\"og:image\" content=\"https:\/\/emtech.nl\/wp-content\/uploads\/2024\/01\/emtech_logo.png\" \/>\n\t<meta property=\"og:image:width\" content=\"1200\" \/>\n\t<meta property=\"og:image:height\" content=\"675\" \/>\n\t<meta property=\"og:image:type\" content=\"image\/png\" \/>\n<meta name=\"twitter:card\" content=\"summary_large_image\" \/>\n<meta name=\"twitter:label1\" content=\"Szacowany czas czytania\" \/>\n\t<meta name=\"twitter:data1\" content=\"1 minuta\" \/>\n<script type=\"application\/ld+json\" class=\"yoast-schema-graph\">{\"@context\":\"https:\/\/schema.org\",\"@graph\":[{\"@type\":\"WebPage\",\"@id\":\"https:\/\/emtech.nl\/reparatie-aanmelden\/\",\"url\":\"https:\/\/emtech.nl\/reparatie-aanmelden\/\",\"name\":\"Zg\u0142o\u015b napraw\u0119 | EMtech Industrial Repairs\",\"isPartOf\":{\"@id\":\"https:\/\/emtech.nl\/#website\"},\"datePublished\":\"2021-02-10T13:40:23+00:00\",\"dateModified\":\"2026-03-04T10:22:34+00:00\",\"description\":\"Zarejestruj szybko napraw\u0119 za pomoc\u0105 formularza rejestracji naprawy! Czy wolisz samodzielnie pobra\u0107 i wys\u0142a\u0107 formularz poczt\u0105 elektroniczn\u0105? Nast\u0119pnie kliknij g\u00f3rny przycisk.\",\"breadcrumb\":{\"@id\":\"https:\/\/emtech.nl\/reparatie-aanmelden\/#breadcrumb\"},\"inLanguage\":\"pl-PL\",\"potentialAction\":[{\"@type\":\"ReadAction\",\"target\":[\"https:\/\/emtech.nl\/reparatie-aanmelden\/\"]}]},{\"@type\":\"BreadcrumbList\",\"@id\":\"https:\/\/emtech.nl\/reparatie-aanmelden\/#breadcrumb\",\"itemListElement\":[{\"@type\":\"ListItem\",\"position\":1,\"name\":\"Home\",\"item\":\"https:\/\/emtech.nl\/\"},{\"@type\":\"ListItem\",\"position\":2,\"name\":\"Zg\u0142o\u015b napraw\u0119\"}]},{\"@type\":\"WebSite\",\"@id\":\"https:\/\/emtech.nl\/#website\",\"url\":\"https:\/\/emtech.nl\/\",\"name\":\"EMtech Industrial Repairs\",\"description\":\"Swift repairs based on expertise\",\"publisher\":{\"@id\":\"https:\/\/emtech.nl\/#organization\"},\"alternateName\":\"EMtech\",\"potentialAction\":[{\"@type\":\"SearchAction\",\"target\":{\"@type\":\"EntryPoint\",\"urlTemplate\":\"https:\/\/emtech.nl\/?s={search_term_string}\"},\"query-input\":\"required name=search_term_string\"}],\"inLanguage\":\"pl-PL\"},{\"@type\":\"Organization\",\"@id\":\"https:\/\/emtech.nl\/#organization\",\"name\":\"EMtech Industrial Repairs bv\",\"alternateName\":\"EMtech\",\"url\":\"https:\/\/emtech.nl\/\",\"logo\":{\"@type\":\"ImageObject\",\"inLanguage\":\"pl-PL\",\"@id\":\"https:\/\/emtech.nl\/#\/schema\/logo\/image\/\",\"url\":\"https:\/\/emtech.nl\/wp-content\/uploads\/2024\/02\/emtech_logo_400px_400px.jpg\",\"contentUrl\":\"https:\/\/emtech.nl\/wp-content\/uploads\/2024\/02\/emtech_logo_400px_400px.jpg\",\"width\":400,\"height\":400,\"caption\":\"EMtech Industrial Repairs bv\"},\"image\":{\"@id\":\"https:\/\/emtech.nl\/#\/schema\/logo\/image\/\"},\"sameAs\":[\"https:\/\/www.linkedin.com\/company\/emtech-industrial-repairs-bv\/\",\"https:\/\/www.youtube.com\/@emtechindustrialrepairs4219\"],\"description\":\"EMtech is een Team professionele Research & Repair Engineers met passie en focus voor reparatie van defecte industri\u00eble elektronica gevestigd in Brainport Helmond, vlak naast Eindhoven. EMtech specialiseert zich in de ondersteuning van grote continu industrie door professionele snelle reparaties van besturingselektronica.\",\"email\":\"verkoop@emtech.nl\",\"telephone\":\"+31 492 472 410\",\"legalName\":\"EMtech Industrial Repairs bv\",\"foundingDate\":\"2006-01-01\",\"vatID\":\"NL817122357B01\",\"numberOfEmployees\":{\"@type\":\"QuantitativeValue\",\"minValue\":\"11\",\"maxValue\":\"50\"}}]}<\/script>\n<!-- \/ Yoast SEO Premium plugin. -->","yoast_head_json":{"title":"Zg\u0142o\u015b napraw\u0119 | EMtech Industrial Repairs","description":"Zarejestruj szybko napraw\u0119 za pomoc\u0105 formularza rejestracji naprawy! Czy wolisz samodzielnie pobra\u0107 i wys\u0142a\u0107 formularz poczt\u0105 elektroniczn\u0105? Nast\u0119pnie kliknij g\u00f3rny przycisk.","robots":{"index":"index","follow":"follow","max-snippet":"max-snippet:-1","max-image-preview":"max-image-preview:large","max-video-preview":"max-video-preview:-1"},"canonical":"https:\/\/emtech.nl\/reparatie-aanmelden\/","og_locale":"pl_PL","og_type":"article","og_title":"Zg\u0142o\u015b napraw\u0119","og_description":"Zarejestruj szybko napraw\u0119 za pomoc\u0105 formularza rejestracji naprawy! Czy wolisz samodzielnie pobra\u0107 i wys\u0142a\u0107 formularz poczt\u0105 elektroniczn\u0105? Nast\u0119pnie kliknij g\u00f3rny przycisk.","og_url":"https:\/\/emtech.nl\/reparatie-aanmelden\/","og_site_name":"EMtech Industrial Repairs","article_modified_time":"2026-03-04T10:22:34+00:00","og_image":[{"width":1200,"height":675,"url":"https:\/\/emtech.nl\/wp-content\/uploads\/2024\/01\/emtech_logo.png","type":"image\/png"}],"twitter_card":"summary_large_image","twitter_misc":{"Szacowany czas czytania":"1 minuta"},"schema":{"@context":"https:\/\/schema.org","@graph":[{"@type":"WebPage","@id":"https:\/\/emtech.nl\/reparatie-aanmelden\/","url":"https:\/\/emtech.nl\/reparatie-aanmelden\/","name":"Zg\u0142o\u015b napraw\u0119 | EMtech Industrial Repairs","isPartOf":{"@id":"https:\/\/emtech.nl\/#website"},"datePublished":"2021-02-10T13:40:23+00:00","dateModified":"2026-03-04T10:22:34+00:00","description":"Zarejestruj szybko napraw\u0119 za pomoc\u0105 formularza rejestracji naprawy! Czy wolisz samodzielnie pobra\u0107 i wys\u0142a\u0107 formularz poczt\u0105 elektroniczn\u0105? Nast\u0119pnie kliknij g\u00f3rny przycisk.","breadcrumb":{"@id":"https:\/\/emtech.nl\/reparatie-aanmelden\/#breadcrumb"},"inLanguage":"pl-PL","potentialAction":[{"@type":"ReadAction","target":["https:\/\/emtech.nl\/reparatie-aanmelden\/"]}]},{"@type":"BreadcrumbList","@id":"https:\/\/emtech.nl\/reparatie-aanmelden\/#breadcrumb","itemListElement":[{"@type":"ListItem","position":1,"name":"Home","item":"https:\/\/emtech.nl\/"},{"@type":"ListItem","position":2,"name":"Zg\u0142o\u015b napraw\u0119"}]},{"@type":"WebSite","@id":"https:\/\/emtech.nl\/#website","url":"https:\/\/emtech.nl\/","name":"EMtech Industrial Repairs","description":"Swift repairs based on expertise","publisher":{"@id":"https:\/\/emtech.nl\/#organization"},"alternateName":"EMtech","potentialAction":[{"@type":"SearchAction","target":{"@type":"EntryPoint","urlTemplate":"https:\/\/emtech.nl\/?s={search_term_string}"},"query-input":"required name=search_term_string"}],"inLanguage":"pl-PL"},{"@type":"Organization","@id":"https:\/\/emtech.nl\/#organization","name":"EMtech Industrial Repairs bv","alternateName":"EMtech","url":"https:\/\/emtech.nl\/","logo":{"@type":"ImageObject","inLanguage":"pl-PL","@id":"https:\/\/emtech.nl\/#\/schema\/logo\/image\/","url":"https:\/\/emtech.nl\/wp-content\/uploads\/2024\/02\/emtech_logo_400px_400px.jpg","contentUrl":"https:\/\/emtech.nl\/wp-content\/uploads\/2024\/02\/emtech_logo_400px_400px.jpg","width":400,"height":400,"caption":"EMtech Industrial Repairs bv"},"image":{"@id":"https:\/\/emtech.nl\/#\/schema\/logo\/image\/"},"sameAs":["https:\/\/www.linkedin.com\/company\/emtech-industrial-repairs-bv\/","https:\/\/www.youtube.com\/@emtechindustrialrepairs4219"],"description":"EMtech is een Team professionele Research & Repair Engineers met passie en focus voor reparatie van defecte industri\u00eble elektronica gevestigd in Brainport Helmond, vlak naast Eindhoven. EMtech specialiseert zich in de ondersteuning van grote continu industrie door professionele snelle reparaties van besturingselektronica.","email":"verkoop@emtech.nl","telephone":"+31 492 472 410","legalName":"EMtech Industrial Repairs bv","foundingDate":"2006-01-01","vatID":"NL817122357B01","numberOfEmployees":{"@type":"QuantitativeValue","minValue":"11","maxValue":"50"}}]}},"_links":{"self":[{"href":"https:\/\/emtech.nl\/pl\/wp-json\/wp\/v2\/pages\/1137434"}],"collection":[{"href":"https:\/\/emtech.nl\/pl\/wp-json\/wp\/v2\/pages"}],"about":[{"href":"https:\/\/emtech.nl\/pl\/wp-json\/wp\/v2\/types\/page"}],"author":[{"embeddable":true,"href":"https:\/\/emtech.nl\/pl\/wp-json\/wp\/v2\/users\/2"}],"replies":[{"embeddable":true,"href":"https:\/\/emtech.nl\/pl\/wp-json\/wp\/v2\/comments?post=1137434"}],"version-history":[{"count":1,"href":"https:\/\/emtech.nl\/pl\/wp-json\/wp\/v2\/pages\/1137434\/revisions"}],"predecessor-version":[{"id":1169520,"href":"https:\/\/emtech.nl\/pl\/wp-json\/wp\/v2\/pages\/1137434\/revisions\/1169520"}],"wp:attachment":[{"href":"https:\/\/emtech.nl\/pl\/wp-json\/wp\/v2\/media?parent=1137434"}],"curies":[{"name":"wp","href":"https:\/\/api.w.org\/{rel}","templated":true}]}}