{"id":1137515,"date":"2021-02-10T14:40:23","date_gmt":"2021-02-10T13:40:23","guid":{"rendered":"https:\/\/emtech.nl\/jelentse-a-javitast\/"},"modified":"2026-03-04T11:22:29","modified_gmt":"2026-03-04T10:22:29","slug":"jelentse-a-javitast","status":"publish","type":"page","link":"https:\/\/emtech.nl\/hu\/jelentse-a-javitast\/","title":{"rendered":"Jelentse a jav\u00edt\u00e1st"},"content":{"rendered":"\t\t<div data-elementor-type=\"wp-page\" data-elementor-id=\"1137515\" class=\"elementor elementor-1137515 elementor-352\" data-elementor-post-type=\"page\">\n\t\t\t\t\t\t<div class=\"elementor-inner\">\n\t\t\t\t<div class=\"elementor-section-wrap\">\n\t\t\t\t\t\t\t\t\t<section class=\"elementor-section elementor-top-section elementor-element elementor-element-a7d4b41 elementor-section-full_width elementor-section-stretched elementor-section-height-default elementor-section-height-default\" data-id=\"a7d4b41\" data-element_type=\"section\" data-settings=\"{&quot;stretch_section&quot;:&quot;section-stretched&quot;,&quot;jet_parallax_layout_list&quot;:[],&quot;background_background&quot;:&quot;classic&quot;}\">\n\t\t\t\t\t\t<div class=\"elementor-container elementor-column-gap-default\">\n\t\t\t\t\t\t\t<div class=\"elementor-row\">\n\t\t\t\t\t<div class=\"elementor-column elementor-col-100 elementor-top-column elementor-element elementor-element-f33711d\" data-id=\"f33711d\" data-element_type=\"column\">\n\t\t\t<div class=\"elementor-column-wrap elementor-element-populated\">\n\t\t\t\t\t\t\t<div class=\"elementor-widget-wrap\">\n\t\t\t\t\t\t<div class=\"elementor-element elementor-element-146b98e elementor-widget elementor-widget-heading\" data-id=\"146b98e\" data-element_type=\"widget\" data-widget_type=\"heading.default\">\n\t\t\t\t<div class=\"elementor-widget-container\">\n\t\t\t<h2 class=\"elementor-heading-title elementor-size-default\">Jav\u00edt\u00e1s<br> Regisztr\u00e1ci\u00f3s \u0171rlap<\/h2>\t\t<\/div>\n\t\t\t\t<\/div>\n\t\t\t\t\t\t<\/div>\n\t\t\t\t\t<\/div>\n\t\t<\/div>\n\t\t\t\t\t\t\t\t<\/div>\n\t\t\t\t\t<\/div>\n\t\t<\/section>\n\t\t\t\t<section class=\"elementor-section elementor-top-section elementor-element elementor-element-3d0b5436 elementor-section-full_width elementor-section-stretched elementor-section-height-min-height elementor-section-items-top elementor-section-height-default\" data-id=\"3d0b5436\" data-element_type=\"section\" data-settings=\"{&quot;stretch_section&quot;:&quot;section-stretched&quot;,&quot;background_background&quot;:&quot;classic&quot;,&quot;jet_parallax_layout_list&quot;:[]}\">\n\t\t\t\t\t\t<div class=\"elementor-container elementor-column-gap-default\">\n\t\t\t\t\t\t\t<div class=\"elementor-row\">\n\t\t\t\t\t<div class=\"elementor-column elementor-col-100 elementor-top-column elementor-element elementor-element-5b3e03b1\" data-id=\"5b3e03b1\" data-element_type=\"column\">\n\t\t\t<div class=\"elementor-column-wrap elementor-element-populated\">\n\t\t\t\t\t\t\t<div class=\"elementor-widget-wrap\">\n\t\t\t\t\t\t<div class=\"elementor-element elementor-element-74a8d38 jedv-enabled--yes elementor-widget elementor-widget-heading\" data-id=\"74a8d38\" data-element_type=\"widget\" data-widget_type=\"heading.default\">\n\t\t\t\t<div class=\"elementor-widget-container\">\n\t\t\t<div class=\"elementor-heading-title elementor-size-default\">Az \u0171rlap kit\u00f6lt\u00e9se el\u0151tt jelentkezzen be\/regisztr\u00e1ljon<\/div>\t\t<\/div>\n\t\t\t\t<\/div>\n\t\t\t\t<div class=\"elementor-element elementor-element-a0478eb jedv-enabled--yes elementor-widget elementor-widget-login\" data-id=\"a0478eb\" data-element_type=\"widget\" data-widget_type=\"login.default\">\n\t\t\t\t<div class=\"elementor-widget-container\">\n\t\t\t\t\t<form class=\"elementor-login elementor-form\" method=\"post\" action=\"https:\/\/emtech.nl\/hu\/wp-login.php\">\n\t\t\t<input type=\"hidden\" name=\"redirect_to\" value=\"\/hu\/wp-json\/wp\/v2\/pages\/1137515\">\n\t\t\t<div class=\"elementor-form-fields-wrapper\">\n\t\t\t\t<div class=\"elementor-field-type-text elementor-field-group elementor-column elementor-col-100 elementor-field-required\">\n\t\t\t\t\t<label for=\"user\">Felhaszn\u00e1l\u00f3n\u00e9v vagy E-mail c\u00edm<\/label>\t\t\t\t\t<input size=\"1\" type=\"text\" name=\"log\" id=\"user\" placeholder=\"\" class=\"elementor-field elementor-field-textual elementor-size-sm\">\n\t\t\t\t<\/div>\n\t\t\t\t<div class=\"elementor-field-type-text elementor-field-group elementor-column elementor-col-100 elementor-field-required\">\n\t\t\t\t\t<label for=\"password\">Jelsz\u00f3<\/label>\t\t\t\t\t<input size=\"1\" type=\"password\" name=\"pwd\" id=\"password\" placeholder=\"\" class=\"elementor-field elementor-field-textual elementor-size-sm\">\n\t\t\t\t<\/div>\n\n\t\t\t\t\t\t\t\t\t<div class=\"elementor-field-type-checkbox elementor-field-group elementor-column elementor-col-100 elementor-remember-me\">\n\t\t\t\t\t\t<label for=\"elementor-login-remember-me\">\n\t\t\t\t\t\t\t<input type=\"checkbox\" id=\"elementor-login-remember-me\" name=\"rememberme\" value=\"forever\">\n\t\t\t\t\t\t\tEml\u00e9kezz r\u00e1m\t\t\t\t\t\t<\/label>\n\t\t\t\t\t<\/div>\n\t\t\t\t\n\t\t\t\t<div class=\"elementor-field-group elementor-column elementor-field-type-submit elementor-col-100\">\n\t\t\t\t\t<button type=\"submit\" class=\"elementor-size-sm elementor-button\" name=\"wp-submit\">\n\t\t\t\t\t\t\t\t\t\t\t\t\t\t\t<span class=\"elementor-button-text\">Bejelentkez\u00e9s<\/span>\n\t\t\t\t\t\t\t\t\t\t\t\t<\/button>\n\t\t\t\t<\/div>\n\n\t\t\t\t\t\t\t\t\t<div class=\"elementor-field-group elementor-column elementor-col-100\">\n\t\t\t\t\t\t\t\t\t\t\t\t\t\t\t\t\t\t\t\t<a class=\"elementor-lost-password\" href=\"https:\/\/emtech.nl\/hu\/a-fiokom\/lost-password\/\">\n\t\t\t\t\t\t\t\tElfelejtetted a jelszavad?\t\t\t\t\t\t\t<\/a>\n\t\t\t\t\t\t\n\t\t\t\t\t\t\t\t\t\t\t\t\t\t\t\t\t\t\t\t\t<span class=\"elementor-login-separator\"> | <\/span>\n\t\t\t\t\t\t\t\t\t\t\t\t\t\t\t\t\t\t\t\t\t<a class=\"elementor-register\" href=\"https:\/\/emtech.nl\/hu\/wp-login.php?action=register\">\n\t\t\t\t\t\t\t\tRegisztr\u00e1l\u00e1s\t\t\t\t\t\t\t<\/a>\n\t\t\t\t\t\t\t\t\t\t\t<\/div>\n\t\t\t\t\t\t\t<\/div>\n\t\t<\/form>\n\t\t\t\t<\/div>\n\t\t\t\t<\/div>\n\t\t\t\t<div class=\"elementor-element elementor-element-5ff2a88 elementor-widget elementor-widget-shortcode\" data-id=\"5ff2a88\" data-element_type=\"widget\" data-widget_type=\"shortcode.default\">\n\t\t\t\t<div class=\"elementor-widget-container\">\n\t\t\t\t\t<div class=\"elementor-shortcode\"><script>\n    window.addEventListener('DOMContentLoaded', (event) => {\n        document.getElementById(\"artikelnummer\").value = document.cookie.match('(^|;)\\\\s*searchQuery\\\\s*=\\\\s*([^;]+)')?.pop() || '';\n    });\n\n<\/script><\/div>\n\t\t\t\t<\/div>\n\t\t\t\t<\/div>\n\t\t\t\t\t\t<\/div>\n\t\t\t\t\t<\/div>\n\t\t<\/div>\n\t\t\t\t\t\t\t\t<\/div>\n\t\t\t\t\t<\/div>\n\t\t<\/section>\n\t\t\t\t\t\t\t\t\t<\/div>\n\t\t\t<\/div>\n\t\t\t\t\t<\/div>\n\t\t","protected":false},"excerpt":{"rendered":"<p>Jav\u00edt\u00e1s Regisztr\u00e1ci\u00f3s \u0171rlap Trustpilot Jelentse a jav\u00edt\u00e1st T\u00f6ltse ki a regisztr\u00e1ci\u00f3t. Figyelem : a jav\u00edt\u00e1shoz elengedhetetlen a panasz egy\u00e9rtelm\u0171 le\u00edr\u00e1sa. K\u00fcldje el a jav\u00edt\u00e1st Csomaglapot kapsz e-mailben. Szeretn\u00e9 ezt az e-mailt a regisztr\u00e1lt modullal nyomtatva k\u00fcldeni nek\u00fcnk? Kapjon jav\u00edt\u00e1si javaslatot Az \u00e1tv\u00e9telt k\u00f6vet\u0151en e-mailben k\u00fcld\u00fcnk \u00d6nnek jav\u00edt\u00e1si javaslatot. Az \u00d6n j\u00f3v\u00e1hagy\u00e1sa ut\u00e1n megkezdj\u00fck a jav\u00edt\u00e1st. [&hellip;]<\/p>\n","protected":false},"author":2,"featured_media":0,"parent":0,"menu_order":0,"comment_status":"closed","ping_status":"closed","template":"elementor_header_footer","meta":{"footnotes":""},"acf":[],"yoast_head":"<!-- This site is optimized with the Yoast SEO Premium plugin v22.3 (Yoast SEO v22.3) - https:\/\/yoast.com\/wordpress\/plugins\/seo\/ -->\n<title>Jelentse a jav\u00edt\u00e1st | EMtech Industrial Repairs<\/title>\n<meta name=\"description\" content=\"Gyorsan regisztr\u00e1lja jav\u00edt\u00e1s\u00e1t a jav\u00edt\u00e1si regisztr\u00e1ci\u00f3s \u0171rlap seg\u00edts\u00e9g\u00e9vel! Ink\u00e1bb saj\u00e1t maga t\u00f6lti le \u00e9s k\u00fcldi el az \u0171rlapot? Ezut\u00e1n kattintson a fels\u0151 gombra.\" \/>\n<meta name=\"robots\" content=\"index, follow, max-snippet:-1, max-image-preview:large, max-video-preview:-1\" \/>\n<link rel=\"canonical\" href=\"https:\/\/emtech.nl\/reparatie-aanmelden\/\" \/>\n<meta property=\"og:locale\" content=\"hu_HU\" \/>\n<meta property=\"og:type\" content=\"article\" \/>\n<meta property=\"og:title\" content=\"Jelentse a jav\u00edt\u00e1st\" \/>\n<meta property=\"og:description\" content=\"Gyorsan regisztr\u00e1lja jav\u00edt\u00e1s\u00e1t a jav\u00edt\u00e1si regisztr\u00e1ci\u00f3s \u0171rlap seg\u00edts\u00e9g\u00e9vel! Ink\u00e1bb saj\u00e1t maga t\u00f6lti le \u00e9s k\u00fcldi el az \u0171rlapot? Ezut\u00e1n kattintson a fels\u0151 gombra.\" \/>\n<meta property=\"og:url\" content=\"https:\/\/emtech.nl\/reparatie-aanmelden\/\" \/>\n<meta property=\"og:site_name\" content=\"EMtech Industrial Repairs\" \/>\n<meta property=\"article:modified_time\" content=\"2026-03-04T10:22:29+00:00\" \/>\n<meta property=\"og:image\" content=\"https:\/\/emtech.nl\/wp-content\/uploads\/2024\/01\/emtech_logo.png\" \/>\n\t<meta property=\"og:image:width\" content=\"1200\" \/>\n\t<meta property=\"og:image:height\" content=\"675\" \/>\n\t<meta property=\"og:image:type\" content=\"image\/png\" \/>\n<meta name=\"twitter:card\" content=\"summary_large_image\" \/>\n<meta name=\"twitter:label1\" content=\"Becs\u00fclt olvas\u00e1si id\u0151\" \/>\n\t<meta name=\"twitter:data1\" content=\"1 perc\" \/>\n<script type=\"application\/ld+json\" class=\"yoast-schema-graph\">{\"@context\":\"https:\/\/schema.org\",\"@graph\":[{\"@type\":\"WebPage\",\"@id\":\"https:\/\/emtech.nl\/reparatie-aanmelden\/\",\"url\":\"https:\/\/emtech.nl\/reparatie-aanmelden\/\",\"name\":\"Jelentse a jav\u00edt\u00e1st | EMtech Industrial Repairs\",\"isPartOf\":{\"@id\":\"https:\/\/emtech.nl\/#website\"},\"datePublished\":\"2021-02-10T13:40:23+00:00\",\"dateModified\":\"2026-03-04T10:22:29+00:00\",\"description\":\"Gyorsan regisztr\u00e1lja jav\u00edt\u00e1s\u00e1t a jav\u00edt\u00e1si regisztr\u00e1ci\u00f3s \u0171rlap seg\u00edts\u00e9g\u00e9vel! Ink\u00e1bb saj\u00e1t maga t\u00f6lti le \u00e9s k\u00fcldi el az \u0171rlapot? Ezut\u00e1n kattintson a fels\u0151 gombra.\",\"breadcrumb\":{\"@id\":\"https:\/\/emtech.nl\/reparatie-aanmelden\/#breadcrumb\"},\"inLanguage\":\"hu\",\"potentialAction\":[{\"@type\":\"ReadAction\",\"target\":[\"https:\/\/emtech.nl\/reparatie-aanmelden\/\"]}]},{\"@type\":\"BreadcrumbList\",\"@id\":\"https:\/\/emtech.nl\/reparatie-aanmelden\/#breadcrumb\",\"itemListElement\":[{\"@type\":\"ListItem\",\"position\":1,\"name\":\"Home\",\"item\":\"https:\/\/emtech.nl\/\"},{\"@type\":\"ListItem\",\"position\":2,\"name\":\"Jelentse a jav\u00edt\u00e1st\"}]},{\"@type\":\"WebSite\",\"@id\":\"https:\/\/emtech.nl\/#website\",\"url\":\"https:\/\/emtech.nl\/\",\"name\":\"EMtech Industrial Repairs\",\"description\":\"Swift repairs based on expertise\",\"publisher\":{\"@id\":\"https:\/\/emtech.nl\/#organization\"},\"alternateName\":\"EMtech\",\"potentialAction\":[{\"@type\":\"SearchAction\",\"target\":{\"@type\":\"EntryPoint\",\"urlTemplate\":\"https:\/\/emtech.nl\/?s={search_term_string}\"},\"query-input\":\"required name=search_term_string\"}],\"inLanguage\":\"hu\"},{\"@type\":\"Organization\",\"@id\":\"https:\/\/emtech.nl\/#organization\",\"name\":\"EMtech Industrial Repairs bv\",\"alternateName\":\"EMtech\",\"url\":\"https:\/\/emtech.nl\/\",\"logo\":{\"@type\":\"ImageObject\",\"inLanguage\":\"hu\",\"@id\":\"https:\/\/emtech.nl\/#\/schema\/logo\/image\/\",\"url\":\"https:\/\/emtech.nl\/wp-content\/uploads\/2024\/02\/emtech_logo_400px_400px.jpg\",\"contentUrl\":\"https:\/\/emtech.nl\/wp-content\/uploads\/2024\/02\/emtech_logo_400px_400px.jpg\",\"width\":400,\"height\":400,\"caption\":\"EMtech Industrial Repairs bv\"},\"image\":{\"@id\":\"https:\/\/emtech.nl\/#\/schema\/logo\/image\/\"},\"sameAs\":[\"https:\/\/www.linkedin.com\/company\/emtech-industrial-repairs-bv\/\",\"https:\/\/www.youtube.com\/@emtechindustrialrepairs4219\"],\"description\":\"EMtech is een Team professionele Research & Repair Engineers met passie en focus voor reparatie van defecte industri\u00eble elektronica gevestigd in Brainport Helmond, vlak naast Eindhoven. EMtech specialiseert zich in de ondersteuning van grote continu industrie door professionele snelle reparaties van besturingselektronica.\",\"email\":\"verkoop@emtech.nl\",\"telephone\":\"+31 492 472 410\",\"legalName\":\"EMtech Industrial Repairs bv\",\"foundingDate\":\"2006-01-01\",\"vatID\":\"NL817122357B01\",\"numberOfEmployees\":{\"@type\":\"QuantitativeValue\",\"minValue\":\"11\",\"maxValue\":\"50\"}}]}<\/script>\n<!-- \/ Yoast SEO Premium plugin. -->","yoast_head_json":{"title":"Jelentse a jav\u00edt\u00e1st | EMtech Industrial Repairs","description":"Gyorsan regisztr\u00e1lja jav\u00edt\u00e1s\u00e1t a jav\u00edt\u00e1si regisztr\u00e1ci\u00f3s \u0171rlap seg\u00edts\u00e9g\u00e9vel! Ink\u00e1bb saj\u00e1t maga t\u00f6lti le \u00e9s k\u00fcldi el az \u0171rlapot? Ezut\u00e1n kattintson a fels\u0151 gombra.","robots":{"index":"index","follow":"follow","max-snippet":"max-snippet:-1","max-image-preview":"max-image-preview:large","max-video-preview":"max-video-preview:-1"},"canonical":"https:\/\/emtech.nl\/reparatie-aanmelden\/","og_locale":"hu_HU","og_type":"article","og_title":"Jelentse a jav\u00edt\u00e1st","og_description":"Gyorsan regisztr\u00e1lja jav\u00edt\u00e1s\u00e1t a jav\u00edt\u00e1si regisztr\u00e1ci\u00f3s \u0171rlap seg\u00edts\u00e9g\u00e9vel! Ink\u00e1bb saj\u00e1t maga t\u00f6lti le \u00e9s k\u00fcldi el az \u0171rlapot? Ezut\u00e1n kattintson a fels\u0151 gombra.","og_url":"https:\/\/emtech.nl\/reparatie-aanmelden\/","og_site_name":"EMtech Industrial Repairs","article_modified_time":"2026-03-04T10:22:29+00:00","og_image":[{"width":1200,"height":675,"url":"https:\/\/emtech.nl\/wp-content\/uploads\/2024\/01\/emtech_logo.png","type":"image\/png"}],"twitter_card":"summary_large_image","twitter_misc":{"Becs\u00fclt olvas\u00e1si id\u0151":"1 perc"},"schema":{"@context":"https:\/\/schema.org","@graph":[{"@type":"WebPage","@id":"https:\/\/emtech.nl\/reparatie-aanmelden\/","url":"https:\/\/emtech.nl\/reparatie-aanmelden\/","name":"Jelentse a jav\u00edt\u00e1st | EMtech Industrial Repairs","isPartOf":{"@id":"https:\/\/emtech.nl\/#website"},"datePublished":"2021-02-10T13:40:23+00:00","dateModified":"2026-03-04T10:22:29+00:00","description":"Gyorsan regisztr\u00e1lja jav\u00edt\u00e1s\u00e1t a jav\u00edt\u00e1si regisztr\u00e1ci\u00f3s \u0171rlap seg\u00edts\u00e9g\u00e9vel! Ink\u00e1bb saj\u00e1t maga t\u00f6lti le \u00e9s k\u00fcldi el az \u0171rlapot? Ezut\u00e1n kattintson a fels\u0151 gombra.","breadcrumb":{"@id":"https:\/\/emtech.nl\/reparatie-aanmelden\/#breadcrumb"},"inLanguage":"hu","potentialAction":[{"@type":"ReadAction","target":["https:\/\/emtech.nl\/reparatie-aanmelden\/"]}]},{"@type":"BreadcrumbList","@id":"https:\/\/emtech.nl\/reparatie-aanmelden\/#breadcrumb","itemListElement":[{"@type":"ListItem","position":1,"name":"Home","item":"https:\/\/emtech.nl\/"},{"@type":"ListItem","position":2,"name":"Jelentse a jav\u00edt\u00e1st"}]},{"@type":"WebSite","@id":"https:\/\/emtech.nl\/#website","url":"https:\/\/emtech.nl\/","name":"EMtech Industrial Repairs","description":"Swift repairs based on expertise","publisher":{"@id":"https:\/\/emtech.nl\/#organization"},"alternateName":"EMtech","potentialAction":[{"@type":"SearchAction","target":{"@type":"EntryPoint","urlTemplate":"https:\/\/emtech.nl\/?s={search_term_string}"},"query-input":"required name=search_term_string"}],"inLanguage":"hu"},{"@type":"Organization","@id":"https:\/\/emtech.nl\/#organization","name":"EMtech Industrial Repairs bv","alternateName":"EMtech","url":"https:\/\/emtech.nl\/","logo":{"@type":"ImageObject","inLanguage":"hu","@id":"https:\/\/emtech.nl\/#\/schema\/logo\/image\/","url":"https:\/\/emtech.nl\/wp-content\/uploads\/2024\/02\/emtech_logo_400px_400px.jpg","contentUrl":"https:\/\/emtech.nl\/wp-content\/uploads\/2024\/02\/emtech_logo_400px_400px.jpg","width":400,"height":400,"caption":"EMtech Industrial Repairs bv"},"image":{"@id":"https:\/\/emtech.nl\/#\/schema\/logo\/image\/"},"sameAs":["https:\/\/www.linkedin.com\/company\/emtech-industrial-repairs-bv\/","https:\/\/www.youtube.com\/@emtechindustrialrepairs4219"],"description":"EMtech is een Team professionele Research & Repair Engineers met passie en focus voor reparatie van defecte industri\u00eble elektronica gevestigd in Brainport Helmond, vlak naast Eindhoven. EMtech specialiseert zich in de ondersteuning van grote continu industrie door professionele snelle reparaties van besturingselektronica.","email":"verkoop@emtech.nl","telephone":"+31 492 472 410","legalName":"EMtech Industrial Repairs bv","foundingDate":"2006-01-01","vatID":"NL817122357B01","numberOfEmployees":{"@type":"QuantitativeValue","minValue":"11","maxValue":"50"}}]}},"_links":{"self":[{"href":"https:\/\/emtech.nl\/hu\/wp-json\/wp\/v2\/pages\/1137515"}],"collection":[{"href":"https:\/\/emtech.nl\/hu\/wp-json\/wp\/v2\/pages"}],"about":[{"href":"https:\/\/emtech.nl\/hu\/wp-json\/wp\/v2\/types\/page"}],"author":[{"embeddable":true,"href":"https:\/\/emtech.nl\/hu\/wp-json\/wp\/v2\/users\/2"}],"replies":[{"embeddable":true,"href":"https:\/\/emtech.nl\/hu\/wp-json\/wp\/v2\/comments?post=1137515"}],"version-history":[{"count":1,"href":"https:\/\/emtech.nl\/hu\/wp-json\/wp\/v2\/pages\/1137515\/revisions"}],"predecessor-version":[{"id":1169517,"href":"https:\/\/emtech.nl\/hu\/wp-json\/wp\/v2\/pages\/1137515\/revisions\/1169517"}],"wp:attachment":[{"href":"https:\/\/emtech.nl\/hu\/wp-json\/wp\/v2\/media?parent=1137515"}],"curies":[{"name":"wp","href":"https:\/\/api.w.org\/{rel}","templated":true}]}}