{"id":1136604,"date":"2021-03-11T12:58:12","date_gmt":"2021-03-11T11:58:12","guid":{"rendered":"https:\/\/emtech.nl\/tietosuojalausunto\/"},"modified":"2025-01-27T16:17:45","modified_gmt":"2025-01-27T15:17:45","slug":"tietosuojalausunto","status":"publish","type":"page","link":"https:\/\/emtech.nl\/fi\/tietosuojalausunto\/","title":{"rendered":"Tietosuojalausunto"},"content":{"rendered":"\t\t<div data-elementor-type=\"wp-page\" data-elementor-id=\"1136604\" class=\"elementor elementor-1136604 elementor-2809\" data-elementor-post-type=\"page\">\n\t\t\t\t\t\t<div class=\"elementor-inner\">\n\t\t\t\t<div class=\"elementor-section-wrap\">\n\t\t\t\t\t\t\t\t\t<section class=\"elementor-section elementor-top-section elementor-element elementor-element-9d8bf0a elementor-section-full_width elementor-section-height-default elementor-section-height-default\" data-id=\"9d8bf0a\" data-element_type=\"section\" data-settings=\"{&quot;jet_parallax_layout_list&quot;:[],&quot;background_background&quot;:&quot;classic&quot;}\">\n\t\t\t\t\t\t<div class=\"elementor-container elementor-column-gap-default\">\n\t\t\t\t\t\t\t<div class=\"elementor-row\">\n\t\t\t\t\t<div class=\"elementor-column elementor-col-100 elementor-top-column elementor-element elementor-element-ca15669\" data-id=\"ca15669\" data-element_type=\"column\">\n\t\t\t<div class=\"elementor-column-wrap elementor-element-populated\">\n\t\t\t\t\t\t\t<div class=\"elementor-widget-wrap\">\n\t\t\t\t\t\t<div class=\"elementor-element elementor-element-70131a1 elementor-widget elementor-widget-text-editor\" data-id=\"70131a1\" data-element_type=\"widget\" data-widget_type=\"text-editor.default\">\n\t\t\t\t<div class=\"elementor-widget-container\">\n\t\t\t\t\t\t\t\t<div class=\"elementor-text-editor elementor-clearfix\">\n\t\t\t\t<header class=\"entry-header ast-no-thumbnail ast-no-meta\">\n<h1><strong><span style=\"color: #003163;\">Tietosuojalausunto EMtech<\/span><\/strong><\/h1>\n<p>T\u00e4m\u00e4 on EMtech Industrial Repairs bv:n tietosuojaseloste, joka sijaitsee osoitteessa 5706 TK Helmond osoitteessa Wethouder van Nunenstraat 10 (j\u00e4ljemp\u00e4n\u00e4: EMtech), www.emtech.nl.<\/p>\n<h2><strong><span style=\"color: #003163;\">1. Soveltuvuus<\/span><\/strong><\/h2>\n<p>T\u00e4m\u00e4 tietosuojaseloste koskee kaikkia yksityisyyden kannalta arkaluonteisia tietoja tai henkil\u00f6tietoja, jotka annat meille esimerkiksi rekister\u00f6intilomakkeen, yhteydenottolomakkeen tai tekemiesi tilausten kautta.<br \/>\nPid\u00e4mme eritt\u00e4in t\u00e4rke\u00e4n\u00e4 asiakkaidemme yksityisyytt\u00e4 ja siksi noudatamme \u00e4\u00e4rimm\u00e4ist\u00e4 varovaisuutta henkil\u00f6tietojen k\u00e4sittelyss\u00e4 ja suojaamisessa.<br \/>\nK\u00e4sittelemme tietoja yleisen tietosuoja-asetuksen (GDPR) ehtojen mukaisesti.<br \/>\nEMtech Industrial Repairs bv on GDPR:n mukaisesti vastuussa henkil\u00f6tietojesi k\u00e4sittelyst\u00e4.<br \/>\nT\u00e4m\u00e4 tarkoittaa, ett\u00e4 vain me m\u00e4\u00e4rittelemme, mit\u00e4 henkil\u00f6tietoja k\u00e4sitell\u00e4\u00e4n, mihin tarkoitukseen ja mill\u00e4 tavalla.<br \/>\nOlemme vastuussa siit\u00e4, ett\u00e4 henkil\u00f6tietojasi k\u00e4sitell\u00e4\u00e4n asianmukaisesti ja huolellisesti GDPR:n mukaisesti.<br \/>\nT\u00e4ss\u00e4 tietosuojaselosteessa kerromme, mit\u00e4 tietoja k\u00e4sittelemme ja mihin tarkoituksiin niit\u00e4 k\u00e4ytet\u00e4\u00e4n.      <\/p>\n<h2><strong><span style=\"color: #003163;\">2. Yleiskatsaus henkil\u00f6tietoihin<\/span><\/strong><\/h2>\n<p>Alta l\u00f6yd\u00e4t yleiskatsauksen k\u00e4sittelemist\u00e4mme henkil\u00f6tiedoista:<\/p>\n<ul>\n<li>Etunimi ja sukunimi<\/li>\n<li>seksi\u00e4<\/li>\n<li>Osoitetiedot<\/li>\n<li>Puhelinnumero<\/li>\n<li>S\u00e4hk\u00f6postiosoite<\/li>\n<li><span style=\"font-size: 16px;\">Sivuston vierailijan IP-osoite<\/span><\/li>\n<\/ul>\n<h2><strong><span style=\"color: #003163;\">3. Henkil\u00f6tietojen k\u00e4sittelyn tarkoitus ja perusteet<\/span><\/strong><\/h2>\n<p>Hyv\u00e4ksym\u00e4ll\u00e4 t\u00e4m\u00e4n tietosuojaselosteen annat GDPR:n artiklan 6(1) a alakohdan mukaisesti nimenomaisen suostumuksesi henkil\u00f6tietojesi k\u00e4sittelyyn alla mainittuihin tarkoituksiin.<br \/>\nVoit peruuttaa t\u00e4m\u00e4n suostumuksen milloin tahansa.<br \/>\nJos et kuitenkaan anna meille tiettyj\u00e4 tietoja tai anna meid\u00e4n k\u00e4sitell\u00e4 niit\u00e4, emme ehk\u00e4 pysty palvelemaan sinua asianmukaisesti.  <\/p>\n<p>Jos et ole antanut meille nimenomaista suostumusta henkil\u00f6tietojesi k\u00e4sittelyyn tai jos olet peruuttanut t\u00e4m\u00e4n suostumuksen, GDPR:n 6 artiklan 1 kohdan b), (c) ja\/tai (f) alakohtaa voidaan soveltaa henkil\u00f6tietojesi k\u00e4sittelyyn. Siin\u00e4 tapauksessa T\u00e4ss\u00e4 tapauksessa henkil\u00f6tietojesi k\u00e4sittely voi tapahtua ilman suostumustasi edellytt\u00e4en, ett\u00e4 se on tarpeen sellaisen sopimuksen t\u00e4yt\u00e4nt\u00f6\u00f6npanemiseksi, jonka osapuoli olet, tai se on v\u00e4ltt\u00e4m\u00e4t\u00f6nt\u00e4 EMtech Industrialin oikeutettujen etujen edustamiseksi. Repairs bv. Meill\u00e4 on lakis\u00e4\u00e4teinen velvollisuus k\u00e4sitell\u00e4 henkil\u00f6tietojasi.<\/p>\n<h3><span style=\"color: #003163;\"><strong>3.1 K\u00e4sittelemme henkil\u00f6tietojasi seuraaviin tarkoituksiin:<\/strong><\/span><\/h3>\n<p>Sinun kanssasi tekem\u00e4mme sopimuksen t\u00e4yt\u00e4nt\u00f6\u00f6npano, erityisesti: Tavaroiden tai palvelujen toimittaminen sinulle Maksusi k\u00e4sittely Uutiskirjeemme ja\/tai mainosesitteemme l\u00e4hett\u00e4minen Voidaksemme soittaa sinulle tai l\u00e4hett\u00e4\u00e4 s\u00e4hk\u00f6postia, jos se on tarpeen tilauksen toteuttamiseksi. kanssasi tehty sopimus Ilmoittaaksemme sinulle palveluidemme ja tuotteidemme muutoksista Emme s\u00e4ilyt\u00e4 henkil\u00f6tietojasi pidemp\u00e4\u00e4n kuin on ehdottoman v\u00e4ltt\u00e4m\u00e4t\u00f6nt\u00e4 niiden tarkoitusten saavuttamiseksi, joita varten tietosi on ker\u00e4tty.<br \/>\nTietojen luovuttaminen kolmansille osapuolille Voimme jakaa henkil\u00f6tietojasi kolmansille osapuolille, jos t\u00e4m\u00e4 on yhteensopivaa edell\u00e4 mainittujen tarkoitusten kanssa.<br \/>\nToimittaminen kolmansille osapuolille voi olla tarpeen kanssasi tekem\u00e4mme sopimuksen t\u00e4yt\u00e4nt\u00f6\u00f6npanemiseksi, se voi olla tarpeen oikeutetun etumme edustamiseksi tai se voi olla tarpeen mink\u00e4 tahansa laillisen velvoitteemme noudattamiseksi.<br \/>\nTeemme k\u00e4sittelij\u00e4sopimuksen niiden yritysten kanssa, jotka k\u00e4sittelev\u00e4t tietojasi puolestamme varmistaaksemme tietojesi saman tason tietoturvan ja luottamuksellisuuden.<br \/>\nOlemme edelleen vastuussa n\u00e4ist\u00e4 prosesseista.<br \/>\nEdell\u00e4 mainittuja tilanteita lukuun ottamatta luovutamme henkil\u00f6tietojasi muille kolmansille osapuolille vain sinun nimenomaisella suostumuksellasi.     <\/p>\n<h3><strong><span style=\"color: #003163;\">3.2 Kaupallisiin tarkoituksiin<\/span><\/strong><\/h3>\n<p>Tietojasi ei myyd\u00e4 tai jaeta kolmansille osapuolille kaupallisiin tarkoituksiin, ellet anna t\u00e4h\u00e4n nimenomaista lupaa.<br \/>\nVoimme k\u00e4ytt\u00e4\u00e4 henkil\u00f6tietojasi kaupallisiin tarkoituksiin, esimerkiksi tarjotaksemme sinulle lis\u00e4tietoja palveluistamme tai asiaankuuluvista tuotteista tai palveluista huolellisesti valituilta organisaatioilta.<br \/>\nT\u00e4ll\u00f6in sinulle ilmoitetaan vain rekister\u00f6ityyn s\u00e4hk\u00f6postiosoitteeseen.<br \/>\nJos et halua saada tietoa asiaan liittyvist\u00e4 tuotteista tai palveluista, voit ilmoittaa sen helposti napsauttamalla &#8221;peru tilaus&#8221; saamassasi s\u00e4hk\u00f6postissa.   <\/p>\n<h2><strong><span style=\"color: #003163;\">4. Tarkastele, korjaa tai poista<\/span><\/strong><\/h2>\n<p>Voit l\u00e4hett\u00e4\u00e4 henkil\u00f6tietojesi k\u00e4sittely\u00e4, korjaamista, poistamista, tietojen siirtoa koskevan pyynn\u00f6n, suostumuksesi peruutuspyynn\u00f6n tai vastustaa henkil\u00f6tietojesi k\u00e4sittelyn osoitteeseen sales@emtech.nl.<\/p>\n<p>Sinulla on oikeus tarkastella, korjata, poistaa tai rajoittaa henkil\u00f6tietojesi k\u00e4sittely\u00e4.<br \/>\nLis\u00e4ksi sinulla on oikeus peruuttaa suostumuksesi tietojen k\u00e4sittelyyn ja henkil\u00f6tietojesi k\u00e4sittelyyn tai vastustaa sit\u00e4. <\/p>\n<p>Sinulla on oikeus tietojen siirrett\u00e4vyyteen (&#8221;tietojen siirrett\u00e4vyys&#8221;), jos meill\u00e4 on digitaalisia henkil\u00f6tietoja, joita k\u00e4sittelemme joko suostumuksellasi tai joita k\u00e4sittelemme kanssasi tekem\u00e4mme sopimuksen t\u00e4ytt\u00e4miseksi.<br \/>\nT\u00e4m\u00e4 tarkoittaa, ett\u00e4 voit l\u00e4hett\u00e4\u00e4 meille pyynn\u00f6n digitaalisista henkil\u00f6tiedoista, jotka tallennamme sinusta luettavassa tietokonetiedostossa sinulle tai toiselle m\u00e4\u00e4ritt\u00e4m\u00e4si organisaatiolle. <\/p>\n<p>Varmistaaksemme, ett\u00e4 olet itse tehnyt p\u00e4\u00e4sypyynn\u00f6n, pyyd\u00e4mme sinua liitt\u00e4m\u00e4\u00e4n pyynt\u00f6\u00f6n kopion henkil\u00f6llisyydest\u00e4si.<br \/>\nTee passikuvasi, MRZ (koneellisesti luettava vy\u00f6hyke, numeronauha passin alaosassa), passin numero ja Citizen Service Number (BSN) mustat t\u00e4ss\u00e4 kopiossa.<br \/>\nT\u00e4m\u00e4 on yksityisyytesi suojaamiseksi.<br \/>\nVastaamme pyynt\u00f6\u00f6si mahdollisimman nopeasti, mutta nelj\u00e4n viikon kuluessa.<br \/>\nHaluamme my\u00f6s huomauttaa, ett\u00e4 sinulla on mahdollisuus tehd\u00e4 valitus kansalliselle valvontaviranomaiselle, Alankomaiden tietosuojaviranomaiselle.    <\/p>\n<h2><span style=\"color: #003163;\"><strong>5. Ota yhteytt\u00e4<\/strong><\/span><\/h2>\n<p>Suhtaudumme tietojesi suojaamiseen vakavasti ja ryhdymme tarvittaviin toimenpiteisiin est\u00e4\u00e4ksemme v\u00e4\u00e4rink\u00e4yt\u00f6n, katoamisen, luvattoman k\u00e4yt\u00f6n, ei-toivotun paljastamisen ja luvattoman muuttamisen.<br \/>\nJos sinusta tuntuu, ett\u00e4 tietojasi ei ole suojattu asianmukaisesti tai jos on viitteit\u00e4 v\u00e4\u00e4rink\u00e4yt\u00f6st\u00e4, ota yhteytt\u00e4 sales@emtech.nl. <\/p>\n<p><strong>EMtech Industrial Repairs bv<\/strong><br \/> Vanhempi Nunenstraat 10<br \/> 5706 TK Helmond Alankomaat<\/p>\n<p>S\u00e4hk\u00f6posti: sales@emtech.nl<br \/> Puh: +31 40 8080 100<\/p>\n<p>Kauppakamari: 17192652<\/p>\n<\/header>\n\t\t\t\t\t<\/div>\n\t\t\t\t\t\t<\/div>\n\t\t\t\t<\/div>\n\t\t\t\t\t\t<\/div>\n\t\t\t\t\t<\/div>\n\t\t<\/div>\n\t\t\t\t\t\t\t\t<\/div>\n\t\t\t\t\t<\/div>\n\t\t<\/section>\n\t\t\t\t\t\t\t\t\t<\/div>\n\t\t\t<\/div>\n\t\t\t\t\t<\/div>\n\t\t","protected":false},"excerpt":{"rendered":"<p>Tietosuojalausunto EMtech T\u00e4m\u00e4 on EMtech Industrial Repairs bv:n tietosuojaseloste, joka sijaitsee osoitteessa 5706 TK Helmond osoitteessa Wethouder van Nunenstraat 10 (j\u00e4ljemp\u00e4n\u00e4: EMtech), www.emtech.nl. 1. Soveltuvuus T\u00e4m\u00e4 tietosuojaseloste koskee kaikkia yksityisyyden kannalta arkaluonteisia tietoja tai henkil\u00f6tietoja, jotka annat meille esimerkiksi rekister\u00f6intilomakkeen, yhteydenottolomakkeen tai tekemiesi tilausten kautta. Pid\u00e4mme eritt\u00e4in t\u00e4rke\u00e4n\u00e4 asiakkaidemme yksityisyytt\u00e4 ja siksi noudatamme \u00e4\u00e4rimm\u00e4ist\u00e4 varovaisuutta [&hellip;]<\/p>\n","protected":false},"author":2,"featured_media":0,"parent":0,"menu_order":0,"comment_status":"closed","ping_status":"closed","template":"","meta":{"footnotes":""},"acf":[],"yoast_head":"<!-- This site is optimized with the Yoast SEO Premium plugin v22.3 (Yoast SEO v22.3) - https:\/\/yoast.com\/wordpress\/plugins\/seo\/ -->\n<title>Tietosuojalausunto | EMtech Industrial Repairs<\/title>\n<meta name=\"description\" content=\"Swift repairs based on expertise\" \/>\n<meta name=\"robots\" content=\"index, follow, max-snippet:-1, max-image-preview:large, max-video-preview:-1\" \/>\n<link rel=\"canonical\" href=\"https:\/\/emtech.nl\/privacy-statement\/\" \/>\n<meta property=\"og:locale\" content=\"fi_FI\" \/>\n<meta property=\"og:type\" content=\"article\" \/>\n<meta property=\"og:title\" content=\"Tietosuojalausunto\" \/>\n<meta property=\"og:description\" content=\"Swift repairs based on expertise\" \/>\n<meta property=\"og:url\" content=\"https:\/\/emtech.nl\/privacy-statement\/\" \/>\n<meta property=\"og:site_name\" content=\"EMtech Industrial Repairs\" \/>\n<meta property=\"article:modified_time\" content=\"2025-01-27T15:17:45+00:00\" \/>\n<meta property=\"og:image\" content=\"https:\/\/emtech.nl\/wp-content\/uploads\/2024\/01\/emtech_logo.png\" \/>\n\t<meta property=\"og:image:width\" content=\"1200\" \/>\n\t<meta property=\"og:image:height\" content=\"675\" \/>\n\t<meta property=\"og:image:type\" content=\"image\/png\" \/>\n<meta name=\"twitter:card\" content=\"summary_large_image\" \/>\n<meta name=\"twitter:label1\" content=\"Arvioitu lukuaika\" \/>\n\t<meta name=\"twitter:data1\" content=\"4 minuuttia\" \/>\n<script type=\"application\/ld+json\" class=\"yoast-schema-graph\">{\"@context\":\"https:\/\/schema.org\",\"@graph\":[{\"@type\":\"WebPage\",\"@id\":\"https:\/\/emtech.nl\/privacy-statement\/\",\"url\":\"https:\/\/emtech.nl\/privacy-statement\/\",\"name\":\"Tietosuojalausunto | EMtech Industrial Repairs\",\"isPartOf\":{\"@id\":\"https:\/\/emtech.nl\/#website\"},\"datePublished\":\"2021-03-11T11:58:12+00:00\",\"dateModified\":\"2025-01-27T15:17:45+00:00\",\"description\":\"Swift repairs based on expertise\",\"breadcrumb\":{\"@id\":\"https:\/\/emtech.nl\/privacy-statement\/#breadcrumb\"},\"inLanguage\":\"fi\",\"potentialAction\":[{\"@type\":\"ReadAction\",\"target\":[\"https:\/\/emtech.nl\/privacy-statement\/\"]}]},{\"@type\":\"BreadcrumbList\",\"@id\":\"https:\/\/emtech.nl\/privacy-statement\/#breadcrumb\",\"itemListElement\":[{\"@type\":\"ListItem\",\"position\":1,\"name\":\"Home\",\"item\":\"https:\/\/emtech.nl\/\"},{\"@type\":\"ListItem\",\"position\":2,\"name\":\"Tietosuojalausunto\"}]},{\"@type\":\"WebSite\",\"@id\":\"https:\/\/emtech.nl\/#website\",\"url\":\"https:\/\/emtech.nl\/\",\"name\":\"EMtech Industrial Repairs\",\"description\":\"Swift repairs based on expertise\",\"publisher\":{\"@id\":\"https:\/\/emtech.nl\/#organization\"},\"alternateName\":\"EMtech\",\"potentialAction\":[{\"@type\":\"SearchAction\",\"target\":{\"@type\":\"EntryPoint\",\"urlTemplate\":\"https:\/\/emtech.nl\/?s={search_term_string}\"},\"query-input\":\"required name=search_term_string\"}],\"inLanguage\":\"fi\"},{\"@type\":\"Organization\",\"@id\":\"https:\/\/emtech.nl\/#organization\",\"name\":\"EMtech Industrial Repairs bv\",\"alternateName\":\"EMtech\",\"url\":\"https:\/\/emtech.nl\/\",\"logo\":{\"@type\":\"ImageObject\",\"inLanguage\":\"fi\",\"@id\":\"https:\/\/emtech.nl\/#\/schema\/logo\/image\/\",\"url\":\"https:\/\/emtech.nl\/wp-content\/uploads\/2024\/02\/emtech_logo_400px_400px.jpg\",\"contentUrl\":\"https:\/\/emtech.nl\/wp-content\/uploads\/2024\/02\/emtech_logo_400px_400px.jpg\",\"width\":400,\"height\":400,\"caption\":\"EMtech Industrial Repairs bv\"},\"image\":{\"@id\":\"https:\/\/emtech.nl\/#\/schema\/logo\/image\/\"},\"sameAs\":[\"https:\/\/www.linkedin.com\/company\/emtech-industrial-repairs-bv\/\",\"https:\/\/www.youtube.com\/@emtechindustrialrepairs4219\"],\"description\":\"EMtech is een Team professionele Research & Repair Engineers met passie en focus voor reparatie van defecte industri\u00eble elektronica gevestigd in Brainport Helmond, vlak naast Eindhoven. EMtech specialiseert zich in de ondersteuning van grote continu industrie door professionele snelle reparaties van besturingselektronica.\",\"email\":\"verkoop@emtech.nl\",\"telephone\":\"+31 492 472 410\",\"legalName\":\"EMtech Industrial Repairs bv\",\"foundingDate\":\"2006-01-01\",\"vatID\":\"NL817122357B01\",\"numberOfEmployees\":{\"@type\":\"QuantitativeValue\",\"minValue\":\"11\",\"maxValue\":\"50\"}}]}<\/script>\n<!-- \/ Yoast SEO Premium plugin. -->","yoast_head_json":{"title":"Tietosuojalausunto | EMtech Industrial Repairs","description":"Swift repairs based on expertise","robots":{"index":"index","follow":"follow","max-snippet":"max-snippet:-1","max-image-preview":"max-image-preview:large","max-video-preview":"max-video-preview:-1"},"canonical":"https:\/\/emtech.nl\/privacy-statement\/","og_locale":"fi_FI","og_type":"article","og_title":"Tietosuojalausunto","og_description":"Swift repairs based on expertise","og_url":"https:\/\/emtech.nl\/privacy-statement\/","og_site_name":"EMtech Industrial Repairs","article_modified_time":"2025-01-27T15:17:45+00:00","og_image":[{"width":1200,"height":675,"url":"https:\/\/emtech.nl\/wp-content\/uploads\/2024\/01\/emtech_logo.png","type":"image\/png"}],"twitter_card":"summary_large_image","twitter_misc":{"Arvioitu lukuaika":"4 minuuttia"},"schema":{"@context":"https:\/\/schema.org","@graph":[{"@type":"WebPage","@id":"https:\/\/emtech.nl\/privacy-statement\/","url":"https:\/\/emtech.nl\/privacy-statement\/","name":"Tietosuojalausunto | EMtech Industrial Repairs","isPartOf":{"@id":"https:\/\/emtech.nl\/#website"},"datePublished":"2021-03-11T11:58:12+00:00","dateModified":"2025-01-27T15:17:45+00:00","description":"Swift repairs based on expertise","breadcrumb":{"@id":"https:\/\/emtech.nl\/privacy-statement\/#breadcrumb"},"inLanguage":"fi","potentialAction":[{"@type":"ReadAction","target":["https:\/\/emtech.nl\/privacy-statement\/"]}]},{"@type":"BreadcrumbList","@id":"https:\/\/emtech.nl\/privacy-statement\/#breadcrumb","itemListElement":[{"@type":"ListItem","position":1,"name":"Home","item":"https:\/\/emtech.nl\/"},{"@type":"ListItem","position":2,"name":"Tietosuojalausunto"}]},{"@type":"WebSite","@id":"https:\/\/emtech.nl\/#website","url":"https:\/\/emtech.nl\/","name":"EMtech Industrial Repairs","description":"Swift repairs based on expertise","publisher":{"@id":"https:\/\/emtech.nl\/#organization"},"alternateName":"EMtech","potentialAction":[{"@type":"SearchAction","target":{"@type":"EntryPoint","urlTemplate":"https:\/\/emtech.nl\/?s={search_term_string}"},"query-input":"required name=search_term_string"}],"inLanguage":"fi"},{"@type":"Organization","@id":"https:\/\/emtech.nl\/#organization","name":"EMtech Industrial Repairs bv","alternateName":"EMtech","url":"https:\/\/emtech.nl\/","logo":{"@type":"ImageObject","inLanguage":"fi","@id":"https:\/\/emtech.nl\/#\/schema\/logo\/image\/","url":"https:\/\/emtech.nl\/wp-content\/uploads\/2024\/02\/emtech_logo_400px_400px.jpg","contentUrl":"https:\/\/emtech.nl\/wp-content\/uploads\/2024\/02\/emtech_logo_400px_400px.jpg","width":400,"height":400,"caption":"EMtech Industrial Repairs bv"},"image":{"@id":"https:\/\/emtech.nl\/#\/schema\/logo\/image\/"},"sameAs":["https:\/\/www.linkedin.com\/company\/emtech-industrial-repairs-bv\/","https:\/\/www.youtube.com\/@emtechindustrialrepairs4219"],"description":"EMtech is een Team professionele Research & Repair Engineers met passie en focus voor reparatie van defecte industri\u00eble elektronica gevestigd in Brainport Helmond, vlak naast Eindhoven. EMtech specialiseert zich in de ondersteuning van grote continu industrie door professionele snelle reparaties van besturingselektronica.","email":"verkoop@emtech.nl","telephone":"+31 492 472 410","legalName":"EMtech Industrial Repairs bv","foundingDate":"2006-01-01","vatID":"NL817122357B01","numberOfEmployees":{"@type":"QuantitativeValue","minValue":"11","maxValue":"50"}}]}},"_links":{"self":[{"href":"https:\/\/emtech.nl\/fi\/wp-json\/wp\/v2\/pages\/1136604"}],"collection":[{"href":"https:\/\/emtech.nl\/fi\/wp-json\/wp\/v2\/pages"}],"about":[{"href":"https:\/\/emtech.nl\/fi\/wp-json\/wp\/v2\/types\/page"}],"author":[{"embeddable":true,"href":"https:\/\/emtech.nl\/fi\/wp-json\/wp\/v2\/users\/2"}],"replies":[{"embeddable":true,"href":"https:\/\/emtech.nl\/fi\/wp-json\/wp\/v2\/comments?post=1136604"}],"version-history":[{"count":0,"href":"https:\/\/emtech.nl\/fi\/wp-json\/wp\/v2\/pages\/1136604\/revisions"}],"wp:attachment":[{"href":"https:\/\/emtech.nl\/fi\/wp-json\/wp\/v2\/media?parent=1136604"}],"curies":[{"name":"wp","href":"https:\/\/api.w.org\/{rel}","templated":true}]}}