{"id":1136405,"date":"2021-11-17T07:55:03","date_gmt":"2021-11-17T06:55:03","guid":{"rendered":"https:\/\/emtech.nl\/tilini\/"},"modified":"2024-04-01T17:06:18","modified_gmt":"2024-04-01T15:06:18","slug":"tilini","status":"publish","type":"page","link":"https:\/\/emtech.nl\/fi\/tilini\/","title":{"rendered":"Tilini"},"content":{"rendered":"\t\t<div data-elementor-type=\"wp-page\" data-elementor-id=\"1136405\" class=\"elementor elementor-1136405 elementor-106570\" data-elementor-post-type=\"page\">\n\t\t\t\t\t\t<div class=\"elementor-inner\">\n\t\t\t\t<div class=\"elementor-section-wrap\">\n\t\t\t\t\t\t\t\t\t<section class=\"elementor-section elementor-top-section elementor-element elementor-element-2948997 elementor-section-height-min-height elementor-section-items-top elementor-section-boxed elementor-section-height-default\" data-id=\"2948997\" data-element_type=\"section\" data-settings=\"{&quot;background_background&quot;:&quot;classic&quot;,&quot;jet_parallax_layout_list&quot;:[]}\">\n\t\t\t\t\t\t<div class=\"elementor-container elementor-column-gap-default\">\n\t\t\t\t\t\t\t<div class=\"elementor-row\">\n\t\t\t\t\t<div class=\"elementor-column elementor-col-100 elementor-top-column elementor-element elementor-element-b604947\" data-id=\"b604947\" data-element_type=\"column\">\n\t\t\t<div class=\"elementor-column-wrap elementor-element-populated\">\n\t\t\t\t\t\t\t<div class=\"elementor-widget-wrap\">\n\t\t\t\t\t\t<div class=\"elementor-element elementor-element-c16b2c5 elementor-widget elementor-widget-image\" data-id=\"c16b2c5\" data-element_type=\"widget\" data-widget_type=\"image.default\">\n\t\t\t\t<div class=\"elementor-widget-container\">\n\t\t\t\t\t\t\t\t<div class=\"elementor-image\">\n\t\t\t\t\t\t\t\t\t\t\t\t<img fetchpriority=\"high\" decoding=\"async\" width=\"800\" height=\"175\" src=\"https:\/\/emtech.nl\/wp-content\/uploads\/2020\/11\/yO0FogAf0llH7Avk8OUVw6rVFW4WGmMB157AnuCo.png\" class=\"attachment-large size-large wp-image-19\" alt=\"EMtech\" srcset=\"https:\/\/emtech.nl\/wp-content\/uploads\/2020\/11\/yO0FogAf0llH7Avk8OUVw6rVFW4WGmMB157AnuCo.png 800w, https:\/\/emtech.nl\/wp-content\/uploads\/2020\/11\/yO0FogAf0llH7Avk8OUVw6rVFW4WGmMB157AnuCo-600x131.png 600w, https:\/\/emtech.nl\/wp-content\/uploads\/2020\/11\/yO0FogAf0llH7Avk8OUVw6rVFW4WGmMB157AnuCo-300x66.png 300w, https:\/\/emtech.nl\/wp-content\/uploads\/2020\/11\/yO0FogAf0llH7Avk8OUVw6rVFW4WGmMB157AnuCo-768x168.png 768w\" sizes=\"(max-width: 800px) 100vw, 800px\" \/>\t\t\t\t\t\t\t\t\t\t\t\t\t\t<\/div>\n\t\t\t\t\t\t<\/div>\n\t\t\t\t<\/div>\n\t\t\t\t<div class=\"elementor-element elementor-element-e982b94 e-my-account-tabs-vertical elementor-widget elementor-widget-woocommerce-my-account\" data-id=\"e982b94\" data-element_type=\"widget\" data-settings=\"{&quot;forms_buttons_hover_animation&quot;:&quot;grow&quot;}\" data-widget_type=\"woocommerce-my-account.default\">\n\t\t\t\t<div class=\"elementor-widget-container\">\n\t\t\t<div class=\"e-my-account-tab e-my-account-tab__ \">\t\t\t<span class=\"elementor-hidden\">[woocommerce_my_account]<\/span>\n\t\t\t<div class=\"woocommerce\"><div class=\"woocommerce-notices-wrapper\"><\/div>\n\n<div class=\"u-columns col2-set\" id=\"customer_login\">\n\n\t<div class=\"u-column1 col-1\">\n\n\n\t\t<h2>Kirjaudu<\/h2>\n\n\t\t<form class=\"woocommerce-form woocommerce-form-login login\" method=\"post\">\n\n\t\t\t\n\t\t\t<p class=\"woocommerce-form-row woocommerce-form-row--wide form-row form-row-wide\">\n\t\t\t\t<label for=\"username\">K\u00e4ytt\u00e4j\u00e4tunnus tai s\u00e4hk\u00f6postiosoite&nbsp;<span class=\"required\">*<\/span><\/label>\n\t\t\t\t<input type=\"text\" class=\"woocommerce-Input woocommerce-Input--text input-text\" name=\"username\" id=\"username\" autocomplete=\"username\" value=\"\" \/>\t\t\t<\/p>\n\t\t\t<p class=\"woocommerce-form-row woocommerce-form-row--wide form-row form-row-wide\">\n\t\t\t\t<label for=\"password\">Salasana&nbsp;<span class=\"required\">*<\/span><\/label>\n\t\t\t\t<input class=\"woocommerce-Input woocommerce-Input--text input-text\" type=\"password\" name=\"password\" id=\"password\" autocomplete=\"current-password\" \/>\n\t\t\t<\/p>\n\n\t\t\t\n\t\t\t<p class=\"form-row\">\n\t\t\t\t<label class=\"woocommerce-form__label woocommerce-form__label-for-checkbox woocommerce-form-login__rememberme\">\n\t\t\t\t\t<input class=\"woocommerce-form__input woocommerce-form__input-checkbox\" name=\"rememberme\" type=\"checkbox\" id=\"rememberme\" value=\"forever\" \/> <span>Muista minut<\/span>\n\t\t\t\t<\/label>\n\t\t\t\t<input type=\"hidden\" id=\"woocommerce-login-nonce\" name=\"woocommerce-login-nonce\" value=\"13dc471f08\" \/><input type=\"hidden\" name=\"_wp_http_referer\" value=\"\/fi\/wp-json\/wp\/v2\/pages\/1136405\" \/>\t\t\t\t<button type=\"submit\" class=\"woocommerce-button button woocommerce-form-login__submit\" name=\"login\" value=\"Kirjaudu sis\u00e4\u00e4n\">Kirjaudu sis\u00e4\u00e4n<\/button>\n\t\t\t<\/p>\n\t\t\t<p class=\"woocommerce-LostPassword lost_password\">\n\t\t\t\t<a href=\"https:\/\/emtech.nl\/fi\/tilini\/lost-password\/\">Salasana unohtunut?<\/a>\n\t\t\t<\/p>\n\n\t\t\t\n\t\t<\/form>\n\n\n\t<\/div>\n\n\t<div class=\"u-column2 col-2\">\n\n\t\t<h2>Rekister\u00f6idy<\/h2>\n\n\t\t<form method=\"post\" class=\"woocommerce-form woocommerce-form-register register\" enctype=\"multipart\/form-data\" >\n\n\t\t\t\n\t\t\t\n\t\t\t<p class=\"woocommerce-form-row woocommerce-form-row--wide form-row form-row-wide\">\n\t\t\t\t<label for=\"reg_email\">S\u00e4hk\u00f6postiosoite&nbsp;<span class=\"required\">*<\/span><\/label>\n\t\t\t\t<input type=\"email\" class=\"woocommerce-Input woocommerce-Input--text input-text\" name=\"email\" id=\"reg_email\" autocomplete=\"email\" value=\"\" \/>\t\t\t<\/p>\n\n\t\t\t\n\t\t\t\t<p class=\"woocommerce-form-row woocommerce-form-row--wide form-row form-row-wide\">\n\t\t\t\t\t<label for=\"reg_password\">Salasana&nbsp;<span class=\"required\">*<\/span><\/label>\n\t\t\t\t\t<input type=\"password\" class=\"woocommerce-Input woocommerce-Input--text input-text\" name=\"password\" id=\"reg_password\" autocomplete=\"new-password\" \/>\n\t\t\t\t<\/p>\n\n\t\t\t\n\t\t\t<input type=\"hidden\" name=\"wc_order_attribution_type\" value=\"\" \/><input type=\"hidden\" name=\"wc_order_attribution_url\" value=\"\" \/><input type=\"hidden\" name=\"wc_order_attribution_utm_campaign\" value=\"\" \/><input type=\"hidden\" name=\"wc_order_attribution_utm_source\" value=\"\" \/><input type=\"hidden\" name=\"wc_order_attribution_utm_medium\" value=\"\" \/><input type=\"hidden\" name=\"wc_order_attribution_utm_content\" value=\"\" \/><input type=\"hidden\" name=\"wc_order_attribution_utm_id\" value=\"\" \/><input type=\"hidden\" name=\"wc_order_attribution_utm_term\" value=\"\" \/><input type=\"hidden\" name=\"wc_order_attribution_session_entry\" value=\"\" \/><input type=\"hidden\" name=\"wc_order_attribution_session_start_time\" value=\"\" \/><input type=\"hidden\" name=\"wc_order_attribution_session_pages\" value=\"\" \/><input type=\"hidden\" name=\"wc_order_attribution_session_count\" value=\"\" \/><input type=\"hidden\" name=\"wc_order_attribution_user_agent\" value=\"\" \/>\t\t\t<p class=\"woocommerce-form-row woocommerce-form-row--wide form-row form-row-wide b2bwhs_registration_options_dropdown_section \n\t\t\t\t\t\t\">\n\t\t\t\t<label for=\"b2bwhs_registration_options_dropdown\">\n\t\t\t\t\tUser Type&nbsp;<span class=\"required\">*<\/span>\n\t\t\t\t<\/label>\n\t\t\t\t<select id=\"b2bwhs_registration_options_dropdown\" name=\"b2bwhs_registration_options_dropdown\" required>\n\t\t\t\t\t<option value=\"role_197481\" >Yhti\u00f6<\/option>\t\t\t\t<\/select>\n\t\t\t<\/p>\n\t\t\t<div class=\" b2bwhs_custom_registration_container b2bwhs_custom_registration_role_197481\"><p class=\"woocommerce-form-row woocommerce-form-row--wide form-row form-row-wide b2bwhs_country_or_state\"><label>Maa&nbsp;<span class=\"required\">*<\/span><\/label><p class=\"form-row b2bwhs_country_field_selector b2bwhs_custom_registration_field b2bwhs_custom_field_req_required b2bwhs_country_field_req_required\" id=\"b2bwhs_custom_field_197491_field\" data-priority=\"\"><span class=\"woocommerce-input-wrapper\"><select name=\"b2bwhs_custom_field_197491\" id=\"b2bwhs_custom_field_197491\" class=\"country_to_state country_select \"  data-placeholder=\"Valitse maa \/ alue&hellip;\" ><option value=\"\">Valitse maa \/ alue&hellip;<\/option><option value=\"BE\" >Belgia<\/option><option value=\"DK\" >Tanska<\/option><option value=\"DE\" >Saksa<\/option><option value=\"FI\" >Suomi<\/option><option value=\"FR\" >Ranska<\/option><option value=\"IT\" >Italia<\/option><option value=\"LU\" >Luxembourg<\/option><option value=\"NL\" >Hollanti<\/option><option value=\"NO\" >Norja<\/option><option value=\"PL\" >Puola<\/option><option value=\"PT\" >Portugali<\/option><option value=\"RO\" >Romania<\/option><option value=\"ES\" >Espanja<\/option><option value=\"GB\" >Yhdistynyt kuningaskunta (UK)<\/option><option value=\"SE\" >Ruotsi<\/option><\/select><noscript><button type=\"submit\" name=\"woocommerce_checkout_update_totals\" value=\"P\u00e4ivit\u00e4 maa \/ alue\">P\u00e4ivit\u00e4 maa \/ alue<\/button><\/noscript><\/span><\/p><input type=\"hidden\" id=\"b2bwhs_country_registration_field_number\" name=\"b2bwhs_country_registration_field_number\" value=\"197491\"><\/div><div class=\" b2bwhs_custom_registration_container b2bwhs_custom_registration_role_197481\"><p class=\"woocommerce-form-row woocommerce-form-row--wide form-row form-row-wide \"><label>postinumero&nbsp;<span class=\"required\">*<\/span><\/label><input type=\"text\" class=\"b2bwhs_custom_registration_field b2bwhs_custom_field_req_required\" name=\"b2bwhs_custom_field_197489\" id=\"b2bwhs_custom_field_197489\" value=\"\" placeholder=\"postinumero\" required><\/div><div class=\" b2bwhs_custom_registration_container b2bwhs_custom_registration_allroles\"><p class=\"woocommerce-form-row woocommerce-form-row--wide form-row form-row-wide \"><label>Katu + talonumero&nbsp;<\/label><input type=\"text\" class=\"b2bwhs_custom_registration_field b2bwhs_custom_field_req_\" name=\"b2bwhs_custom_field_197486\" id=\"b2bwhs_custom_field_197486\" value=\"\" placeholder=\"\" ><\/div><div class=\" b2bwhs_custom_registration_container b2bwhs_custom_registration_role_197481\"><p class=\"woocommerce-form-row woocommerce-form-row--wide form-row form-row-wide \"><label>Kauppakamarin numero&nbsp;<\/label><input type=\"text\" class=\"b2bwhs_custom_registration_field b2bwhs_custom_field_req_\" name=\"b2bwhs_custom_field_731403\" id=\"b2bwhs_custom_field_731403\" value=\"\" placeholder=\"\" ><\/div><div class=\" b2bwhs_custom_registration_container b2bwhs_custom_registration_role_197482\"><p class=\"woocommerce-form-row woocommerce-form-row--wide form-row form-row-wide \"><label>Osoiterivi 2&nbsp;<\/label><input type=\"text\" class=\"b2bwhs_custom_registration_field b2bwhs_custom_field_req_\" name=\"b2bwhs_custom_field_197487\" id=\"b2bwhs_custom_field_197487\" value=\"\" placeholder=\"Osoiterivi 2...\" ><\/div><div class=\"b2bwhs_vat_number_registration_field_container b2bwhs_custom_registration_container b2bwhs_custom_registration_role_197481\"><p class=\"woocommerce-form-row woocommerce-form-row--wide form-row form-row-wide \"><label>ALV-numeron vahvistus&nbsp;<span class=\"required\">*<\/span><\/label><input type=\"text\" id=\"b2bwhs_vat_number_registration_field\" class=\"b2bwhs_custom_registration_field b2bwhs_custom_field_req_required\" id=\"b2bwhs_custom_field_197494\"  name=\"b2bwhs_custom_field_197494\" value=\"\" placeholder=\"\" required><input type=\"hidden\" id=\"b2bwhs_vat_number_registration_field_countries\" value=\"BE,FR,DE,LU,PT,ES,GB\"><input type=\"hidden\" id=\"b2bwhs_vat_number_registration_field_number\" name=\"b2bwhs_vat_number_registration_field_number\" value=\"197494\"><\/div><div class=\" b2bwhs_custom_registration_container b2bwhs_custom_registration_allroles\"><p class=\"woocommerce-form-row woocommerce-form-row--wide form-row form-row-wide \"><label>Yrityksen nimi&nbsp;<span class=\"required\">*<\/span><\/label><input type=\"text\" class=\"b2bwhs_custom_registration_field b2bwhs_custom_field_req_required\" name=\"b2bwhs_custom_field_197485\" id=\"b2bwhs_custom_field_197485\" value=\"\" placeholder=\"\" required><\/div><div class=\" b2bwhs_custom_registration_container b2bwhs_custom_registration_allroles\"><p class=\"woocommerce-form-row woocommerce-form-row--wide form-row form-row-wide \"><label>Paikka&nbsp;<span class=\"required\">*<\/span><\/label><input type=\"text\" class=\"b2bwhs_custom_registration_field b2bwhs_custom_field_req_required\" name=\"b2bwhs_custom_field_197488\" id=\"b2bwhs_custom_field_197488\" value=\"\" placeholder=\"\" required><\/div><div class=\" b2bwhs_custom_registration_container b2bwhs_custom_registration_role_197481\"><p class=\"woocommerce-form-row woocommerce-form-row--wide form-row form-row-wide \"><label>Etunimi&nbsp;<span class=\"required\">*<\/span><\/label><input type=\"text\" class=\"b2bwhs_custom_registration_field b2bwhs_custom_field_req_required\" name=\"b2bwhs_custom_field_197483\" id=\"b2bwhs_custom_field_197483\" value=\"\" placeholder=\"\" required><\/div><div class=\" b2bwhs_custom_registration_container b2bwhs_custom_registration_role_197481\"><p class=\"woocommerce-form-row woocommerce-form-row--wide form-row form-row-wide \"><label>Sukunimi&nbsp;<span class=\"required\">*<\/span><\/label><input type=\"text\" class=\"b2bwhs_custom_registration_field b2bwhs_custom_field_req_required\" name=\"b2bwhs_custom_field_197484\" id=\"b2bwhs_custom_field_197484\" value=\"\" placeholder=\"\" required><\/div><div class=\" b2bwhs_custom_registration_container b2bwhs_custom_registration_role_197481\"><p class=\"woocommerce-form-row woocommerce-form-row--wide form-row form-row-wide \"><label>Matkapuhelinnumero&nbsp;<span class=\"required\">*<\/span><\/label><input type=\"tel\" class=\"b2bwhs_custom_registration_field b2bwhs_custom_field_req_required\" id=\"b2bwhs_custom_field_197490\"  name=\"b2bwhs_custom_field_197490\" value=\"\" placeholder=\"\" required><\/div><p class=\"form-row form-row-wide mailchimp-newsletter\"><label for=\"mailchimp_woocommerce_newsletter\" class=\"woocommerce-form__label woocommerce-form__label-for-checkbox inline\"><input class=\"woocommerce-form__input woocommerce-form__input-checkbox input-checkbox\" id=\"mailchimp_woocommerce_newsletter\" type=\"checkbox\" name=\"mailchimp_woocommerce_newsletter\" value=\"1\" checked=\"checked\"> <span>Subscribe to our newsletter<\/span><\/label><\/p><div class=\"clear\"><\/div><div class=\"woocommerce-privacy-policy-text\"><p>Je persoonlijke gegevens worden gebruikt om je ervaring op deze site te ondersteunen, om toegang tot je account te beheren en voor andere doeleinden zoals omschreven in ons <a href=\"https:\/\/emtech.nl\/privacy-statement\/\" class=\"woocommerce-privacy-policy-link\" target=\"_blank\">Yksityisyyden suoja<\/a>.<\/p>\n<\/div>\n\t\t\t<p class=\"woocommerce-form-row form-row\">\n\t\t\t\t<input type=\"hidden\" id=\"woocommerce-register-nonce\" name=\"woocommerce-register-nonce\" value=\"6fdf6f620e\" \/><input type=\"hidden\" name=\"_wp_http_referer\" value=\"\/fi\/wp-json\/wp\/v2\/pages\/1136405\" \/>\t\t\t\t<button type=\"submit\" class=\"woocommerce-Button woocommerce-button button woocommerce-form-register__submit\" name=\"register\" value=\"Rekister\u00f6idy\">Rekister\u00f6idy<\/button>\n\t\t\t<\/p>\n\n\t\t\t\n\t\t<\/form>\n\n\t<\/div>\n\n<\/div>\n\n<\/div>\t\t<\/div>\n\t\t\t\t<\/div>\n\t\t\t\t<\/div>\n\t\t\t\t\t\t<\/div>\n\t\t\t\t\t<\/div>\n\t\t<\/div>\n\t\t\t\t\t\t\t\t<\/div>\n\t\t\t\t\t<\/div>\n\t\t<\/section>\n\t\t\t\t\t\t\t\t\t<\/div>\n\t\t\t<\/div>\n\t\t\t\t\t<\/div>\n\t\t","protected":false},"excerpt":{"rendered":"<p>Tilaa korjaus? Klikkaa t\u00e4st\u00e4 Kirjaudu K\u00e4ytt\u00e4j\u00e4tunnus tai s\u00e4hk\u00f6postiosoite&nbsp;* Salasana&nbsp;* Muista minut Kirjaudu sis\u00e4\u00e4n Salasana unohtunut? Rekister\u00f6idy S\u00e4hk\u00f6postiosoite&nbsp;* Salasana&nbsp;* User Type&nbsp;* Yhti\u00f6 Maa&nbsp;*Valitse maa \/ alue&hellip;BelgiaTanskaSaksaSuomiRanskaItaliaLuxembourgHollantiNorjaPuolaPortugaliRomaniaEspanjaYhdistynyt kuningaskunta (UK)RuotsiP\u00e4ivit\u00e4 maa \/ aluepostinumero&nbsp;*Katu + talonumero&nbsp;Kauppakamarin numero&nbsp;Osoiterivi 2&nbsp;ALV-numeron vahvistus&nbsp;*Yrityksen nimi&nbsp;*Paikka&nbsp;*Etunimi&nbsp;*Sukunimi&nbsp;*Matkapuhelinnumero&nbsp;* Subscribe to our newsletterJe persoonlijke gegevens worden gebruikt om je ervaring op deze site te ondersteunen, om toegang tot [&hellip;]<\/p>\n","protected":false},"author":2,"featured_media":0,"parent":0,"menu_order":0,"comment_status":"closed","ping_status":"closed","template":"","meta":{"footnotes":""},"acf":[],"yoast_head":"<!-- This site is optimized with the Yoast SEO Premium plugin v22.3 (Yoast SEO v22.3) - https:\/\/yoast.com\/wordpress\/plugins\/seo\/ -->\n<title>Tilini | EMtech Industrial Repairs<\/title>\n<meta name=\"description\" content=\"Swift repairs based on expertise\" \/>\n<meta name=\"robots\" content=\"index, follow, max-snippet:-1, max-image-preview:large, max-video-preview:-1\" \/>\n<link rel=\"canonical\" href=\"https:\/\/emtech.nl\/mijn-account\/\" \/>\n<meta property=\"og:locale\" content=\"fi_FI\" \/>\n<meta property=\"og:type\" content=\"article\" \/>\n<meta property=\"og:title\" content=\"Tilini\" \/>\n<meta property=\"og:description\" content=\"Swift repairs based on expertise\" \/>\n<meta property=\"og:url\" content=\"https:\/\/emtech.nl\/mijn-account\/\" \/>\n<meta property=\"og:site_name\" content=\"EMtech Industrial Repairs\" \/>\n<meta property=\"article:modified_time\" content=\"2024-04-01T15:06:18+00:00\" \/>\n<meta property=\"og:image\" content=\"https:\/\/emtech.nl\/wp-content\/uploads\/2020\/11\/yO0FogAf0llH7Avk8OUVw6rVFW4WGmMB157AnuCo.png\" \/>\n<meta name=\"twitter:card\" content=\"summary_large_image\" \/>\n<script type=\"application\/ld+json\" class=\"yoast-schema-graph\">{\"@context\":\"https:\/\/schema.org\",\"@graph\":[{\"@type\":\"WebPage\",\"@id\":\"https:\/\/emtech.nl\/mijn-account\/\",\"url\":\"https:\/\/emtech.nl\/mijn-account\/\",\"name\":\"Tilini | EMtech Industrial Repairs\",\"isPartOf\":{\"@id\":\"https:\/\/emtech.nl\/#website\"},\"primaryImageOfPage\":{\"@id\":\"https:\/\/emtech.nl\/mijn-account\/#primaryimage\"},\"image\":{\"@id\":\"https:\/\/emtech.nl\/mijn-account\/#primaryimage\"},\"thumbnailUrl\":\"https:\/\/emtech.nl\/wp-content\/uploads\/2020\/11\/yO0FogAf0llH7Avk8OUVw6rVFW4WGmMB157AnuCo.png\",\"datePublished\":\"2021-11-17T06:55:03+00:00\",\"dateModified\":\"2024-04-01T15:06:18+00:00\",\"description\":\"Swift repairs based on expertise\",\"breadcrumb\":{\"@id\":\"https:\/\/emtech.nl\/mijn-account\/#breadcrumb\"},\"inLanguage\":\"fi\",\"potentialAction\":[{\"@type\":\"ReadAction\",\"target\":[\"https:\/\/emtech.nl\/mijn-account\/\"]}]},{\"@type\":\"ImageObject\",\"inLanguage\":\"fi\",\"@id\":\"https:\/\/emtech.nl\/mijn-account\/#primaryimage\",\"url\":\"https:\/\/emtech.nl\/wp-content\/uploads\/2020\/11\/yO0FogAf0llH7Avk8OUVw6rVFW4WGmMB157AnuCo.png\",\"contentUrl\":\"https:\/\/emtech.nl\/wp-content\/uploads\/2020\/11\/yO0FogAf0llH7Avk8OUVw6rVFW4WGmMB157AnuCo.png\",\"width\":800,\"height\":175,\"caption\":\"EMtech\"},{\"@type\":\"BreadcrumbList\",\"@id\":\"https:\/\/emtech.nl\/mijn-account\/#breadcrumb\",\"itemListElement\":[{\"@type\":\"ListItem\",\"position\":1,\"name\":\"Home\",\"item\":\"https:\/\/emtech.nl\/\"},{\"@type\":\"ListItem\",\"position\":2,\"name\":\"Tilini\"}]},{\"@type\":\"WebSite\",\"@id\":\"https:\/\/emtech.nl\/#website\",\"url\":\"https:\/\/emtech.nl\/\",\"name\":\"EMtech Industrial Repairs\",\"description\":\"Swift repairs based on expertise\",\"publisher\":{\"@id\":\"https:\/\/emtech.nl\/#organization\"},\"alternateName\":\"EMtech\",\"potentialAction\":[{\"@type\":\"SearchAction\",\"target\":{\"@type\":\"EntryPoint\",\"urlTemplate\":\"https:\/\/emtech.nl\/?s={search_term_string}\"},\"query-input\":\"required name=search_term_string\"}],\"inLanguage\":\"fi\"},{\"@type\":\"Organization\",\"@id\":\"https:\/\/emtech.nl\/#organization\",\"name\":\"EMtech Industrial Repairs bv\",\"alternateName\":\"EMtech\",\"url\":\"https:\/\/emtech.nl\/\",\"logo\":{\"@type\":\"ImageObject\",\"inLanguage\":\"fi\",\"@id\":\"https:\/\/emtech.nl\/#\/schema\/logo\/image\/\",\"url\":\"https:\/\/emtech.nl\/wp-content\/uploads\/2024\/02\/emtech_logo_400px_400px.jpg\",\"contentUrl\":\"https:\/\/emtech.nl\/wp-content\/uploads\/2024\/02\/emtech_logo_400px_400px.jpg\",\"width\":400,\"height\":400,\"caption\":\"EMtech Industrial Repairs bv\"},\"image\":{\"@id\":\"https:\/\/emtech.nl\/#\/schema\/logo\/image\/\"},\"sameAs\":[\"https:\/\/www.linkedin.com\/company\/emtech-industrial-repairs-bv\/\",\"https:\/\/www.youtube.com\/@emtechindustrialrepairs4219\"],\"description\":\"EMtech is een Team professionele Research & Repair Engineers met passie en focus voor reparatie van defecte industri\u00eble elektronica gevestigd in Brainport Helmond, vlak naast Eindhoven. EMtech specialiseert zich in de ondersteuning van grote continu industrie door professionele snelle reparaties van besturingselektronica.\",\"email\":\"verkoop@emtech.nl\",\"telephone\":\"+31 492 472 410\",\"legalName\":\"EMtech Industrial Repairs bv\",\"foundingDate\":\"2006-01-01\",\"vatID\":\"NL817122357B01\",\"numberOfEmployees\":{\"@type\":\"QuantitativeValue\",\"minValue\":\"11\",\"maxValue\":\"50\"}}]}<\/script>\n<!-- \/ Yoast SEO Premium plugin. -->","yoast_head_json":{"title":"Tilini | EMtech Industrial Repairs","description":"Swift repairs based on expertise","robots":{"index":"index","follow":"follow","max-snippet":"max-snippet:-1","max-image-preview":"max-image-preview:large","max-video-preview":"max-video-preview:-1"},"canonical":"https:\/\/emtech.nl\/mijn-account\/","og_locale":"fi_FI","og_type":"article","og_title":"Tilini","og_description":"Swift repairs based on expertise","og_url":"https:\/\/emtech.nl\/mijn-account\/","og_site_name":"EMtech Industrial Repairs","article_modified_time":"2024-04-01T15:06:18+00:00","og_image":[{"url":"https:\/\/emtech.nl\/wp-content\/uploads\/2020\/11\/yO0FogAf0llH7Avk8OUVw6rVFW4WGmMB157AnuCo.png"}],"twitter_card":"summary_large_image","schema":{"@context":"https:\/\/schema.org","@graph":[{"@type":"WebPage","@id":"https:\/\/emtech.nl\/mijn-account\/","url":"https:\/\/emtech.nl\/mijn-account\/","name":"Tilini | EMtech Industrial Repairs","isPartOf":{"@id":"https:\/\/emtech.nl\/#website"},"primaryImageOfPage":{"@id":"https:\/\/emtech.nl\/mijn-account\/#primaryimage"},"image":{"@id":"https:\/\/emtech.nl\/mijn-account\/#primaryimage"},"thumbnailUrl":"https:\/\/emtech.nl\/wp-content\/uploads\/2020\/11\/yO0FogAf0llH7Avk8OUVw6rVFW4WGmMB157AnuCo.png","datePublished":"2021-11-17T06:55:03+00:00","dateModified":"2024-04-01T15:06:18+00:00","description":"Swift repairs based on expertise","breadcrumb":{"@id":"https:\/\/emtech.nl\/mijn-account\/#breadcrumb"},"inLanguage":"fi","potentialAction":[{"@type":"ReadAction","target":["https:\/\/emtech.nl\/mijn-account\/"]}]},{"@type":"ImageObject","inLanguage":"fi","@id":"https:\/\/emtech.nl\/mijn-account\/#primaryimage","url":"https:\/\/emtech.nl\/wp-content\/uploads\/2020\/11\/yO0FogAf0llH7Avk8OUVw6rVFW4WGmMB157AnuCo.png","contentUrl":"https:\/\/emtech.nl\/wp-content\/uploads\/2020\/11\/yO0FogAf0llH7Avk8OUVw6rVFW4WGmMB157AnuCo.png","width":800,"height":175,"caption":"EMtech"},{"@type":"BreadcrumbList","@id":"https:\/\/emtech.nl\/mijn-account\/#breadcrumb","itemListElement":[{"@type":"ListItem","position":1,"name":"Home","item":"https:\/\/emtech.nl\/"},{"@type":"ListItem","position":2,"name":"Tilini"}]},{"@type":"WebSite","@id":"https:\/\/emtech.nl\/#website","url":"https:\/\/emtech.nl\/","name":"EMtech Industrial Repairs","description":"Swift repairs based on expertise","publisher":{"@id":"https:\/\/emtech.nl\/#organization"},"alternateName":"EMtech","potentialAction":[{"@type":"SearchAction","target":{"@type":"EntryPoint","urlTemplate":"https:\/\/emtech.nl\/?s={search_term_string}"},"query-input":"required name=search_term_string"}],"inLanguage":"fi"},{"@type":"Organization","@id":"https:\/\/emtech.nl\/#organization","name":"EMtech Industrial Repairs bv","alternateName":"EMtech","url":"https:\/\/emtech.nl\/","logo":{"@type":"ImageObject","inLanguage":"fi","@id":"https:\/\/emtech.nl\/#\/schema\/logo\/image\/","url":"https:\/\/emtech.nl\/wp-content\/uploads\/2024\/02\/emtech_logo_400px_400px.jpg","contentUrl":"https:\/\/emtech.nl\/wp-content\/uploads\/2024\/02\/emtech_logo_400px_400px.jpg","width":400,"height":400,"caption":"EMtech Industrial Repairs bv"},"image":{"@id":"https:\/\/emtech.nl\/#\/schema\/logo\/image\/"},"sameAs":["https:\/\/www.linkedin.com\/company\/emtech-industrial-repairs-bv\/","https:\/\/www.youtube.com\/@emtechindustrialrepairs4219"],"description":"EMtech is een Team professionele Research & Repair Engineers met passie en focus voor reparatie van defecte industri\u00eble elektronica gevestigd in Brainport Helmond, vlak naast Eindhoven. EMtech specialiseert zich in de ondersteuning van grote continu industrie door professionele snelle reparaties van besturingselektronica.","email":"verkoop@emtech.nl","telephone":"+31 492 472 410","legalName":"EMtech Industrial Repairs bv","foundingDate":"2006-01-01","vatID":"NL817122357B01","numberOfEmployees":{"@type":"QuantitativeValue","minValue":"11","maxValue":"50"}}]}},"_links":{"self":[{"href":"https:\/\/emtech.nl\/fi\/wp-json\/wp\/v2\/pages\/1136405"}],"collection":[{"href":"https:\/\/emtech.nl\/fi\/wp-json\/wp\/v2\/pages"}],"about":[{"href":"https:\/\/emtech.nl\/fi\/wp-json\/wp\/v2\/types\/page"}],"author":[{"embeddable":true,"href":"https:\/\/emtech.nl\/fi\/wp-json\/wp\/v2\/users\/2"}],"replies":[{"embeddable":true,"href":"https:\/\/emtech.nl\/fi\/wp-json\/wp\/v2\/comments?post=1136405"}],"version-history":[{"count":0,"href":"https:\/\/emtech.nl\/fi\/wp-json\/wp\/v2\/pages\/1136405\/revisions"}],"wp:attachment":[{"href":"https:\/\/emtech.nl\/fi\/wp-json\/wp\/v2\/media?parent=1136405"}],"curies":[{"name":"wp","href":"https:\/\/api.w.org\/{rel}","templated":true}]}}