{"id":745938,"date":"2022-01-01T00:00:00","date_gmt":"2022-01-01T00:00:00","guid":{"rendered":""},"modified":"2024-01-02T11:40:04","modified_gmt":"2024-01-02T10:40:04","slug":"4nc53252ce21","status":"publish","type":"product","link":"https:\/\/emtech.nl\/de\/product\/4nc53252ce21\/","title":{"rendered":"4NC53252CE21"},"content":{"rendered":"<p>CURRENT TRANSFORMER 400\/5 A, 5 VA CL 1.0<\/p>\n","protected":false},"excerpt":{"rendered":"<p>CURRENT TRANSFORMER 400\/5 A, 5 VA CL 1.0<\/p>\n","protected":false},"featured_media":0,"template":"","meta":[],"pwb-brand":[],"product_cat":[750678,750678],"product_tag":[],"acf":[],"yoast_head":"<!-- This site is optimized with the Yoast SEO Premium plugin v22.3 (Yoast SEO v22.3) - https:\/\/yoast.com\/wordpress\/plugins\/seo\/ -->\n<title>4NC53252CE21 | Reparatur? | EMtech Industrial Repairs<\/title>\n<meta name=\"description\" content=\"Lassen Sie 4NC53252CE21 reparieren oder entscheiden Sie sich f\u00fcr ein Ersatzger\u00e4t. Standardreparaturzeit von 4 Wochen. Notreparaturen sind m\u00f6glich! Garantie: 12 Monate. No cure, No pay\" \/>\n<meta name=\"robots\" content=\"index, follow, max-snippet:-1, max-image-preview:large, max-video-preview:-1\" \/>\n<link rel=\"canonical\" href=\"https:\/\/emtech.nl\/product\/4nc53252ce21\/\" \/>\n<meta property=\"og:locale\" content=\"de_DE\" \/>\n<meta property=\"og:type\" content=\"article\" \/>\n<meta property=\"og:title\" content=\"4NC53252CE21\" \/>\n<meta property=\"og:description\" content=\"Lassen Sie 4NC53252CE21 reparieren oder entscheiden Sie sich f\u00fcr ein Ersatzger\u00e4t. Standardreparaturzeit von 4 Wochen. Notreparaturen sind m\u00f6glich! Garantie: 12 Monate. No cure, No pay\" \/>\n<meta property=\"og:url\" content=\"https:\/\/emtech.nl\/product\/4nc53252ce21\/\" \/>\n<meta property=\"og:site_name\" content=\"EMtech Industrial Repairs\" \/>\n<meta property=\"article:modified_time\" content=\"2024-01-02T10:40:04+00:00\" \/>\n<meta property=\"og:image\" content=\"https:\/\/emtech.nl\/wp-content\/uploads\/2024\/01\/emtech_logo.png\" \/>\n\t<meta property=\"og:image:width\" content=\"1200\" \/>\n\t<meta property=\"og:image:height\" content=\"675\" \/>\n\t<meta property=\"og:image:type\" content=\"image\/png\" \/>\n<meta name=\"twitter:card\" content=\"summary_large_image\" \/>\n<meta name=\"twitter:label1\" content=\"Preis\" \/>\n\t<meta name=\"twitter:data1\" content=\"&euro;&nbsp;0.00\" \/>\n\t<meta name=\"twitter:label2\" content=\"Verf\u00fcgbarkeit\" \/>\n\t<meta name=\"twitter:data2\" content=\"Auf Lager\" \/>\n<script type=\"application\/ld+json\" class=\"yoast-schema-graph\">{\"@context\":\"https:\/\/schema.org\",\"@graph\":[{\"@type\":\"WebPage\",\"@id\":\"https:\/\/emtech.nl\/product\/4nc53252ce21\/\",\"url\":\"https:\/\/emtech.nl\/product\/4nc53252ce21\/\",\"name\":\"4NC53252CE21 | Reparatur? | EMtech Industrial Repairs\",\"isPartOf\":{\"@id\":\"https:\/\/emtech.nl\/#website\"},\"datePublished\":\"2022-01-01T00:00:00+00:00\",\"dateModified\":\"2024-01-02T10:40:04+00:00\",\"description\":\"Lassen Sie 4NC53252CE21 reparieren oder entscheiden Sie sich f\u00fcr ein Ersatzger\u00e4t. Standardreparaturzeit von 4 Wochen. Notreparaturen sind m\u00f6glich! Garantie: 12 Monate. No cure, No pay\",\"breadcrumb\":{\"@id\":\"https:\/\/emtech.nl\/product\/4nc53252ce21\/#breadcrumb\"},\"inLanguage\":\"de\",\"potentialAction\":[{\"@type\":\"ReadAction\",\"target\":[\"https:\/\/emtech.nl\/product\/4nc53252ce21\/\"]}]},{\"@type\":\"BreadcrumbList\",\"@id\":\"https:\/\/emtech.nl\/product\/4nc53252ce21\/#breadcrumb\",\"itemListElement\":[{\"@type\":\"ListItem\",\"position\":1,\"name\":\"Home\",\"item\":\"https:\/\/emtech.nl\/\"},{\"@type\":\"ListItem\",\"position\":2,\"name\":\"Reparaturwerkstatt\",\"item\":\"https:\/\/emtech.nl\/de\/reparaturwerkstatt\/\"},{\"@type\":\"ListItem\",\"position\":3,\"name\":\"4NC53252CE21\"}]},{\"@type\":\"WebSite\",\"@id\":\"https:\/\/emtech.nl\/#website\",\"url\":\"https:\/\/emtech.nl\/\",\"name\":\"EMtech Industrial Repairs\",\"description\":\"Swift repairs based on expertise\",\"publisher\":{\"@id\":\"https:\/\/emtech.nl\/#organization\"},\"alternateName\":\"EMtech\",\"potentialAction\":[{\"@type\":\"SearchAction\",\"target\":{\"@type\":\"EntryPoint\",\"urlTemplate\":\"https:\/\/emtech.nl\/?s={search_term_string}\"},\"query-input\":\"required name=search_term_string\"}],\"inLanguage\":\"de\"},{\"@type\":\"Organization\",\"@id\":\"https:\/\/emtech.nl\/#organization\",\"name\":\"EMtech Industrial Repairs bv\",\"alternateName\":\"EMtech\",\"url\":\"https:\/\/emtech.nl\/\",\"logo\":{\"@type\":\"ImageObject\",\"inLanguage\":\"de\",\"@id\":\"https:\/\/emtech.nl\/#\/schema\/logo\/image\/\",\"url\":\"https:\/\/emtech.nl\/wp-content\/uploads\/2024\/02\/emtech_logo_400px_400px.jpg\",\"contentUrl\":\"https:\/\/emtech.nl\/wp-content\/uploads\/2024\/02\/emtech_logo_400px_400px.jpg\",\"width\":400,\"height\":400,\"caption\":\"EMtech Industrial Repairs bv\"},\"image\":{\"@id\":\"https:\/\/emtech.nl\/#\/schema\/logo\/image\/\"},\"sameAs\":[\"https:\/\/www.linkedin.com\/company\/emtech-industrial-repairs-bv\/\",\"https:\/\/www.youtube.com\/@emtechindustrialrepairs4219\"],\"description\":\"EMtech is een Team professionele Research & Repair Engineers met passie en focus voor reparatie van defecte industri\u00eble elektronica gevestigd in Brainport Helmond, vlak naast Eindhoven. EMtech specialiseert zich in de ondersteuning van grote continu industrie door professionele snelle reparaties van besturingselektronica.\",\"email\":\"verkoop@emtech.nl\",\"telephone\":\"+31 492 472 410\",\"legalName\":\"EMtech Industrial Repairs bv\",\"foundingDate\":\"2006-01-01\",\"vatID\":\"NL817122357B01\",\"numberOfEmployees\":{\"@type\":\"QuantitativeValue\",\"minValue\":\"11\",\"maxValue\":\"50\"}}]}<\/script>\n<meta property=\"product:price:amount\" content=\"0.00\" \/>\n<meta property=\"product:price:currency\" content=\"EUR\" \/>\n<meta property=\"og:availability\" content=\"instock\" \/>\n<meta property=\"product:availability\" content=\"instock\" \/>\n<meta property=\"product:retailer_item_id\" content=\"4NC53252CE21\" \/>\n<meta property=\"product:condition\" content=\"new\" \/>\n<!-- \/ Yoast SEO Premium plugin. -->","yoast_head_json":{"title":"4NC53252CE21 | Reparatur? | EMtech Industrial Repairs","description":"Lassen Sie 4NC53252CE21 reparieren oder entscheiden Sie sich f\u00fcr ein Ersatzger\u00e4t. Standardreparaturzeit von 4 Wochen. Notreparaturen sind m\u00f6glich! Garantie: 12 Monate. No cure, No pay","robots":{"index":"index","follow":"follow","max-snippet":"max-snippet:-1","max-image-preview":"max-image-preview:large","max-video-preview":"max-video-preview:-1"},"canonical":"https:\/\/emtech.nl\/product\/4nc53252ce21\/","og_locale":"de_DE","og_type":"article","og_title":"4NC53252CE21","og_description":"Lassen Sie 4NC53252CE21 reparieren oder entscheiden Sie sich f\u00fcr ein Ersatzger\u00e4t. Standardreparaturzeit von 4 Wochen. Notreparaturen sind m\u00f6glich! Garantie: 12 Monate. No cure, No pay","og_url":"https:\/\/emtech.nl\/product\/4nc53252ce21\/","og_site_name":"EMtech Industrial Repairs","article_modified_time":"2024-01-02T10:40:04+00:00","og_image":[{"width":1200,"height":675,"url":"https:\/\/emtech.nl\/wp-content\/uploads\/2024\/01\/emtech_logo.png","type":"image\/png"}],"twitter_card":"summary_large_image","twitter_misc":{"Preis":"&euro;&nbsp;0.00","Verf\u00fcgbarkeit":"Auf Lager"},"schema":{"@context":"https:\/\/schema.org","@graph":[{"@type":"WebPage","@id":"https:\/\/emtech.nl\/product\/4nc53252ce21\/","url":"https:\/\/emtech.nl\/product\/4nc53252ce21\/","name":"4NC53252CE21 | Reparatur? | EMtech Industrial Repairs","isPartOf":{"@id":"https:\/\/emtech.nl\/#website"},"datePublished":"2022-01-01T00:00:00+00:00","dateModified":"2024-01-02T10:40:04+00:00","description":"Lassen Sie 4NC53252CE21 reparieren oder entscheiden Sie sich f\u00fcr ein Ersatzger\u00e4t. Standardreparaturzeit von 4 Wochen. Notreparaturen sind m\u00f6glich! Garantie: 12 Monate. No cure, No pay","breadcrumb":{"@id":"https:\/\/emtech.nl\/product\/4nc53252ce21\/#breadcrumb"},"inLanguage":"de","potentialAction":[{"@type":"ReadAction","target":["https:\/\/emtech.nl\/product\/4nc53252ce21\/"]}]},{"@type":"BreadcrumbList","@id":"https:\/\/emtech.nl\/product\/4nc53252ce21\/#breadcrumb","itemListElement":[{"@type":"ListItem","position":1,"name":"Home","item":"https:\/\/emtech.nl\/"},{"@type":"ListItem","position":2,"name":"Reparaturwerkstatt","item":"https:\/\/emtech.nl\/de\/reparaturwerkstatt\/"},{"@type":"ListItem","position":3,"name":"4NC53252CE21"}]},{"@type":"WebSite","@id":"https:\/\/emtech.nl\/#website","url":"https:\/\/emtech.nl\/","name":"EMtech Industrial Repairs","description":"Swift repairs based on expertise","publisher":{"@id":"https:\/\/emtech.nl\/#organization"},"alternateName":"EMtech","potentialAction":[{"@type":"SearchAction","target":{"@type":"EntryPoint","urlTemplate":"https:\/\/emtech.nl\/?s={search_term_string}"},"query-input":"required name=search_term_string"}],"inLanguage":"de"},{"@type":"Organization","@id":"https:\/\/emtech.nl\/#organization","name":"EMtech Industrial Repairs bv","alternateName":"EMtech","url":"https:\/\/emtech.nl\/","logo":{"@type":"ImageObject","inLanguage":"de","@id":"https:\/\/emtech.nl\/#\/schema\/logo\/image\/","url":"https:\/\/emtech.nl\/wp-content\/uploads\/2024\/02\/emtech_logo_400px_400px.jpg","contentUrl":"https:\/\/emtech.nl\/wp-content\/uploads\/2024\/02\/emtech_logo_400px_400px.jpg","width":400,"height":400,"caption":"EMtech Industrial Repairs bv"},"image":{"@id":"https:\/\/emtech.nl\/#\/schema\/logo\/image\/"},"sameAs":["https:\/\/www.linkedin.com\/company\/emtech-industrial-repairs-bv\/","https:\/\/www.youtube.com\/@emtechindustrialrepairs4219"],"description":"EMtech is een Team professionele Research & Repair Engineers met passie en focus voor reparatie van defecte industri\u00eble elektronica gevestigd in Brainport Helmond, vlak naast Eindhoven. EMtech specialiseert zich in de ondersteuning van grote continu industrie door professionele snelle reparaties van besturingselektronica.","email":"verkoop@emtech.nl","telephone":"+31 492 472 410","legalName":"EMtech Industrial Repairs bv","foundingDate":"2006-01-01","vatID":"NL817122357B01","numberOfEmployees":{"@type":"QuantitativeValue","minValue":"11","maxValue":"50"}}]},"product_price_amount":"0.00","product_price_currency":"EUR","og_availability":"instock","product_availability":"instock","product_retailer_item_id":"4NC53252CE21","product_condition":"new"},"brands":[],"_links":{"self":[{"href":"https:\/\/emtech.nl\/de\/wp-json\/wp\/v2\/product\/745938"}],"collection":[{"href":"https:\/\/emtech.nl\/de\/wp-json\/wp\/v2\/product"}],"about":[{"href":"https:\/\/emtech.nl\/de\/wp-json\/wp\/v2\/types\/product"}],"version-history":[{"count":0,"href":"https:\/\/emtech.nl\/de\/wp-json\/wp\/v2\/product\/745938\/revisions"}],"wp:attachment":[{"href":"https:\/\/emtech.nl\/de\/wp-json\/wp\/v2\/media?parent=745938"}],"wp:term":[{"taxonomy":"pwb-brand","embeddable":true,"href":"https:\/\/emtech.nl\/de\/wp-json\/wp\/v2\/pwb-brand?post=745938"},{"taxonomy":"product_cat","embeddable":true,"href":"https:\/\/emtech.nl\/de\/wp-json\/wp\/v2\/product_cat?post=745938"},{"taxonomy":"product_tag","embeddable":true,"href":"https:\/\/emtech.nl\/de\/wp-json\/wp\/v2\/product_tag?post=745938"}],"curies":[{"name":"wp","href":"https:\/\/api.w.org\/{rel}","templated":true}]}}