{"id":732655,"date":"2021-02-25T11:05:12","date_gmt":"2021-02-25T10:05:12","guid":{"rendered":"https:\/\/test.emtech.nl\/verkauf\/"},"modified":"2025-12-17T10:37:06","modified_gmt":"2025-12-17T09:37:06","slug":"verkauf","status":"publish","type":"page","link":"https:\/\/emtech.nl\/de\/verkauf\/","title":{"rendered":"Verkauf"},"content":{"rendered":"\t\t<div data-elementor-type=\"wp-page\" data-elementor-id=\"732655\" class=\"elementor elementor-732655 elementor-484\" data-elementor-post-type=\"page\">\n\t\t\t\t\t\t<div class=\"elementor-inner\">\n\t\t\t\t<div class=\"elementor-section-wrap\">\n\t\t\t\t\t\t\t\t\t<section class=\"elementor-section elementor-top-section elementor-element elementor-element-58c2232 elementor-section-full_width elementor-section-height-default elementor-section-height-default\" data-id=\"58c2232\" data-element_type=\"section\" data-settings=\"{&quot;jet_parallax_layout_list&quot;:[],&quot;background_background&quot;:&quot;classic&quot;}\">\n\t\t\t\t\t\t<div class=\"elementor-container elementor-column-gap-default\">\n\t\t\t\t\t\t\t<div class=\"elementor-row\">\n\t\t\t\t\t<div class=\"elementor-column elementor-col-100 elementor-top-column elementor-element elementor-element-eecf570\" data-id=\"eecf570\" data-element_type=\"column\">\n\t\t\t<div class=\"elementor-column-wrap elementor-element-populated\">\n\t\t\t\t\t\t\t<div class=\"elementor-widget-wrap\">\n\t\t\t\t\t\t<div class=\"elementor-element elementor-element-938c95f elementor-widget elementor-widget-heading\" data-id=\"938c95f\" data-element_type=\"widget\" data-widget_type=\"heading.default\">\n\t\t\t\t<div class=\"elementor-widget-container\">\n\t\t\t<h1 class=\"elementor-heading-title elementor-size-default\">Verkauf<\/h1>\t\t<\/div>\n\t\t\t\t<\/div>\n\t\t\t\t\t\t<\/div>\n\t\t\t\t\t<\/div>\n\t\t<\/div>\n\t\t\t\t\t\t\t\t<\/div>\n\t\t\t\t\t<\/div>\n\t\t<\/section>\n\t\t\t\t<section class=\"elementor-section elementor-top-section elementor-element elementor-element-757b101 elementor-section-full_width elementor-section-height-default elementor-section-height-default\" data-id=\"757b101\" data-element_type=\"section\" data-settings=\"{&quot;jet_parallax_layout_list&quot;:[],&quot;background_background&quot;:&quot;classic&quot;}\">\n\t\t\t\t\t\t<div class=\"elementor-container elementor-column-gap-default\">\n\t\t\t\t\t\t\t<div class=\"elementor-row\">\n\t\t\t\t\t<div class=\"elementor-column elementor-col-50 elementor-top-column elementor-element elementor-element-1d16fe1\" data-id=\"1d16fe1\" data-element_type=\"column\">\n\t\t\t<div class=\"elementor-column-wrap elementor-element-populated\">\n\t\t\t\t\t\t\t<div class=\"elementor-widget-wrap\">\n\t\t\t\t\t\t<div class=\"elementor-element elementor-element-f47ee8c elementor-widget elementor-widget-text-editor\" data-id=\"f47ee8c\" data-element_type=\"widget\" data-widget_type=\"text-editor.default\">\n\t\t\t\t<div class=\"elementor-widget-container\">\n\t\t\t\t\t\t\t\t<div class=\"elementor-text-editor elementor-clearfix\">\n\t\t\t\t<div><span style=\"color: #000000;\">Neben Reparaturen besteht zunehmend Bedarf an einer Bevorratung von Ersatzteilen f\u00fcr den sofortigen Ersatz bei unerwarteten Maschinenausf\u00e4llen und Produktionsausf\u00e4llen. Zus\u00e4tzlich zum eigenen Lagerbestand verf\u00fcgt EMtech dank eines zuverl\u00e4ssigen internationalen Partnernetzwerks \u00fcber einen enormen Bestand an gepr\u00fcften, general\u00fcberholten Altprodukten. F\u00fcr die kritischsten Produkte in Ihren Produktionslinien, bei denen im Falle eines unerwarteten Ausfalls ein sofortiger Austausch erforderlich ist, haben Sie ein Ersatzger\u00e4t im Regal. Das defekte Ger\u00e4t kann dann von uns schnell repariert und anschlie\u00dfend als Ersatzger\u00e4t ins Lager gelegt werden. Auf diese Weise k\u00f6nnen Sie Ihre aktuelle Produktionslinie \u00fcber Jahre hinweg zuverl\u00e4ssig in Betrieb halten, ohne eine sofortige, kostspielige Migration auf ein moderneres System durchf\u00fchren zu m\u00fcssen.<\/span><\/div>\n<div> <\/div>\n\t\t\t\t\t<\/div>\n\t\t\t\t\t\t<\/div>\n\t\t\t\t<\/div>\n\t\t\t\t\t\t<\/div>\n\t\t\t\t\t<\/div>\n\t\t<\/div>\n\t\t\t\t<div class=\"elementor-column elementor-col-50 elementor-top-column elementor-element elementor-element-53f7a67\" data-id=\"53f7a67\" data-element_type=\"column\">\n\t\t\t<div class=\"elementor-column-wrap elementor-element-populated\">\n\t\t\t\t\t\t\t<div class=\"elementor-widget-wrap\">\n\t\t\t\t\t\t<div class=\"elementor-element elementor-element-704d010 elementor-widget elementor-widget-image\" data-id=\"704d010\" data-element_type=\"widget\" data-widget_type=\"image.default\">\n\t\t\t\t<div class=\"elementor-widget-container\">\n\t\t\t\t\t\t\t\t<div class=\"elementor-image\">\n\t\t\t\t\t\t\t\t\t<figure class=\"wp-caption\">\n\t\t\t\t\t\t\t\t\t\t<img fetchpriority=\"high\" decoding=\"async\" width=\"1024\" height=\"547\" src=\"https:\/\/emtech.nl\/wp-content\/uploads\/2021\/02\/Ontwerp-zonder-titel-11-1024x547.png\" class=\"attachment-large size-large wp-image-486\" alt=\"\" srcset=\"https:\/\/emtech.nl\/wp-content\/uploads\/2021\/02\/Ontwerp-zonder-titel-11-1024x547.png 1024w, https:\/\/emtech.nl\/wp-content\/uploads\/2021\/02\/Ontwerp-zonder-titel-11-600x321.png 600w, https:\/\/emtech.nl\/wp-content\/uploads\/2021\/02\/Ontwerp-zonder-titel-11-300x160.png 300w, https:\/\/emtech.nl\/wp-content\/uploads\/2021\/02\/Ontwerp-zonder-titel-11-768x410.png 768w, https:\/\/emtech.nl\/wp-content\/uploads\/2021\/02\/Ontwerp-zonder-titel-11-1536x821.png 1536w, https:\/\/emtech.nl\/wp-content\/uploads\/2021\/02\/Ontwerp-zonder-titel-11-2048x1094.png 2048w, https:\/\/emtech.nl\/wp-content\/uploads\/2021\/02\/Ontwerp-zonder-titel-11.png 1920w\" sizes=\"(max-width: 1024px) 100vw, 1024px\" \/>\t\t\t\t\t\t\t\t\t\t\t<figcaption class=\"widget-image-caption wp-caption-text\">Ersatzteile<\/figcaption>\n\t\t\t\t\t\t\t\t\t\t<\/figure>\n\t\t\t\t\t\t\t\t<\/div>\n\t\t\t\t\t\t<\/div>\n\t\t\t\t<\/div>\n\t\t\t\t\t\t<\/div>\n\t\t\t\t\t<\/div>\n\t\t<\/div>\n\t\t\t\t\t\t\t\t<\/div>\n\t\t\t\t\t<\/div>\n\t\t<\/section>\n\t\t\t\t<section class=\"elementor-section elementor-top-section elementor-element elementor-element-fa9e0a2 elementor-section-full_width elementor-section-height-default elementor-section-height-default\" data-id=\"fa9e0a2\" data-element_type=\"section\" data-settings=\"{&quot;jet_parallax_layout_list&quot;:[],&quot;background_background&quot;:&quot;classic&quot;}\">\n\t\t\t\t\t\t<div class=\"elementor-container elementor-column-gap-default\">\n\t\t\t\t\t\t\t<div class=\"elementor-row\">\n\t\t\t\t\t<div class=\"elementor-column elementor-col-100 elementor-top-column elementor-element elementor-element-6adeb94\" data-id=\"6adeb94\" data-element_type=\"column\">\n\t\t\t<div class=\"elementor-column-wrap elementor-element-populated\">\n\t\t\t\t\t\t\t<div class=\"elementor-widget-wrap\">\n\t\t\t\t\t\t<div class=\"elementor-element elementor-element-292aebf elementor-widget elementor-widget-jet-animated-text\" data-id=\"292aebf\" data-element_type=\"widget\" data-widget_type=\"jet-animated-text.default\">\n\t\t\t\t<div class=\"elementor-widget-container\">\n\t\t\t<div class=\"elementor-jet-animated-text jet-elements\">\n<div class=\"jet-animated-text jet-animated-text--effect-fx4\" data-settings='{\"effect\":\"fx4\",\"delay\":1000}'>\n\t<div class=\"jet-animated-text__before-text\">\n\t<span>Konzentrieren<\/span>&nbsp;<span>Sie<\/span>&nbsp;<span>sich<\/span>&nbsp;<span>auf<\/span>&nbsp;<\/div>\n\t<div class=\"jet-animated-text__animated-text\">\n<div class=\"jet-animated-text__animated-text-item active visible\" dir=\"ltr\">\n\t<span>I<\/span><span>n<\/span><span>n<\/span><span>o<\/span><span>v<\/span><span>a<\/span><span>t<\/span><span>i<\/span><span>o<\/span><span>n<\/span><\/div>\n<div class=\"jet-animated-text__animated-text-item\" dir=\"ltr\">\n\t<span>N<\/span><span>a<\/span><span>c<\/span><span>h<\/span><span>h<\/span><span>a<\/span><span>l<\/span><span>t<\/span><span>i<\/span><span>g<\/span><span>k<\/span><span>e<\/span><span>i<\/span><span>t<\/span><\/div>\n<div class=\"jet-animated-text__animated-text-item\" dir=\"ltr\">\n\t<span>R<\/span><span>e<\/span><span>t<\/span><span>u<\/span><span>r<\/span><span>n<\/span><span>&nbsp;<\/span><span>o<\/span><span>n<\/span><span>&nbsp;<\/span><span>I<\/span><span>n<\/span><span>v<\/span><span>e<\/span><span>s<\/span><span>t<\/span><span>m<\/span><span>e<\/span><span>n<\/span><span>t<\/span><span>&nbsp;<\/span><span>(<\/span><span>R<\/span><span>O<\/span><span>I<\/span><span>)<\/span><\/div>\n<\/div>\t<\/div><\/div>\t\t<\/div>\n\t\t\t\t<\/div>\n\t\t\t\t<div class=\"elementor-element elementor-element-597a199 elementor-widget elementor-widget-text-editor\" data-id=\"597a199\" data-element_type=\"widget\" data-widget_type=\"text-editor.default\">\n\t\t\t\t<div class=\"elementor-widget-container\">\n\t\t\t\t\t\t\t\t<div class=\"elementor-text-editor elementor-clearfix\">\n\t\t\t\t<div><span style=\"color: #000000;\">Neben Reparaturen besteht zunehmend Bedarf an einer Bevorratung von Ersatzteilen f\u00fcr den sofortigen Ersatz bei unerwarteten Maschinenausf\u00e4llen und Produktionsausf\u00e4llen. EMtech hat als n\u00e4chstes&nbsp; Eigener Lagerbestand: Dank eines zuverl\u00e4ssigen internationalen Partnernetzwerks steht uns ein enormer Bestand an getesteten, general\u00fcberholten, veralteten Produkten zur Verf\u00fcgung. F\u00fcr die Meisten&nbsp; Bei kritischen Produkten in Ihren Produktionslinien, bei denen im Falle eines unerwarteten Ausfalls ein sofortiger Austausch erforderlich ist, haben Sie ein Ersatzger\u00e4t im Regal. Der Defekte&nbsp; Das Ger\u00e4t kann dann von uns schnell repariert und anschlie\u00dfend als Ersatzger\u00e4t verwendet werden&nbsp; Lager. Auf diese Weise k\u00f6nnen Sie Ihre aktuelle Produktionslinie \u00fcber Jahre hinweg nutzen&nbsp; zuverl\u00e4ssiger Betrieb ohne sofortige, teure Migration auf ein moderneres System.<\/span><\/div>\n\t\t\t\t\t<\/div>\n\t\t\t\t\t\t<\/div>\n\t\t\t\t<\/div>\n\t\t\t\t<div class=\"elementor-element elementor-element-f5378c2 elementor-widget elementor-widget-text-editor\" data-id=\"f5378c2\" data-element_type=\"widget\" data-widget_type=\"text-editor.default\">\n\t\t\t\t<div class=\"elementor-widget-container\">\n\t\t\t\t\t\t\t\t<div class=\"elementor-text-editor elementor-clearfix\">\n\t\t\t\t<p>Sie k\u00f6nnen die Lieferung von Artikeln anhand der Artikelnummer bei uns anfordern.<\/p>\n\t\t\t\t\t<\/div>\n\t\t\t\t\t\t<\/div>\n\t\t\t\t<\/div>\n\t\t\t\t<div class=\"elementor-element elementor-element-01b0b25 elementor-align-left elementor-widget elementor-widget-button\" data-id=\"01b0b25\" data-element_type=\"widget\" data-widget_type=\"button.default\">\n\t\t\t\t<div class=\"elementor-widget-container\">\n\t\t\t\t\t<div class=\"elementor-button-wrapper\">\n\t\t\t<a class=\"elementor-button elementor-button-link elementor-size-sm\" href=\"https:\/\/emtech.nl\/de\/suchseite\/\">\n\t\t\t\t\t\t<span class=\"elementor-button-content-wrapper\">\n\t\t\t\t\t\t<span class=\"elementor-button-text\">klicken Sie hier<\/span>\n\t\t<\/span>\n\t\t\t\t\t<\/a>\n\t\t<\/div>\n\t\t\t\t<\/div>\n\t\t\t\t<\/div>\n\t\t\t\t\t\t<\/div>\n\t\t\t\t\t<\/div>\n\t\t<\/div>\n\t\t\t\t\t\t\t\t<\/div>\n\t\t\t\t\t<\/div>\n\t\t<\/section>\n\t\t\t\t\t\t\t\t\t<\/div>\n\t\t\t<\/div>\n\t\t\t\t\t<\/div>\n\t\t","protected":false},"excerpt":{"rendered":"<p>Verkauf Neben Reparaturen besteht zunehmend Bedarf an einer Bevorratung von Ersatzteilen f\u00fcr den sofortigen Ersatz bei unerwarteten Maschinenausf\u00e4llen und Produktionsausf\u00e4llen. Zus\u00e4tzlich zum eigenen Lagerbestand verf\u00fcgt EMtech dank eines zuverl\u00e4ssigen internationalen Partnernetzwerks \u00fcber einen enormen Bestand an gepr\u00fcften, general\u00fcberholten Altprodukten. F\u00fcr die kritischsten Produkte in Ihren Produktionslinien, bei denen im Falle eines unerwarteten Ausfalls ein sofortiger [&hellip;]<\/p>\n","protected":false},"author":2,"featured_media":0,"parent":0,"menu_order":0,"comment_status":"closed","ping_status":"closed","template":"","meta":{"footnotes":""},"acf":[],"yoast_head":"<!-- This site is optimized with the Yoast SEO Premium plugin v22.3 (Yoast SEO v22.3) - https:\/\/yoast.com\/wordpress\/plugins\/seo\/ -->\n<title>Verkauf | EMtech Industrial Repairs<\/title>\n<meta name=\"description\" content=\"Swift repairs based on expertise\" \/>\n<meta name=\"robots\" content=\"index, follow, max-snippet:-1, max-image-preview:large, max-video-preview:-1\" \/>\n<link rel=\"canonical\" href=\"https:\/\/emtech.nl\/de\/verkauf\/\" \/>\n<meta property=\"og:locale\" content=\"de_DE\" \/>\n<meta property=\"og:type\" content=\"article\" \/>\n<meta property=\"og:title\" content=\"Verkauf\" \/>\n<meta property=\"og:description\" content=\"Swift repairs based on expertise\" \/>\n<meta property=\"og:url\" content=\"https:\/\/emtech.nl\/de\/verkauf\/\" \/>\n<meta property=\"og:site_name\" content=\"EMtech Industrial Repairs\" \/>\n<meta property=\"article:modified_time\" content=\"2025-12-17T09:37:06+00:00\" \/>\n<meta property=\"og:image\" content=\"https:\/\/emtech.nl\/wp-content\/uploads\/2021\/02\/Ontwerp-zonder-titel-11-1024x547.png\" \/>\n<meta name=\"twitter:card\" content=\"summary_large_image\" \/>\n<meta name=\"twitter:label1\" content=\"Gesch\u00e4tzte Lesezeit\" \/>\n\t<meta name=\"twitter:data1\" content=\"1\u00a0Minute\" \/>\n<script type=\"application\/ld+json\" class=\"yoast-schema-graph\">{\"@context\":\"https:\/\/schema.org\",\"@graph\":[{\"@type\":\"WebPage\",\"@id\":\"https:\/\/emtech.nl\/de\/verkauf\/\",\"url\":\"https:\/\/emtech.nl\/de\/verkauf\/\",\"name\":\"Verkauf | EMtech Industrial Repairs\",\"isPartOf\":{\"@id\":\"https:\/\/emtech.nl\/#website\"},\"primaryImageOfPage\":{\"@id\":\"https:\/\/emtech.nl\/de\/verkauf\/#primaryimage\"},\"image\":{\"@id\":\"https:\/\/emtech.nl\/de\/verkauf\/#primaryimage\"},\"thumbnailUrl\":\"https:\/\/emtech.nl\/wp-content\/uploads\/2021\/02\/Ontwerp-zonder-titel-11-1024x547.png\",\"datePublished\":\"2021-02-25T10:05:12+00:00\",\"dateModified\":\"2025-12-17T09:37:06+00:00\",\"description\":\"Swift repairs based on expertise\",\"breadcrumb\":{\"@id\":\"https:\/\/emtech.nl\/de\/verkauf\/#breadcrumb\"},\"inLanguage\":\"de\",\"potentialAction\":[{\"@type\":\"ReadAction\",\"target\":[\"https:\/\/emtech.nl\/de\/verkauf\/\"]}]},{\"@type\":\"ImageObject\",\"inLanguage\":\"de\",\"@id\":\"https:\/\/emtech.nl\/de\/verkauf\/#primaryimage\",\"url\":\"https:\/\/emtech.nl\/wp-content\/uploads\/2021\/02\/Ontwerp-zonder-titel-11.png\",\"contentUrl\":\"https:\/\/emtech.nl\/wp-content\/uploads\/2021\/02\/Ontwerp-zonder-titel-11.png\",\"width\":1920,\"height\":1026},{\"@type\":\"BreadcrumbList\",\"@id\":\"https:\/\/emtech.nl\/de\/verkauf\/#breadcrumb\",\"itemListElement\":[{\"@type\":\"ListItem\",\"position\":1,\"name\":\"Home\",\"item\":\"https:\/\/emtech.nl\/\"},{\"@type\":\"ListItem\",\"position\":2,\"name\":\"Verkauf\"}]},{\"@type\":\"WebSite\",\"@id\":\"https:\/\/emtech.nl\/#website\",\"url\":\"https:\/\/emtech.nl\/\",\"name\":\"EMtech Industrial Repairs\",\"description\":\"Swift repairs based on expertise\",\"publisher\":{\"@id\":\"https:\/\/emtech.nl\/#organization\"},\"alternateName\":\"EMtech\",\"potentialAction\":[{\"@type\":\"SearchAction\",\"target\":{\"@type\":\"EntryPoint\",\"urlTemplate\":\"https:\/\/emtech.nl\/?s={search_term_string}\"},\"query-input\":\"required name=search_term_string\"}],\"inLanguage\":\"de\"},{\"@type\":\"Organization\",\"@id\":\"https:\/\/emtech.nl\/#organization\",\"name\":\"EMtech Industrial Repairs bv\",\"alternateName\":\"EMtech\",\"url\":\"https:\/\/emtech.nl\/\",\"logo\":{\"@type\":\"ImageObject\",\"inLanguage\":\"de\",\"@id\":\"https:\/\/emtech.nl\/#\/schema\/logo\/image\/\",\"url\":\"https:\/\/emtech.nl\/wp-content\/uploads\/2024\/02\/emtech_logo_400px_400px.jpg\",\"contentUrl\":\"https:\/\/emtech.nl\/wp-content\/uploads\/2024\/02\/emtech_logo_400px_400px.jpg\",\"width\":400,\"height\":400,\"caption\":\"EMtech Industrial Repairs bv\"},\"image\":{\"@id\":\"https:\/\/emtech.nl\/#\/schema\/logo\/image\/\"},\"sameAs\":[\"https:\/\/www.linkedin.com\/company\/emtech-industrial-repairs-bv\/\",\"https:\/\/www.youtube.com\/@emtechindustrialrepairs4219\"],\"description\":\"EMtech is een Team professionele Research & Repair Engineers met passie en focus voor reparatie van defecte industri\u00eble elektronica gevestigd in Brainport Helmond, vlak naast Eindhoven. EMtech specialiseert zich in de ondersteuning van grote continu industrie door professionele snelle reparaties van besturingselektronica.\",\"email\":\"verkoop@emtech.nl\",\"telephone\":\"+31 492 472 410\",\"legalName\":\"EMtech Industrial Repairs bv\",\"foundingDate\":\"2006-01-01\",\"vatID\":\"NL817122357B01\",\"numberOfEmployees\":{\"@type\":\"QuantitativeValue\",\"minValue\":\"11\",\"maxValue\":\"50\"}}]}<\/script>\n<!-- \/ Yoast SEO Premium plugin. -->","yoast_head_json":{"title":"Verkauf | EMtech Industrial Repairs","description":"Swift repairs based on expertise","robots":{"index":"index","follow":"follow","max-snippet":"max-snippet:-1","max-image-preview":"max-image-preview:large","max-video-preview":"max-video-preview:-1"},"canonical":"https:\/\/emtech.nl\/de\/verkauf\/","og_locale":"de_DE","og_type":"article","og_title":"Verkauf","og_description":"Swift repairs based on expertise","og_url":"https:\/\/emtech.nl\/de\/verkauf\/","og_site_name":"EMtech Industrial Repairs","article_modified_time":"2025-12-17T09:37:06+00:00","og_image":[{"url":"https:\/\/emtech.nl\/wp-content\/uploads\/2021\/02\/Ontwerp-zonder-titel-11-1024x547.png"}],"twitter_card":"summary_large_image","twitter_misc":{"Gesch\u00e4tzte Lesezeit":"1\u00a0Minute"},"schema":{"@context":"https:\/\/schema.org","@graph":[{"@type":"WebPage","@id":"https:\/\/emtech.nl\/de\/verkauf\/","url":"https:\/\/emtech.nl\/de\/verkauf\/","name":"Verkauf | EMtech Industrial Repairs","isPartOf":{"@id":"https:\/\/emtech.nl\/#website"},"primaryImageOfPage":{"@id":"https:\/\/emtech.nl\/de\/verkauf\/#primaryimage"},"image":{"@id":"https:\/\/emtech.nl\/de\/verkauf\/#primaryimage"},"thumbnailUrl":"https:\/\/emtech.nl\/wp-content\/uploads\/2021\/02\/Ontwerp-zonder-titel-11-1024x547.png","datePublished":"2021-02-25T10:05:12+00:00","dateModified":"2025-12-17T09:37:06+00:00","description":"Swift repairs based on expertise","breadcrumb":{"@id":"https:\/\/emtech.nl\/de\/verkauf\/#breadcrumb"},"inLanguage":"de","potentialAction":[{"@type":"ReadAction","target":["https:\/\/emtech.nl\/de\/verkauf\/"]}]},{"@type":"ImageObject","inLanguage":"de","@id":"https:\/\/emtech.nl\/de\/verkauf\/#primaryimage","url":"https:\/\/emtech.nl\/wp-content\/uploads\/2021\/02\/Ontwerp-zonder-titel-11.png","contentUrl":"https:\/\/emtech.nl\/wp-content\/uploads\/2021\/02\/Ontwerp-zonder-titel-11.png","width":1920,"height":1026},{"@type":"BreadcrumbList","@id":"https:\/\/emtech.nl\/de\/verkauf\/#breadcrumb","itemListElement":[{"@type":"ListItem","position":1,"name":"Home","item":"https:\/\/emtech.nl\/"},{"@type":"ListItem","position":2,"name":"Verkauf"}]},{"@type":"WebSite","@id":"https:\/\/emtech.nl\/#website","url":"https:\/\/emtech.nl\/","name":"EMtech Industrial Repairs","description":"Swift repairs based on expertise","publisher":{"@id":"https:\/\/emtech.nl\/#organization"},"alternateName":"EMtech","potentialAction":[{"@type":"SearchAction","target":{"@type":"EntryPoint","urlTemplate":"https:\/\/emtech.nl\/?s={search_term_string}"},"query-input":"required name=search_term_string"}],"inLanguage":"de"},{"@type":"Organization","@id":"https:\/\/emtech.nl\/#organization","name":"EMtech Industrial Repairs bv","alternateName":"EMtech","url":"https:\/\/emtech.nl\/","logo":{"@type":"ImageObject","inLanguage":"de","@id":"https:\/\/emtech.nl\/#\/schema\/logo\/image\/","url":"https:\/\/emtech.nl\/wp-content\/uploads\/2024\/02\/emtech_logo_400px_400px.jpg","contentUrl":"https:\/\/emtech.nl\/wp-content\/uploads\/2024\/02\/emtech_logo_400px_400px.jpg","width":400,"height":400,"caption":"EMtech Industrial Repairs bv"},"image":{"@id":"https:\/\/emtech.nl\/#\/schema\/logo\/image\/"},"sameAs":["https:\/\/www.linkedin.com\/company\/emtech-industrial-repairs-bv\/","https:\/\/www.youtube.com\/@emtechindustrialrepairs4219"],"description":"EMtech is een Team professionele Research & Repair Engineers met passie en focus voor reparatie van defecte industri\u00eble elektronica gevestigd in Brainport Helmond, vlak naast Eindhoven. EMtech specialiseert zich in de ondersteuning van grote continu industrie door professionele snelle reparaties van besturingselektronica.","email":"verkoop@emtech.nl","telephone":"+31 492 472 410","legalName":"EMtech Industrial Repairs bv","foundingDate":"2006-01-01","vatID":"NL817122357B01","numberOfEmployees":{"@type":"QuantitativeValue","minValue":"11","maxValue":"50"}}]}},"_links":{"self":[{"href":"https:\/\/emtech.nl\/de\/wp-json\/wp\/v2\/pages\/732655"}],"collection":[{"href":"https:\/\/emtech.nl\/de\/wp-json\/wp\/v2\/pages"}],"about":[{"href":"https:\/\/emtech.nl\/de\/wp-json\/wp\/v2\/types\/page"}],"author":[{"embeddable":true,"href":"https:\/\/emtech.nl\/de\/wp-json\/wp\/v2\/users\/2"}],"replies":[{"embeddable":true,"href":"https:\/\/emtech.nl\/de\/wp-json\/wp\/v2\/comments?post=732655"}],"version-history":[{"count":0,"href":"https:\/\/emtech.nl\/de\/wp-json\/wp\/v2\/pages\/732655\/revisions"}],"wp:attachment":[{"href":"https:\/\/emtech.nl\/de\/wp-json\/wp\/v2\/media?parent=732655"}],"curies":[{"name":"wp","href":"https:\/\/api.w.org\/{rel}","templated":true}]}}