{"id":1136579,"date":"2021-03-11T12:58:12","date_gmt":"2021-03-11T11:58:12","guid":{"rendered":"https:\/\/emtech.nl\/fortrolighedserklaering\/"},"modified":"2025-01-27T16:17:43","modified_gmt":"2025-01-27T15:17:43","slug":"fortrolighedserklaering","status":"publish","type":"page","link":"https:\/\/emtech.nl\/da\/fortrolighedserklaering\/","title":{"rendered":"Fortrolighedserkl\u00e6ring"},"content":{"rendered":"\t\t<div data-elementor-type=\"wp-page\" data-elementor-id=\"1136579\" class=\"elementor elementor-1136579 elementor-2809\" data-elementor-post-type=\"page\">\n\t\t\t\t\t\t<div class=\"elementor-inner\">\n\t\t\t\t<div class=\"elementor-section-wrap\">\n\t\t\t\t\t\t\t\t\t<section class=\"elementor-section elementor-top-section elementor-element elementor-element-9d8bf0a elementor-section-full_width elementor-section-height-default elementor-section-height-default\" data-id=\"9d8bf0a\" data-element_type=\"section\" data-settings=\"{&quot;jet_parallax_layout_list&quot;:[],&quot;background_background&quot;:&quot;classic&quot;}\">\n\t\t\t\t\t\t<div class=\"elementor-container elementor-column-gap-default\">\n\t\t\t\t\t\t\t<div class=\"elementor-row\">\n\t\t\t\t\t<div class=\"elementor-column elementor-col-100 elementor-top-column elementor-element elementor-element-ca15669\" data-id=\"ca15669\" data-element_type=\"column\">\n\t\t\t<div class=\"elementor-column-wrap elementor-element-populated\">\n\t\t\t\t\t\t\t<div class=\"elementor-widget-wrap\">\n\t\t\t\t\t\t<div class=\"elementor-element elementor-element-70131a1 elementor-widget elementor-widget-text-editor\" data-id=\"70131a1\" data-element_type=\"widget\" data-widget_type=\"text-editor.default\">\n\t\t\t\t<div class=\"elementor-widget-container\">\n\t\t\t\t\t\t\t\t<div class=\"elementor-text-editor elementor-clearfix\">\n\t\t\t\t<header class=\"entry-header ast-no-thumbnail ast-no-meta\">\n<h1><strong><span style=\"color: #003163;\">Fortrolighedserkl\u00e6ring EMtech<\/span><\/strong><\/h1>\n<p>Dette er fortrolighedserkl\u00e6ringen for EMtech Industrial Repairs bv, som ligger i 5706 TK Helmond p\u00e5 Wethouder van Nunenstraat 10 (herefter: EMtech), www.emtech.nl.<\/p>\n<h2><strong><span style=\"color: #003163;\">1. Anvendelse<\/span><\/strong><\/h2>\n<p>Denne fortrolighedserkl\u00e6ring g\u00e6lder for alle privatlivsf\u00f8lsomme oplysninger eller persondata, som du giver os, for eksempel via en registreringsformular, kontaktformular eller ordrer, du afgiver.<br \/>\nVi l\u00e6gger stor v\u00e6gt p\u00e5 vores kunders privatliv og udviser derfor den st\u00f8rste omhu, n\u00e5r vi h\u00e5ndterer og beskytter persondata.<br \/>\nVi behandler data i overensstemmelse med betingelserne i den generelle databeskyttelsesforordning (GDPR).<br \/>\nEMtech Industrial Repairs bv er ansvarlig i henhold til GDPR med hensyn til behandlingen af \u200b\u200bdine personoplysninger.<br \/>\nDet betyder, at det kun er vi, der bestemmer, hvilke personoplysninger der behandles, til hvilket form\u00e5l og p\u00e5 hvilken m\u00e5de.<br \/>\nVi er ansvarlige for at sikre, at dine personoplysninger behandles korrekt og omhyggeligt i overensstemmelse med GDPR.<br \/>\nI denne fortrolighedserkl\u00e6ring forklarer vi, hvilke data vi behandler, og til hvilke form\u00e5l de bruges.      <\/p>\n<h2><strong><span style=\"color: #003163;\">2. Oversigt over persondata<\/span><\/strong><\/h2>\n<p>Nedenfor finder du en oversigt over de persondata, vi behandler:<\/p>\n<ul>\n<li>Fornavn og efternavn<\/li>\n<li>K\u00f8n<\/li>\n<li>Adressedata<\/li>\n<li>Telefonnummer<\/li>\n<li>Email adresse<\/li>\n<li><span style=\"font-size: 16px;\">IP-adressen p\u00e5 en bes\u00f8gende p\u00e5 webstedet<\/span><\/li>\n<\/ul>\n<h2><strong><span style=\"color: #003163;\">3. Form\u00e5l og grundlag for behandling af personoplysninger<\/span><\/strong><\/h2>\n<p>Ved at acceptere denne fortrolighedserkl\u00e6ring giver du udtrykkeligt samtykke i henhold til artikel 6(1)(a) GDPR til behandling af dine personoplysninger til de form\u00e5l, der er n\u00e6vnt nedenfor.<br \/>\nDu kan til enhver tid tr\u00e6kke dette samtykke tilbage.<br \/>\nMen hvis du ikke giver os visse oplysninger eller tillader os at behandle dem, er vi muligvis ikke i stand til at betjene dig korrekt.  <\/p>\n<p>Hvis du ikke har givet os udtrykkeligt samtykke til at behandle dine personoplysninger, eller hvis du har trukket dette samtykke tilbage, kan artikel 6(1)(b), (c) og\/eller (f) GDPR finde anvendelse p\u00e5 behandlingen af \u200b\u200bdine personoplysninger. I s\u00e5 fald I dette tilf\u00e6lde kan behandling af dine personoplysninger finde sted uden dit samtykke, forudsat at dette er n\u00f8dvendigt for udf\u00f8relsen af \u200b\u200ben aftale, som du er part i, eller er n\u00f8dvendigt for varetagelsen af \u200b\u200bEMtech Industrials legitime interesser Repairs bv. Vi har en juridisk forpligtelse til at behandle dine personoplysninger.<\/p>\n<h3><span style=\"color: #003163;\"><strong>3.1 Vi behandler dine personoplysninger til f\u00f8lgende form\u00e5l:<\/strong><\/span><\/h3>\n<p>Udf\u00f8relse af den aftale, som vi har indg\u00e5et med dig, is\u00e6r: At levere varerne eller ydelserne til dig Behandling af din betaling Sende vores nyhedsbrev og\/eller annoncebrochure For at kunne ringe eller e-maile dig, hvis dette er n\u00f8dvendigt for udf\u00f8relsen af aftale indg\u00e5et med dig For at informere dig om \u00e6ndringer i vores tjenester og produkter Vi opbevarer ikke dine personoplysninger i l\u00e6ngere tid, end det er strengt n\u00f8dvendigt for at opn\u00e5 de form\u00e5l, som dine data indsamles til.<br \/>\nVideregivelse til tredjeparter Vi kan dele dine personlige oplysninger med tredjeparter, hvis dette er foreneligt med form\u00e5lene angivet ovenfor.<br \/>\nLevering til tredjeparter kan v\u00e6re n\u00f8dvendig for udf\u00f8relsen af \u200b\u200bden aftale, som vi indg\u00e5r med dig, det kan v\u00e6re n\u00f8dvendigt for at repr\u00e6sentere vores legitime interesser, eller det kan v\u00e6re n\u00f8dvendigt for at overholde enhver juridisk forpligtelse, som vi har.<br \/>\nVi indg\u00e5r en databehandleraftale med virksomheder, der behandler dine data p\u00e5 vores vegne, for at sikre samme niveau af sikkerhed og fortrolighed af dine data.<br \/>\nVi forbliver ansvarlige for disse processer.<br \/>\nBortset fra de foreg\u00e5ende situationer, giver vi kun dine personlige data til andre tredjeparter med dit udtrykkelige samtykke.     <\/p>\n<h3><strong><span style=\"color: #003163;\">3.2 Kommercielle form\u00e5l<\/span><\/strong><\/h3>\n<p>Dine data vil ikke blive solgt eller delt med tredjeparter til kommercielle form\u00e5l, medmindre du giver udtrykkelig tilladelse hertil.<br \/>\nVi kan bruge dine personoplysninger til kommercielle form\u00e5l, for eksempel for at give dig mere information om vores tjenester eller relevante produkter eller tjenester fra n\u00f8je udvalgte organisationer.<br \/>\nI s\u00e5 fald vil du kun blive informeret p\u00e5 den e-mailadresse, du har registreret.<br \/>\nHvis du ikke \u00f8nsker at modtage information om relevante produkter eller tjenester, kan du nemt angive dette ved at klikke p\u00e5 &#8220;afmeld&#8221; i den modtagne e-mail.   <\/p>\n<h2><strong><span style=\"color: #003163;\">4. Se, ret eller slet<\/span><\/strong><\/h2>\n<p>Du kan sende en anmodning om indsigt, rettelse, sletning, dataoverf\u00f8rsel af dine personoplysninger, anmodning om tilbagetr\u00e6kning af dit samtykke eller indsigelse mod behandlingen af \u200b\u200bdine personoplysninger til sales@emtech.nl.<\/p>\n<p>Du har ret til at se, rette, slette eller begr\u00e6nse behandlingen af \u200b\u200bdine personoplysninger.<br \/>\nDerudover har du ret til at tr\u00e6kke dit samtykke til databehandlingen og behandlingen af \u200b\u200bdine personoplysninger tilbage eller g\u00f8re indsigelse. <\/p>\n<p>Du har ret til dataportabilitet (&#8220;dataportabilitet&#8221;), hvis vi har digitale personoplysninger, som vi enten behandler med dit samtykke eller behandler for at udf\u00f8re en aftale, vi har indg\u00e5et med dig.<br \/>\nDet betyder, at du kan indsende en anmodning til os om de digitale personoplysninger, som vi opbevarer om dig i en l\u00e6sbar computerfil til dig eller en anden organisation, som du har angivet. <\/p>\n<p>For at sikre, at anmodningen om indsigt er fremsat af dig, beder vi dig om at vedl\u00e6gge en kopi af dit identitetsbevis til anmodningen.<br \/>\nG\u00f8r dit pasfoto, MRZ (maskinl\u00e6sbar zone, striben med numre i bunden af \u200b\u200bpasset), pasnummer og borgerservicenummer (BSN) sort i denne kopi.<br \/>\nDette er for at beskytte dit privatliv.<br \/>\nVi vil besvare din henvendelse s\u00e5 hurtigt som muligt, men inden for fire uger.<br \/>\nVi vil ogs\u00e5 gerne g\u00f8re opm\u00e6rksom p\u00e5, at du har mulighed for at indgive en klage til den nationale tilsynsmyndighed, den hollandske databeskyttelsesmyndighed.    <\/p>\n<h2><span style=\"color: #003163;\"><strong>5. Kontakt os<\/strong><\/span><\/h2>\n<p>Vi tager beskyttelsen af \u200b\u200bdine data alvorligt og tr\u00e6ffer passende foranstaltninger for at forhindre misbrug, tab, uautoriseret adgang, u\u00f8nsket offentligg\u00f8relse og uautoriseret \u00e6ndring.<br \/>\nHvis du har indtryk af, at dine data ikke er korrekt sikret, eller der er indikationer p\u00e5 misbrug, bedes du kontakte sales@emtech.nl. <\/p>\n<p><strong>EMtech Industrial Repairs bv<\/strong><br \/> R\u00e5dmand i Nunenstraat 10<br \/> 5706 TK Helmond Holland<\/p>\n<p>E-mail: sales@emtech.nl<br \/> Tlf.: +31 40 8080 100<\/p>\n<p>Handelskammer: 17192652<\/p>\n<\/header>\n\t\t\t\t\t<\/div>\n\t\t\t\t\t\t<\/div>\n\t\t\t\t<\/div>\n\t\t\t\t\t\t<\/div>\n\t\t\t\t\t<\/div>\n\t\t<\/div>\n\t\t\t\t\t\t\t\t<\/div>\n\t\t\t\t\t<\/div>\n\t\t<\/section>\n\t\t\t\t\t\t\t\t\t<\/div>\n\t\t\t<\/div>\n\t\t\t\t\t<\/div>\n\t\t","protected":false},"excerpt":{"rendered":"<p>Fortrolighedserkl\u00e6ring EMtech Dette er fortrolighedserkl\u00e6ringen for EMtech Industrial Repairs bv, som ligger i 5706 TK Helmond p\u00e5 Wethouder van Nunenstraat 10 (herefter: EMtech), www.emtech.nl. 1. Anvendelse Denne fortrolighedserkl\u00e6ring g\u00e6lder for alle privatlivsf\u00f8lsomme oplysninger eller persondata, som du giver os, for eksempel via en registreringsformular, kontaktformular eller ordrer, du afgiver. Vi l\u00e6gger stor v\u00e6gt p\u00e5 vores [&hellip;]<\/p>\n","protected":false},"author":2,"featured_media":0,"parent":0,"menu_order":0,"comment_status":"closed","ping_status":"closed","template":"","meta":{"footnotes":""},"acf":[],"yoast_head":"<!-- This site is optimized with the Yoast SEO Premium plugin v22.3 (Yoast SEO v22.3) - https:\/\/yoast.com\/wordpress\/plugins\/seo\/ -->\n<title>Fortrolighedserkl\u00e6ring | EMtech Industrial Repairs<\/title>\n<meta name=\"description\" content=\"Swift repairs based on expertise\" \/>\n<meta name=\"robots\" content=\"index, follow, max-snippet:-1, max-image-preview:large, max-video-preview:-1\" \/>\n<link rel=\"canonical\" href=\"https:\/\/emtech.nl\/privacy-statement\/\" \/>\n<meta property=\"og:locale\" content=\"da_DK\" \/>\n<meta property=\"og:type\" content=\"article\" \/>\n<meta property=\"og:title\" content=\"Fortrolighedserkl\u00e6ring\" \/>\n<meta property=\"og:description\" content=\"Swift repairs based on expertise\" \/>\n<meta property=\"og:url\" content=\"https:\/\/emtech.nl\/privacy-statement\/\" \/>\n<meta property=\"og:site_name\" content=\"EMtech Industrial Repairs\" \/>\n<meta property=\"article:modified_time\" content=\"2025-01-27T15:17:43+00:00\" \/>\n<meta property=\"og:image\" content=\"https:\/\/emtech.nl\/wp-content\/uploads\/2024\/01\/emtech_logo.png\" \/>\n\t<meta property=\"og:image:width\" content=\"1200\" \/>\n\t<meta property=\"og:image:height\" content=\"675\" \/>\n\t<meta property=\"og:image:type\" content=\"image\/png\" \/>\n<meta name=\"twitter:card\" content=\"summary_large_image\" \/>\n<meta name=\"twitter:label1\" content=\"Estimeret l\u00e6setid\" \/>\n\t<meta name=\"twitter:data1\" content=\"5 minutter\" \/>\n<script type=\"application\/ld+json\" class=\"yoast-schema-graph\">{\"@context\":\"https:\/\/schema.org\",\"@graph\":[{\"@type\":\"WebPage\",\"@id\":\"https:\/\/emtech.nl\/privacy-statement\/\",\"url\":\"https:\/\/emtech.nl\/privacy-statement\/\",\"name\":\"Fortrolighedserkl\u00e6ring | EMtech Industrial Repairs\",\"isPartOf\":{\"@id\":\"https:\/\/emtech.nl\/#website\"},\"datePublished\":\"2021-03-11T11:58:12+00:00\",\"dateModified\":\"2025-01-27T15:17:43+00:00\",\"description\":\"Swift repairs based on expertise\",\"breadcrumb\":{\"@id\":\"https:\/\/emtech.nl\/privacy-statement\/#breadcrumb\"},\"inLanguage\":\"da-DK\",\"potentialAction\":[{\"@type\":\"ReadAction\",\"target\":[\"https:\/\/emtech.nl\/privacy-statement\/\"]}]},{\"@type\":\"BreadcrumbList\",\"@id\":\"https:\/\/emtech.nl\/privacy-statement\/#breadcrumb\",\"itemListElement\":[{\"@type\":\"ListItem\",\"position\":1,\"name\":\"Home\",\"item\":\"https:\/\/emtech.nl\/\"},{\"@type\":\"ListItem\",\"position\":2,\"name\":\"Fortrolighedserkl\u00e6ring\"}]},{\"@type\":\"WebSite\",\"@id\":\"https:\/\/emtech.nl\/#website\",\"url\":\"https:\/\/emtech.nl\/\",\"name\":\"EMtech Industrial Repairs\",\"description\":\"Swift repairs based on expertise\",\"publisher\":{\"@id\":\"https:\/\/emtech.nl\/#organization\"},\"alternateName\":\"EMtech\",\"potentialAction\":[{\"@type\":\"SearchAction\",\"target\":{\"@type\":\"EntryPoint\",\"urlTemplate\":\"https:\/\/emtech.nl\/?s={search_term_string}\"},\"query-input\":\"required name=search_term_string\"}],\"inLanguage\":\"da-DK\"},{\"@type\":\"Organization\",\"@id\":\"https:\/\/emtech.nl\/#organization\",\"name\":\"EMtech Industrial Repairs bv\",\"alternateName\":\"EMtech\",\"url\":\"https:\/\/emtech.nl\/\",\"logo\":{\"@type\":\"ImageObject\",\"inLanguage\":\"da-DK\",\"@id\":\"https:\/\/emtech.nl\/#\/schema\/logo\/image\/\",\"url\":\"https:\/\/emtech.nl\/wp-content\/uploads\/2024\/02\/emtech_logo_400px_400px.jpg\",\"contentUrl\":\"https:\/\/emtech.nl\/wp-content\/uploads\/2024\/02\/emtech_logo_400px_400px.jpg\",\"width\":400,\"height\":400,\"caption\":\"EMtech Industrial Repairs bv\"},\"image\":{\"@id\":\"https:\/\/emtech.nl\/#\/schema\/logo\/image\/\"},\"sameAs\":[\"https:\/\/www.linkedin.com\/company\/emtech-industrial-repairs-bv\/\",\"https:\/\/www.youtube.com\/@emtechindustrialrepairs4219\"],\"description\":\"EMtech is een Team professionele Research & Repair Engineers met passie en focus voor reparatie van defecte industri\u00eble elektronica gevestigd in Brainport Helmond, vlak naast Eindhoven. EMtech specialiseert zich in de ondersteuning van grote continu industrie door professionele snelle reparaties van besturingselektronica.\",\"email\":\"verkoop@emtech.nl\",\"telephone\":\"+31 492 472 410\",\"legalName\":\"EMtech Industrial Repairs bv\",\"foundingDate\":\"2006-01-01\",\"vatID\":\"NL817122357B01\",\"numberOfEmployees\":{\"@type\":\"QuantitativeValue\",\"minValue\":\"11\",\"maxValue\":\"50\"}}]}<\/script>\n<!-- \/ Yoast SEO Premium plugin. -->","yoast_head_json":{"title":"Fortrolighedserkl\u00e6ring | EMtech Industrial Repairs","description":"Swift repairs based on expertise","robots":{"index":"index","follow":"follow","max-snippet":"max-snippet:-1","max-image-preview":"max-image-preview:large","max-video-preview":"max-video-preview:-1"},"canonical":"https:\/\/emtech.nl\/privacy-statement\/","og_locale":"da_DK","og_type":"article","og_title":"Fortrolighedserkl\u00e6ring","og_description":"Swift repairs based on expertise","og_url":"https:\/\/emtech.nl\/privacy-statement\/","og_site_name":"EMtech Industrial Repairs","article_modified_time":"2025-01-27T15:17:43+00:00","og_image":[{"width":1200,"height":675,"url":"https:\/\/emtech.nl\/wp-content\/uploads\/2024\/01\/emtech_logo.png","type":"image\/png"}],"twitter_card":"summary_large_image","twitter_misc":{"Estimeret l\u00e6setid":"5 minutter"},"schema":{"@context":"https:\/\/schema.org","@graph":[{"@type":"WebPage","@id":"https:\/\/emtech.nl\/privacy-statement\/","url":"https:\/\/emtech.nl\/privacy-statement\/","name":"Fortrolighedserkl\u00e6ring | EMtech Industrial Repairs","isPartOf":{"@id":"https:\/\/emtech.nl\/#website"},"datePublished":"2021-03-11T11:58:12+00:00","dateModified":"2025-01-27T15:17:43+00:00","description":"Swift repairs based on expertise","breadcrumb":{"@id":"https:\/\/emtech.nl\/privacy-statement\/#breadcrumb"},"inLanguage":"da-DK","potentialAction":[{"@type":"ReadAction","target":["https:\/\/emtech.nl\/privacy-statement\/"]}]},{"@type":"BreadcrumbList","@id":"https:\/\/emtech.nl\/privacy-statement\/#breadcrumb","itemListElement":[{"@type":"ListItem","position":1,"name":"Home","item":"https:\/\/emtech.nl\/"},{"@type":"ListItem","position":2,"name":"Fortrolighedserkl\u00e6ring"}]},{"@type":"WebSite","@id":"https:\/\/emtech.nl\/#website","url":"https:\/\/emtech.nl\/","name":"EMtech Industrial Repairs","description":"Swift repairs based on expertise","publisher":{"@id":"https:\/\/emtech.nl\/#organization"},"alternateName":"EMtech","potentialAction":[{"@type":"SearchAction","target":{"@type":"EntryPoint","urlTemplate":"https:\/\/emtech.nl\/?s={search_term_string}"},"query-input":"required name=search_term_string"}],"inLanguage":"da-DK"},{"@type":"Organization","@id":"https:\/\/emtech.nl\/#organization","name":"EMtech Industrial Repairs bv","alternateName":"EMtech","url":"https:\/\/emtech.nl\/","logo":{"@type":"ImageObject","inLanguage":"da-DK","@id":"https:\/\/emtech.nl\/#\/schema\/logo\/image\/","url":"https:\/\/emtech.nl\/wp-content\/uploads\/2024\/02\/emtech_logo_400px_400px.jpg","contentUrl":"https:\/\/emtech.nl\/wp-content\/uploads\/2024\/02\/emtech_logo_400px_400px.jpg","width":400,"height":400,"caption":"EMtech Industrial Repairs bv"},"image":{"@id":"https:\/\/emtech.nl\/#\/schema\/logo\/image\/"},"sameAs":["https:\/\/www.linkedin.com\/company\/emtech-industrial-repairs-bv\/","https:\/\/www.youtube.com\/@emtechindustrialrepairs4219"],"description":"EMtech is een Team professionele Research & Repair Engineers met passie en focus voor reparatie van defecte industri\u00eble elektronica gevestigd in Brainport Helmond, vlak naast Eindhoven. EMtech specialiseert zich in de ondersteuning van grote continu industrie door professionele snelle reparaties van besturingselektronica.","email":"verkoop@emtech.nl","telephone":"+31 492 472 410","legalName":"EMtech Industrial Repairs bv","foundingDate":"2006-01-01","vatID":"NL817122357B01","numberOfEmployees":{"@type":"QuantitativeValue","minValue":"11","maxValue":"50"}}]}},"_links":{"self":[{"href":"https:\/\/emtech.nl\/da\/wp-json\/wp\/v2\/pages\/1136579"}],"collection":[{"href":"https:\/\/emtech.nl\/da\/wp-json\/wp\/v2\/pages"}],"about":[{"href":"https:\/\/emtech.nl\/da\/wp-json\/wp\/v2\/types\/page"}],"author":[{"embeddable":true,"href":"https:\/\/emtech.nl\/da\/wp-json\/wp\/v2\/users\/2"}],"replies":[{"embeddable":true,"href":"https:\/\/emtech.nl\/da\/wp-json\/wp\/v2\/comments?post=1136579"}],"version-history":[{"count":0,"href":"https:\/\/emtech.nl\/da\/wp-json\/wp\/v2\/pages\/1136579\/revisions"}],"wp:attachment":[{"href":"https:\/\/emtech.nl\/da\/wp-json\/wp\/v2\/media?parent=1136579"}],"curies":[{"name":"wp","href":"https:\/\/api.w.org\/{rel}","templated":true}]}}